{"id":1665,"date":"2025-06-28T11:49:17","date_gmt":"2025-06-28T09:49:17","guid":{"rendered":"https:\/\/uj.adatbank.ro\/lexikon\/termek\/agyagasi-sandor-boloni\/"},"modified":"2025-06-28T11:49:17","modified_gmt":"2025-06-28T09:49:17","slug":"agyagasi-sandor-boloni","status":"publish","type":"product","link":"https:\/\/uj.adatbank.ro\/lexikon\/termek\/agyagasi-sandor-boloni\/","title":{"rendered":"AGYAG\u00c1SI S\u00e1ndor, b\u00f6l\u00f6ni"},"content":{"rendered":"<p>Somosd, 1846., \u2020 ? : tan\u00edt\u00f3. \u2013 Apja ref. lelk\u00e9sz. \u00c1llami tan\u00edt\u00f3 volt Dics\u0151szentm\u00e1rtonban. N\u00e9ptan\u00edt\u00f3i jutalmat kapott az EMKE-t\u0151l (1907). Verseit \u00e9s cikkeit k\u00f6z\u00f6lte: A Csal\u00e1d \u00e9s Iskola \u00e9s a Kisk\u00fck\u00fcll\u0151 c. lapok. <br \/><strong>Irod.:<\/strong> Guly\u00e1s; P\u00e1lmay; S\u00e1ndor<\/br><\/p>\n","protected":false},"excerpt":{"rendered":"<p>Somosd, 1846., \u2020 ? : tan\u00edt\u00f3. \u2013 Apja ref. lelk\u00e9sz. \u00c1llami tan\u00edt\u00f3 volt Dics\u0151szentm\u00e1rtonban. N\u00e9ptan\u00edt\u00f3i jutalmat kapott az EMKE-t\u0151l (1907). Verseit \u00e9s cikkeit k\u00f6z\u00f6lte: A Csal\u00e1d \u00e9s Iskola \u00e9s a Kisk\u00fck\u00fcll\u0151 c. lapok. Irod.: Guly\u00e1s; P\u00e1lmay; S\u00e1ndor<\/p>\n","protected":false},"featured_media":0,"comment_status":"open","ping_status":"closed","template":"","meta":[],"product_brand":[],"product_cat":[137],"product_tag":[],"class_list":{"0":"post-1665","1":"product","2":"type-product","3":"status-publish","5":"product_cat-maros-megyei-eletrajzi-lexikon","7":"first","8":"instock","9":"shipping-taxable","10":"product-type-simple"},"_links":{"self":[{"href":"https:\/\/uj.adatbank.ro\/lexikon\/wp-json\/wp\/v2\/product\/1665","targetHints":{"allow":["GET"]}}],"collection":[{"href":"https:\/\/uj.adatbank.ro\/lexikon\/wp-json\/wp\/v2\/product"}],"about":[{"href":"https:\/\/uj.adatbank.ro\/lexikon\/wp-json\/wp\/v2\/types\/product"}],"replies":[{"embeddable":true,"href":"https:\/\/uj.adatbank.ro\/lexikon\/wp-json\/wp\/v2\/comments?post=1665"}],"wp:attachment":[{"href":"https:\/\/uj.adatbank.ro\/lexikon\/wp-json\/wp\/v2\/media?parent=1665"}],"wp:term":[{"taxonomy":"product_brand","embeddable":true,"href":"https:\/\/uj.adatbank.ro\/lexikon\/wp-json\/wp\/v2\/product_brand?post=1665"},{"taxonomy":"product_cat","embeddable":true,"href":"https:\/\/uj.adatbank.ro\/lexikon\/wp-json\/wp\/v2\/product_cat?post=1665"},{"taxonomy":"product_tag","embeddable":true,"href":"https:\/\/uj.adatbank.ro\/lexikon\/wp-json\/wp\/v2\/product_tag?post=1665"}],"curies":[{"name":"wp","href":"https:\/\/api.w.org\/{rel}","templated":true}]}}