{"id":1666,"date":"2025-06-28T11:49:20","date_gmt":"2025-06-28T09:49:20","guid":{"rendered":"https:\/\/uj.adatbank.ro\/lexikon\/termek\/agyagasi-vidor-%c2%a7-boloni\/"},"modified":"2025-06-28T11:49:20","modified_gmt":"2025-06-28T09:49:20","slug":"agyagasi-vidor-%c2%a7-boloni","status":"publish","type":"product","link":"https:\/\/uj.adatbank.ro\/lexikon\/termek\/agyagasi-vidor-%c2%a7-boloni\/","title":{"rendered":"AGYAG\u00c1SI Vidor, \u00a7 b\u00f6l\u00f6ni"},"content":{"rendered":"<p>1860., \u2020 Mv., 1929. m\u00e1j. 20.: tan\u00e1r. \u2013 A. K\u00e1roly \u00f6ccse. \u2013 Mv.-en a k\u00f6zs\u00e9gi polg\u00e1ri fi\u00faiskola mat.-tan\u00e1ra, a kereskedelmi sz\u00e1mtant \u00e9s k\u00f6nyvvitelt (1887. febr. 26.\u2013) is tan\u00edtott, valamint f\u00f6ldrajzot \u00e9s k\u00f6nyvvitelt az \u0150n\u00e1ll\u00f3 Kereskedelmi Tanonciskol\u00e1ban (1895). A Turbina\u00e1rok Marosba \u00f6ml\u00e9s\u00e9n\u00e9l, a Nagybolyg\u00f3n\u00e1l megalap\u00edtott\u00e1k el\u0151bb az Agyag\u00e1si F\u00fcrd\u0151t\u00e1rsas\u00e1got, majd f\u00fcrd\u0151t rendeztek be. Ez lett a v\u00e1s\u00e1rhelyiek kedvenc v\u00edzparti sz\u00f3rakoz\u00f3helye. Ker\u00e9kp\u00e1ros sportol\u00f3k\u00e9nt a Mv.-i Ker\u00e9kp\u00e1r Egyletnek megalakul\u00e1s\u00e1t\u00f3l (1888. m\u00e1rc. 5.\u2013) titk\u00e1ra, az MSE alap\u00edt\u00f3 tagja (1898), az EMKE p\u00e1rtol\u00f3 tagja. <br \/><strong>Irod.:<\/strong> Csepreghy 2010; Gy\u00e1szjelent\u0151; Id\u0151t\u00e1r 2.; Id\u0151t\u00e1r 3.; Illy\u00e9s; Nemes; Nurids\u00e1ny Tibor: 100 \u00e9ve alakult meg a Mv.-i Sport Egylet \u2013 MSE (N\u00fa., 1998. jan. 16); \u00d6kr\u00f6s; P\u00e1lmay; S\u00e1ndor; Schack B\u00e9la: Kereskedelmi iskol\u00e1ink \u00e9s tan\u00e1rai a Millenium esztendej\u00e9ben (Bp., 1896); Sik\u00f3ssy; Sipos; V\u00e1rter\u00e9sz Istv\u00e1n: K\u00e9t ker\u00e9ken \u2013 95 \u00e9vvel ezel\u0151tt (V. Z., 1983. j\u00fal. 3.)<\/br><\/p>\n","protected":false},"excerpt":{"rendered":"<p>1860., \u2020 Mv., 1929. m\u00e1j. 20.: tan\u00e1r. \u2013 A. K\u00e1roly \u00f6ccse. \u2013 Mv.-en a k\u00f6zs\u00e9gi polg\u00e1ri fi\u00faiskola mat.-tan\u00e1ra, a kereskedelmi sz\u00e1mtant \u00e9s k\u00f6nyvvitelt (1887. febr. 26.\u2013) is tan\u00edtott, valamint f\u00f6ldrajzot \u00e9s k\u00f6nyvvitelt az \u0150n\u00e1ll\u00f3 Kereskedelmi Tanonciskol\u00e1ban (1895). A Turbina\u00e1rok Marosba \u00f6ml\u00e9s\u00e9n\u00e9l, a Nagybolyg\u00f3n\u00e1l megalap\u00edtott\u00e1k el\u0151bb az Agyag\u00e1si F\u00fcrd\u0151t\u00e1rsas\u00e1got, majd f\u00fcrd\u0151t rendeztek be. Ez lett a [&hellip;]<\/p>\n","protected":false},"featured_media":0,"comment_status":"open","ping_status":"closed","template":"","meta":[],"product_brand":[],"product_cat":[137],"product_tag":[],"class_list":{"0":"post-1666","1":"product","2":"type-product","3":"status-publish","5":"product_cat-maros-megyei-eletrajzi-lexikon","7":"first","8":"instock","9":"shipping-taxable","10":"product-type-simple"},"_links":{"self":[{"href":"https:\/\/uj.adatbank.ro\/lexikon\/wp-json\/wp\/v2\/product\/1666","targetHints":{"allow":["GET"]}}],"collection":[{"href":"https:\/\/uj.adatbank.ro\/lexikon\/wp-json\/wp\/v2\/product"}],"about":[{"href":"https:\/\/uj.adatbank.ro\/lexikon\/wp-json\/wp\/v2\/types\/product"}],"replies":[{"embeddable":true,"href":"https:\/\/uj.adatbank.ro\/lexikon\/wp-json\/wp\/v2\/comments?post=1666"}],"wp:attachment":[{"href":"https:\/\/uj.adatbank.ro\/lexikon\/wp-json\/wp\/v2\/media?parent=1666"}],"wp:term":[{"taxonomy":"product_brand","embeddable":true,"href":"https:\/\/uj.adatbank.ro\/lexikon\/wp-json\/wp\/v2\/product_brand?post=1666"},{"taxonomy":"product_cat","embeddable":true,"href":"https:\/\/uj.adatbank.ro\/lexikon\/wp-json\/wp\/v2\/product_cat?post=1666"},{"taxonomy":"product_tag","embeddable":true,"href":"https:\/\/uj.adatbank.ro\/lexikon\/wp-json\/wp\/v2\/product_tag?post=1666"}],"curies":[{"name":"wp","href":"https:\/\/api.w.org\/{rel}","templated":true}]}}