{"id":1667,"date":"2025-06-28T11:49:23","date_gmt":"2025-06-28T09:49:23","guid":{"rendered":"https:\/\/uj.adatbank.ro\/lexikon\/termek\/agyagasy-gabor\/"},"modified":"2025-06-28T11:49:23","modified_gmt":"2025-06-28T09:49:23","slug":"agyagasy-gabor","status":"publish","type":"product","link":"https:\/\/uj.adatbank.ro\/lexikon\/termek\/agyagasy-gabor\/","title":{"rendered":"AGYAG\u00c1SY G\u00e1bor"},"content":{"rendered":"<p>Felvinc, 1885., \u2020 ? : k\u00f6rjegyz\u0151. \u2013 A k\u00f6z\u00e9piskol\u00e1it Nagyenyeden, a k\u00f6zigazgat\u00e1si tanfolyamot Mv-en v\u00e9gezte, jegyz\u0151i oklevelet nyert (1906). Mint gyakornok Alvincen kezdte m\u0171k\u00f6d\u00e9s\u00e9t, Hossz\u00faasz\u00f3n seg\u00e9djegyz\u0151, Kiskapuson (1910\u201340) jegyz\u0151, Marosfelfaluban k\u00f6rjegyz\u0151 (1940\u2013). Az els\u0151 vh.-ban a menek\u00fclt-\u00fcgyek szervez\u00e9s\u00e9vel foglalkozott, ez\u00e9rt I Ferenc J\u00f3zsef a III. oszt. polg\u00e1ri \u00e9rdemkereszttel t\u00fcntette ki. <br \/><strong>Irod.:<\/strong> Sz\u00e9kelyf\u00f6ld \u00ed. k.<\/br><\/p>\n","protected":false},"excerpt":{"rendered":"<p>Felvinc, 1885., \u2020 ? : k\u00f6rjegyz\u0151. \u2013 A k\u00f6z\u00e9piskol\u00e1it Nagyenyeden, a k\u00f6zigazgat\u00e1si tanfolyamot Mv-en v\u00e9gezte, jegyz\u0151i oklevelet nyert (1906). Mint gyakornok Alvincen kezdte m\u0171k\u00f6d\u00e9s\u00e9t, Hossz\u00faasz\u00f3n seg\u00e9djegyz\u0151, Kiskapuson (1910\u201340) jegyz\u0151, Marosfelfaluban k\u00f6rjegyz\u0151 (1940\u2013). Az els\u0151 vh.-ban a menek\u00fclt-\u00fcgyek szervez\u00e9s\u00e9vel foglalkozott, ez\u00e9rt I Ferenc J\u00f3zsef a III. oszt. polg\u00e1ri \u00e9rdemkereszttel t\u00fcntette ki. Irod.: Sz\u00e9kelyf\u00f6ld \u00ed. k.<\/p>\n","protected":false},"featured_media":0,"comment_status":"open","ping_status":"closed","template":"","meta":[],"product_brand":[],"product_cat":[137],"product_tag":[],"class_list":{"0":"post-1667","1":"product","2":"type-product","3":"status-publish","5":"product_cat-maros-megyei-eletrajzi-lexikon","7":"first","8":"instock","9":"shipping-taxable","10":"product-type-simple"},"_links":{"self":[{"href":"https:\/\/uj.adatbank.ro\/lexikon\/wp-json\/wp\/v2\/product\/1667","targetHints":{"allow":["GET"]}}],"collection":[{"href":"https:\/\/uj.adatbank.ro\/lexikon\/wp-json\/wp\/v2\/product"}],"about":[{"href":"https:\/\/uj.adatbank.ro\/lexikon\/wp-json\/wp\/v2\/types\/product"}],"replies":[{"embeddable":true,"href":"https:\/\/uj.adatbank.ro\/lexikon\/wp-json\/wp\/v2\/comments?post=1667"}],"wp:attachment":[{"href":"https:\/\/uj.adatbank.ro\/lexikon\/wp-json\/wp\/v2\/media?parent=1667"}],"wp:term":[{"taxonomy":"product_brand","embeddable":true,"href":"https:\/\/uj.adatbank.ro\/lexikon\/wp-json\/wp\/v2\/product_brand?post=1667"},{"taxonomy":"product_cat","embeddable":true,"href":"https:\/\/uj.adatbank.ro\/lexikon\/wp-json\/wp\/v2\/product_cat?post=1667"},{"taxonomy":"product_tag","embeddable":true,"href":"https:\/\/uj.adatbank.ro\/lexikon\/wp-json\/wp\/v2\/product_tag?post=1667"}],"curies":[{"name":"wp","href":"https:\/\/api.w.org\/{rel}","templated":true}]}}