{"id":16674,"date":"2025-07-15T23:26:23","date_gmt":"2025-07-15T21:26:23","guid":{"rendered":"https:\/\/uj.adatbank.ro\/lexikon\/termek\/nemes-istvan-dr\/"},"modified":"2025-07-15T23:26:23","modified_gmt":"2025-07-15T21:26:23","slug":"nemes-istvan-dr","status":"publish","type":"product","link":"https:\/\/uj.adatbank.ro\/lexikon\/termek\/nemes-istvan-dr\/","title":{"rendered":"NEMES Istv\u00e1n, dr."},"content":{"rendered":"<p>Sz\u00e9kelyszentistv\u00e1n, 1928. m\u00e1rc. 14., \u2020 Mv., 1985. m\u00e1rc. 3.: orvos. \u2013 K\u00f6z\u00e9piskol\u00e1t a mv.-i Ref. Koll.-ban v\u00e9gzett (1947), ugyanitt az OGYI orvosi kar\u00e1n szerzett diplom\u00e1t (1953). P\u00e1ly\u00e1j\u00e1t a K\u00f3r\u00e9lettani tansz\u00e9ken kezdte mint gyakornok, azt\u00e1n tan\u00e1rseg\u00e9d, adjunktus, el\u0151ad\u00f3tan\u00e1r a Gy\u00f3gyszer\u00e9szeti Kar Anat\u00f3mia-\u00c9lettani \u00e9s K\u00f3rtani tansz\u00e9k\u00e9n (1978\u2013), az orvostudom\u00e1nyok doktora (1971). Szak\u00edr\u00f3, tanulm\u00e1nyai a v\u00e9ralvad\u00e1s \u00e9s a m\u00e1jbetegs\u00e9gek, daganatos \u00e9s sz\u00edv-\u00e9rrendszeri betegs\u00e9gek k\u00f6z\u00f6tti \u00f6sszef\u00fcgg\u00e9sekr\u0151l, a hajsz\u00e1l\u00e9rfal \u00e1tereszt\u0151k\u00e9pess\u00e9g\u00e9nek viselked\u00e9s\u00e9r\u0151l a v\u00e9ralvad\u00e1si t\u00e9nyez\u0151kkel szemben, valamint egyes gy\u00f3gyn\u00f6v\u00e9nyek antilip\u00e9mi\u00e1s \u00e9s antikoagul\u00e1ns hat\u00e1s\u00e1r\u00f3l hazai \u00e9s k\u00fclf\u00f6ldi foly\u00f3iratokban jelentek meg : Orvosi Szemle-Revista Medical\u0103, Revista Medico-Chirurgical\u0103, Studii \u015fi Cercet\u0103ri de Medicin\u0103, Spitalul, Orvosi Hetilap, Acta physiologica Academiae Scientarium Hungaricae, Biochemical Pharmacology, La Medicina del Lavoro;. ismeretterjeszt\u0151 cikkeit: A H\u00e9t, El\u0151re, V\u00f6r\u00f6s Z\u00e1szl\u00f3 k\u00f6z\u00f6lte. \u2013 <strong>F. m.:<\/strong> <strong>t\u00e1rssz.:<\/strong> Klinikai laborat\u00f3riumi vizsg\u00e1latok (Mv., 1955, 1956, 1959); K\u00f3r\u00e9lettani jegyzet (Mv., 1956, 1959). <br \/><strong>Irod.:<\/strong>Genersich; Kiss Cs. M 4. RMIL; [Nekrol\u00f3g] (V.Z., 1985. m\u00e1rc. 6.)<\/br><\/p>\n","protected":false},"excerpt":{"rendered":"<p>Sz\u00e9kelyszentistv\u00e1n, 1928. m\u00e1rc. 14., \u2020 Mv., 1985. m\u00e1rc. 3.: orvos. \u2013 K\u00f6z\u00e9piskol\u00e1t a mv.-i Ref. Koll.-ban v\u00e9gzett (1947), ugyanitt az OGYI orvosi kar\u00e1n szerzett diplom\u00e1t (1953). P\u00e1ly\u00e1j\u00e1t a K\u00f3r\u00e9lettani tansz\u00e9ken kezdte mint gyakornok, azt\u00e1n tan\u00e1rseg\u00e9d, adjunktus, el\u0151ad\u00f3tan\u00e1r a Gy\u00f3gyszer\u00e9szeti Kar Anat\u00f3mia-\u00c9lettani \u00e9s K\u00f3rtani tansz\u00e9k\u00e9n (1978\u2013), az orvostudom\u00e1nyok doktora (1971). Szak\u00edr\u00f3, tanulm\u00e1nyai a v\u00e9ralvad\u00e1s \u00e9s a [&hellip;]<\/p>\n","protected":false},"featured_media":0,"comment_status":"open","ping_status":"closed","template":"","meta":[],"product_brand":[],"product_cat":[137],"product_tag":[],"class_list":{"0":"post-16674","1":"product","2":"type-product","3":"status-publish","5":"product_cat-maros-megyei-eletrajzi-lexikon","7":"first","8":"instock","9":"shipping-taxable","10":"product-type-simple"},"_links":{"self":[{"href":"https:\/\/uj.adatbank.ro\/lexikon\/wp-json\/wp\/v2\/product\/16674","targetHints":{"allow":["GET"]}}],"collection":[{"href":"https:\/\/uj.adatbank.ro\/lexikon\/wp-json\/wp\/v2\/product"}],"about":[{"href":"https:\/\/uj.adatbank.ro\/lexikon\/wp-json\/wp\/v2\/types\/product"}],"replies":[{"embeddable":true,"href":"https:\/\/uj.adatbank.ro\/lexikon\/wp-json\/wp\/v2\/comments?post=16674"}],"wp:attachment":[{"href":"https:\/\/uj.adatbank.ro\/lexikon\/wp-json\/wp\/v2\/media?parent=16674"}],"wp:term":[{"taxonomy":"product_brand","embeddable":true,"href":"https:\/\/uj.adatbank.ro\/lexikon\/wp-json\/wp\/v2\/product_brand?post=16674"},{"taxonomy":"product_cat","embeddable":true,"href":"https:\/\/uj.adatbank.ro\/lexikon\/wp-json\/wp\/v2\/product_cat?post=16674"},{"taxonomy":"product_tag","embeddable":true,"href":"https:\/\/uj.adatbank.ro\/lexikon\/wp-json\/wp\/v2\/product_tag?post=16674"}],"curies":[{"name":"wp","href":"https:\/\/api.w.org\/{rel}","templated":true}]}}