{"id":16679,"date":"2025-07-15T23:26:32","date_gmt":"2025-07-15T21:26:32","guid":{"rendered":"https:\/\/uj.adatbank.ro\/lexikon\/termek\/nemes-janos-aknay\/"},"modified":"2025-07-15T23:26:32","modified_gmt":"2025-07-15T21:26:32","slug":"nemes-janos-aknay","status":"publish","type":"product","link":"https:\/\/uj.adatbank.ro\/lexikon\/termek\/nemes-janos-aknay\/","title":{"rendered":"NEMES J\u00e1nos, aknay"},"content":{"rendered":"<p>1829.? \u2020 Mv., 1882. m\u00e1j. 22.:, ref. egyh\u00e1zfi. \u2013 Testv\u00e9re: N. \u00c1d\u00e1m. Feles\u00e9ge: Nagy Katalin (1839 \u2013 Mv., 1889. szept. 30). Gyermekeik. N. Anna Sequena Ferencn\u00e9; K\u00e1lm\u00e1n; J\u00f3zsef; J\u00e1nos, Erzsi..<br \/><strong>Irod.:<\/strong> Gy\u00e1szjelent\u0151<\/br><\/p>\n","protected":false},"excerpt":{"rendered":"<p>1829.? \u2020 Mv., 1882. m\u00e1j. 22.:, ref. egyh\u00e1zfi. \u2013 Testv\u00e9re: N. \u00c1d\u00e1m. Feles\u00e9ge: Nagy Katalin (1839 \u2013 Mv., 1889. szept. 30). Gyermekeik. N. Anna Sequena Ferencn\u00e9; K\u00e1lm\u00e1n; J\u00f3zsef; J\u00e1nos, Erzsi..Irod.: Gy\u00e1szjelent\u0151<\/p>\n","protected":false},"featured_media":0,"comment_status":"open","ping_status":"closed","template":"","meta":[],"product_brand":[],"product_cat":[137],"product_tag":[],"class_list":{"0":"post-16679","1":"product","2":"type-product","3":"status-publish","5":"product_cat-maros-megyei-eletrajzi-lexikon","7":"first","8":"instock","9":"shipping-taxable","10":"product-type-simple"},"_links":{"self":[{"href":"https:\/\/uj.adatbank.ro\/lexikon\/wp-json\/wp\/v2\/product\/16679","targetHints":{"allow":["GET"]}}],"collection":[{"href":"https:\/\/uj.adatbank.ro\/lexikon\/wp-json\/wp\/v2\/product"}],"about":[{"href":"https:\/\/uj.adatbank.ro\/lexikon\/wp-json\/wp\/v2\/types\/product"}],"replies":[{"embeddable":true,"href":"https:\/\/uj.adatbank.ro\/lexikon\/wp-json\/wp\/v2\/comments?post=16679"}],"wp:attachment":[{"href":"https:\/\/uj.adatbank.ro\/lexikon\/wp-json\/wp\/v2\/media?parent=16679"}],"wp:term":[{"taxonomy":"product_brand","embeddable":true,"href":"https:\/\/uj.adatbank.ro\/lexikon\/wp-json\/wp\/v2\/product_brand?post=16679"},{"taxonomy":"product_cat","embeddable":true,"href":"https:\/\/uj.adatbank.ro\/lexikon\/wp-json\/wp\/v2\/product_cat?post=16679"},{"taxonomy":"product_tag","embeddable":true,"href":"https:\/\/uj.adatbank.ro\/lexikon\/wp-json\/wp\/v2\/product_tag?post=16679"}],"curies":[{"name":"wp","href":"https:\/\/api.w.org\/{rel}","templated":true}]}}