{"id":1668,"date":"2025-06-28T11:49:25","date_gmt":"2025-06-28T09:49:25","guid":{"rendered":"https:\/\/uj.adatbank.ro\/lexikon\/termek\/aichelburg-arnold-hugo-pottenhoffi-baro\/"},"modified":"2025-06-28T11:49:25","modified_gmt":"2025-06-28T09:49:25","slug":"aichelburg-arnold-hugo-pottenhoffi-baro","status":"publish","type":"product","link":"https:\/\/uj.adatbank.ro\/lexikon\/termek\/aichelburg-arnold-hugo-pottenhoffi-baro\/","title":{"rendered":"AICHELBURG Arnold Hug\u00f3, pottenhoffi b\u00e1r\u00f3"},"content":{"rendered":"<p>Segesv\u00e1r, 1879. okt. 5. \u2020 Nagyszeben, 1944. febr. 15. <br \/><strong>Irod.:<\/strong> Gudenus<\/br><\/p>\n","protected":false},"excerpt":{"rendered":"<p>Segesv\u00e1r, 1879. okt. 5. \u2020 Nagyszeben, 1944. febr. 15. Irod.: Gudenus<\/p>\n","protected":false},"featured_media":0,"comment_status":"open","ping_status":"closed","template":"","meta":[],"product_brand":[],"product_cat":[137],"product_tag":[],"class_list":{"0":"post-1668","1":"product","2":"type-product","3":"status-publish","5":"product_cat-maros-megyei-eletrajzi-lexikon","7":"first","8":"instock","9":"shipping-taxable","10":"product-type-simple"},"_links":{"self":[{"href":"https:\/\/uj.adatbank.ro\/lexikon\/wp-json\/wp\/v2\/product\/1668","targetHints":{"allow":["GET"]}}],"collection":[{"href":"https:\/\/uj.adatbank.ro\/lexikon\/wp-json\/wp\/v2\/product"}],"about":[{"href":"https:\/\/uj.adatbank.ro\/lexikon\/wp-json\/wp\/v2\/types\/product"}],"replies":[{"embeddable":true,"href":"https:\/\/uj.adatbank.ro\/lexikon\/wp-json\/wp\/v2\/comments?post=1668"}],"wp:attachment":[{"href":"https:\/\/uj.adatbank.ro\/lexikon\/wp-json\/wp\/v2\/media?parent=1668"}],"wp:term":[{"taxonomy":"product_brand","embeddable":true,"href":"https:\/\/uj.adatbank.ro\/lexikon\/wp-json\/wp\/v2\/product_brand?post=1668"},{"taxonomy":"product_cat","embeddable":true,"href":"https:\/\/uj.adatbank.ro\/lexikon\/wp-json\/wp\/v2\/product_cat?post=1668"},{"taxonomy":"product_tag","embeddable":true,"href":"https:\/\/uj.adatbank.ro\/lexikon\/wp-json\/wp\/v2\/product_tag?post=1668"}],"curies":[{"name":"wp","href":"https:\/\/api.w.org\/{rel}","templated":true}]}}