{"id":16681,"date":"2025-07-15T23:26:35","date_gmt":"2025-07-15T21:26:35","guid":{"rendered":"https:\/\/uj.adatbank.ro\/lexikon\/termek\/nemes-janos-hidvegi-es-oltszemi-gr-2\/"},"modified":"2025-07-15T23:26:35","modified_gmt":"2025-07-15T21:26:35","slug":"nemes-janos-hidvegi-es-oltszemi-gr-2","status":"publish","type":"product","link":"https:\/\/uj.adatbank.ro\/lexikon\/termek\/nemes-janos-hidvegi-es-oltszemi-gr-2\/","title":{"rendered":"NEMES J\u00e1nos, hidv\u00e9gi \u00e9s oltszemi gr."},"content":{"rendered":"<p>? \u2020 ?: f\u0151kir\u00e1lyb\u00edr\u00f3, v.b.t.t. \u2013 N. \u00c1d\u00e1m (\u2020 1765) \u00e9s somogyomi Tordai Zsuzsanna fia. Feles\u00e9ge: Miske Ter\u00e9z. Gyermekei: \u00c1d\u00e1m (1767\u20131832),. Zsuzsa (\u2020 1820), Anna-Wass Mikl\u00f3sn\u00e9 (1744\u20131829) A kir. t\u00e1bla \u00fcln\u00f6ke (1717\u201329), Marossz\u00e9k f\u0151kir\u00e1lyb\u00edr\u00f3ja (1764\u201367). <br \/><strong>Irod.:<\/strong> Kr\u00f3n. F\u00fcz. (1939.4\/9); Mv.-i \u00f6rm\u00e9nyek; P\u00e1l-Antal; P\u00e1lmay 2; Teleki S\u00e1muel peregrin\u00e1ci\u00f3s napl\u00f3ja; Tr\u00f3cs\u00e1nyi 1988<\/br><\/p>\n","protected":false},"excerpt":{"rendered":"<p>? \u2020 ?: f\u0151kir\u00e1lyb\u00edr\u00f3, v.b.t.t. \u2013 N. \u00c1d\u00e1m (\u2020 1765) \u00e9s somogyomi Tordai Zsuzsanna fia. Feles\u00e9ge: Miske Ter\u00e9z. Gyermekei: \u00c1d\u00e1m (1767\u20131832),. Zsuzsa (\u2020 1820), Anna-Wass Mikl\u00f3sn\u00e9 (1744\u20131829) A kir. t\u00e1bla \u00fcln\u00f6ke (1717\u201329), Marossz\u00e9k f\u0151kir\u00e1lyb\u00edr\u00f3ja (1764\u201367). Irod.: Kr\u00f3n. F\u00fcz. (1939.4\/9); Mv.-i \u00f6rm\u00e9nyek; P\u00e1l-Antal; P\u00e1lmay 2; Teleki S\u00e1muel peregrin\u00e1ci\u00f3s napl\u00f3ja; Tr\u00f3cs\u00e1nyi 1988<\/p>\n","protected":false},"featured_media":0,"comment_status":"open","ping_status":"closed","template":"","meta":[],"product_brand":[],"product_cat":[137],"product_tag":[],"class_list":{"0":"post-16681","1":"product","2":"type-product","3":"status-publish","5":"product_cat-maros-megyei-eletrajzi-lexikon","7":"first","8":"instock","9":"shipping-taxable","10":"product-type-simple"},"_links":{"self":[{"href":"https:\/\/uj.adatbank.ro\/lexikon\/wp-json\/wp\/v2\/product\/16681","targetHints":{"allow":["GET"]}}],"collection":[{"href":"https:\/\/uj.adatbank.ro\/lexikon\/wp-json\/wp\/v2\/product"}],"about":[{"href":"https:\/\/uj.adatbank.ro\/lexikon\/wp-json\/wp\/v2\/types\/product"}],"replies":[{"embeddable":true,"href":"https:\/\/uj.adatbank.ro\/lexikon\/wp-json\/wp\/v2\/comments?post=16681"}],"wp:attachment":[{"href":"https:\/\/uj.adatbank.ro\/lexikon\/wp-json\/wp\/v2\/media?parent=16681"}],"wp:term":[{"taxonomy":"product_brand","embeddable":true,"href":"https:\/\/uj.adatbank.ro\/lexikon\/wp-json\/wp\/v2\/product_brand?post=16681"},{"taxonomy":"product_cat","embeddable":true,"href":"https:\/\/uj.adatbank.ro\/lexikon\/wp-json\/wp\/v2\/product_cat?post=16681"},{"taxonomy":"product_tag","embeddable":true,"href":"https:\/\/uj.adatbank.ro\/lexikon\/wp-json\/wp\/v2\/product_tag?post=16681"}],"curies":[{"name":"wp","href":"https:\/\/api.w.org\/{rel}","templated":true}]}}