{"id":16683,"date":"2025-07-15T23:26:37","date_gmt":"2025-07-15T21:26:37","guid":{"rendered":"https:\/\/uj.adatbank.ro\/lexikon\/termek\/nemes-jeno\/"},"modified":"2025-07-15T23:26:37","modified_gmt":"2025-07-15T21:26:37","slug":"nemes-jeno","status":"publish","type":"product","link":"https:\/\/uj.adatbank.ro\/lexikon\/termek\/nemes-jeno\/","title":{"rendered":"NEMES Jen\u0151"},"content":{"rendered":"<p>Mez\u0151viszolya, 931. dec. 7., \u2020 ?: eg\u00e9szs\u00e9g\u00fcgyi aszisztens, galamb\u00e1sz.Cikkei a galambokr\u00f3l. \u2013 Irod.<\/br><\/p>\n","protected":false},"excerpt":{"rendered":"<p>Mez\u0151viszolya, 931. dec. 7., \u2020 ?: eg\u00e9szs\u00e9g\u00fcgyi aszisztens, galamb\u00e1sz.Cikkei a galambokr\u00f3l. \u2013 Irod.<\/p>\n","protected":false},"featured_media":0,"comment_status":"open","ping_status":"closed","template":"","meta":[],"product_brand":[],"product_cat":[137],"product_tag":[],"class_list":{"0":"post-16683","1":"product","2":"type-product","3":"status-publish","5":"product_cat-maros-megyei-eletrajzi-lexikon","7":"first","8":"instock","9":"shipping-taxable","10":"product-type-simple"},"_links":{"self":[{"href":"https:\/\/uj.adatbank.ro\/lexikon\/wp-json\/wp\/v2\/product\/16683","targetHints":{"allow":["GET"]}}],"collection":[{"href":"https:\/\/uj.adatbank.ro\/lexikon\/wp-json\/wp\/v2\/product"}],"about":[{"href":"https:\/\/uj.adatbank.ro\/lexikon\/wp-json\/wp\/v2\/types\/product"}],"replies":[{"embeddable":true,"href":"https:\/\/uj.adatbank.ro\/lexikon\/wp-json\/wp\/v2\/comments?post=16683"}],"wp:attachment":[{"href":"https:\/\/uj.adatbank.ro\/lexikon\/wp-json\/wp\/v2\/media?parent=16683"}],"wp:term":[{"taxonomy":"product_brand","embeddable":true,"href":"https:\/\/uj.adatbank.ro\/lexikon\/wp-json\/wp\/v2\/product_brand?post=16683"},{"taxonomy":"product_cat","embeddable":true,"href":"https:\/\/uj.adatbank.ro\/lexikon\/wp-json\/wp\/v2\/product_cat?post=16683"},{"taxonomy":"product_tag","embeddable":true,"href":"https:\/\/uj.adatbank.ro\/lexikon\/wp-json\/wp\/v2\/product_tag?post=16683"}],"curies":[{"name":"wp","href":"https:\/\/api.w.org\/{rel}","templated":true}]}}