{"id":16686,"date":"2025-07-15T23:26:42","date_gmt":"2025-07-15T21:26:42","guid":{"rendered":"https:\/\/uj.adatbank.ro\/lexikon\/termek\/nemes-jozsef-2\/"},"modified":"2025-07-15T23:26:42","modified_gmt":"2025-07-15T21:26:42","slug":"nemes-jozsef-2","status":"publish","type":"product","link":"https:\/\/uj.adatbank.ro\/lexikon\/termek\/nemes-jozsef-2\/","title":{"rendered":"NEMES J\u00f3zsef"},"content":{"rendered":"<p>? \u2020 ?: tan\u00e1r, k\u00f6nyvt\u00e1ros, bankp\u00e9nzt\u00e1ros. \u2013 Koll\u00e9giumi tan\u00e1r, k\u00f6nyvt\u00e1ros a Teleki T\u00e9k\u00e1ban (1896\u20131907). <br \/><strong>Irod.:<\/strong> B\u00e1nyai R\u00e9ka: Egy k\u00f6nyvt\u00e1r mindennapjai = K\u00f6nyvek \u00e1ltal \u2026; A mv.-i Ev. Ref. Kollegium n\u00f6vend\u00e9keivel tett tanulm\u00e1nyi \u00fat le\u00edr\u00e1sa (Mv., 1890); De\u00e1k Lajos: Visszatekint\u00e9s a dalk\u00f6r m\u00faltj\u00e1ra = Eml\u00e9kk\u00f6nyv (szerk. Farkas D\u00e1niel; Mv., 1883); S\u00e1muel Alad\u00e1r: Fels\u0151csern\u00e1toni Bod P\u00e9ter \u00e9lete \u00e9s m\u0171vei (Bp., 1899)<\/br><\/p>\n","protected":false},"excerpt":{"rendered":"<p>? \u2020 ?: tan\u00e1r, k\u00f6nyvt\u00e1ros, bankp\u00e9nzt\u00e1ros. \u2013 Koll\u00e9giumi tan\u00e1r, k\u00f6nyvt\u00e1ros a Teleki T\u00e9k\u00e1ban (1896\u20131907). Irod.: B\u00e1nyai R\u00e9ka: Egy k\u00f6nyvt\u00e1r mindennapjai = K\u00f6nyvek \u00e1ltal \u2026; A mv.-i Ev. Ref. Kollegium n\u00f6vend\u00e9keivel tett tanulm\u00e1nyi \u00fat le\u00edr\u00e1sa (Mv., 1890); De\u00e1k Lajos: Visszatekint\u00e9s a dalk\u00f6r m\u00faltj\u00e1ra = Eml\u00e9kk\u00f6nyv (szerk. Farkas D\u00e1niel; Mv., 1883); S\u00e1muel Alad\u00e1r: Fels\u0151csern\u00e1toni Bod P\u00e9ter \u00e9lete [&hellip;]<\/p>\n","protected":false},"featured_media":0,"comment_status":"open","ping_status":"closed","template":"","meta":[],"product_brand":[],"product_cat":[137],"product_tag":[],"class_list":{"0":"post-16686","1":"product","2":"type-product","3":"status-publish","5":"product_cat-maros-megyei-eletrajzi-lexikon","7":"first","8":"instock","9":"shipping-taxable","10":"product-type-simple"},"_links":{"self":[{"href":"https:\/\/uj.adatbank.ro\/lexikon\/wp-json\/wp\/v2\/product\/16686","targetHints":{"allow":["GET"]}}],"collection":[{"href":"https:\/\/uj.adatbank.ro\/lexikon\/wp-json\/wp\/v2\/product"}],"about":[{"href":"https:\/\/uj.adatbank.ro\/lexikon\/wp-json\/wp\/v2\/types\/product"}],"replies":[{"embeddable":true,"href":"https:\/\/uj.adatbank.ro\/lexikon\/wp-json\/wp\/v2\/comments?post=16686"}],"wp:attachment":[{"href":"https:\/\/uj.adatbank.ro\/lexikon\/wp-json\/wp\/v2\/media?parent=16686"}],"wp:term":[{"taxonomy":"product_brand","embeddable":true,"href":"https:\/\/uj.adatbank.ro\/lexikon\/wp-json\/wp\/v2\/product_brand?post=16686"},{"taxonomy":"product_cat","embeddable":true,"href":"https:\/\/uj.adatbank.ro\/lexikon\/wp-json\/wp\/v2\/product_cat?post=16686"},{"taxonomy":"product_tag","embeddable":true,"href":"https:\/\/uj.adatbank.ro\/lexikon\/wp-json\/wp\/v2\/product_tag?post=16686"}],"curies":[{"name":"wp","href":"https:\/\/api.w.org\/{rel}","templated":true}]}}