{"id":16688,"date":"2025-07-15T23:26:47","date_gmt":"2025-07-15T21:26:47","guid":{"rendered":"https:\/\/uj.adatbank.ro\/lexikon\/termek\/nemes-jozsef-hidvegi-gr\/"},"modified":"2025-07-15T23:26:47","modified_gmt":"2025-07-15T21:26:47","slug":"nemes-jozsef-hidvegi-gr","status":"publish","type":"product","link":"https:\/\/uj.adatbank.ro\/lexikon\/termek\/nemes-jozsef-hidvegi-gr\/","title":{"rendered":"NEMES J\u00f3zsef, h\u00eddv\u00e9gi gr."},"content":{"rendered":"<p>1739 \u2020 1809: f\u00f6ldbirtokos. \u2013 Ferenc \u00e9s Bethlen Druzsina fia. Feles\u00e9ge: 1. lengyelfalvi br.Orb\u00e1n M\u00e1ria; 2. uzoni B\u00e9ldi M\u00e1ria. Mv.-en polg\u00e1ri esk\u00fct tett (1771. nov. 18.). <br \/><strong>Irod.:<\/strong> Orb\u00e1n J\u00e1nos: T\u00e1blab\u00edr\u00e1k, f\u0151nemesek, pall\u00e9rok \u00e9s h\u00e1zak: V\u00e1rosk\u00e9p \u00e9s t\u00e1rsadalom v\u00e1ltoz\u00e1sai Mv.-en a Kir\u00e1lyi T\u00e1bla bek\u00f6lt\u00f6z\u00e9se ut\u00e1n [1754] = K\u00f6nyvek \u00e1ltal; P\u00e1lmay 2<\/br><\/p>\n","protected":false},"excerpt":{"rendered":"<p>1739 \u2020 1809: f\u00f6ldbirtokos. \u2013 Ferenc \u00e9s Bethlen Druzsina fia. Feles\u00e9ge: 1. lengyelfalvi br.Orb\u00e1n M\u00e1ria; 2. uzoni B\u00e9ldi M\u00e1ria. Mv.-en polg\u00e1ri esk\u00fct tett (1771. nov. 18.). Irod.: Orb\u00e1n J\u00e1nos: T\u00e1blab\u00edr\u00e1k, f\u0151nemesek, pall\u00e9rok \u00e9s h\u00e1zak: V\u00e1rosk\u00e9p \u00e9s t\u00e1rsadalom v\u00e1ltoz\u00e1sai Mv.-en a Kir\u00e1lyi T\u00e1bla bek\u00f6lt\u00f6z\u00e9se ut\u00e1n [1754] = K\u00f6nyvek \u00e1ltal; P\u00e1lmay 2<\/p>\n","protected":false},"featured_media":0,"comment_status":"open","ping_status":"closed","template":"","meta":[],"product_brand":[],"product_cat":[137],"product_tag":[],"class_list":{"0":"post-16688","1":"product","2":"type-product","3":"status-publish","5":"product_cat-maros-megyei-eletrajzi-lexikon","7":"first","8":"instock","9":"shipping-taxable","10":"product-type-simple"},"_links":{"self":[{"href":"https:\/\/uj.adatbank.ro\/lexikon\/wp-json\/wp\/v2\/product\/16688","targetHints":{"allow":["GET"]}}],"collection":[{"href":"https:\/\/uj.adatbank.ro\/lexikon\/wp-json\/wp\/v2\/product"}],"about":[{"href":"https:\/\/uj.adatbank.ro\/lexikon\/wp-json\/wp\/v2\/types\/product"}],"replies":[{"embeddable":true,"href":"https:\/\/uj.adatbank.ro\/lexikon\/wp-json\/wp\/v2\/comments?post=16688"}],"wp:attachment":[{"href":"https:\/\/uj.adatbank.ro\/lexikon\/wp-json\/wp\/v2\/media?parent=16688"}],"wp:term":[{"taxonomy":"product_brand","embeddable":true,"href":"https:\/\/uj.adatbank.ro\/lexikon\/wp-json\/wp\/v2\/product_brand?post=16688"},{"taxonomy":"product_cat","embeddable":true,"href":"https:\/\/uj.adatbank.ro\/lexikon\/wp-json\/wp\/v2\/product_cat?post=16688"},{"taxonomy":"product_tag","embeddable":true,"href":"https:\/\/uj.adatbank.ro\/lexikon\/wp-json\/wp\/v2\/product_tag?post=16688"}],"curies":[{"name":"wp","href":"https:\/\/api.w.org\/{rel}","templated":true}]}}