{"id":16689,"date":"2025-07-15T23:26:48","date_gmt":"2025-07-15T21:26:48","guid":{"rendered":"https:\/\/uj.adatbank.ro\/lexikon\/termek\/nemes-jozsef-szentistvani\/"},"modified":"2025-07-15T23:26:48","modified_gmt":"2025-07-15T21:26:48","slug":"nemes-jozsef-szentistvani","status":"publish","type":"product","link":"https:\/\/uj.adatbank.ro\/lexikon\/termek\/nemes-jozsef-szentistvani\/","title":{"rendered":"NEMES J\u00f3zsef, szentistv\u00e1ni"},"content":{"rendered":"<p>1806., \u2020 Mv., 1862. dec. 2.: ?. \u2013 Feles\u00e9ge: Simon Anna (1816 \u2013 Mv., 1878. okt. 7.). Gyermekeik: N. S\u00e1muel, h\u00e1tszegi kir. j\u00e1r\u00e1sb\u00edr\u00f3, feles\u00e9ge P\u00e1sztor Etelka; N. J\u00f3zsef, az Erd\u00e9lyi Kerskedelmi \u2013 \u00e9s Hitelbank hivatalnoka, feles\u00e9ge Reich Berta. <br \/><strong>Irod.:<\/strong> Gy\u00e1szjelent\u0151; P\u00e1lmay<\/br><\/p>\n","protected":false},"excerpt":{"rendered":"<p>1806., \u2020 Mv., 1862. dec. 2.: ?. \u2013 Feles\u00e9ge: Simon Anna (1816 \u2013 Mv., 1878. okt. 7.). Gyermekeik: N. S\u00e1muel, h\u00e1tszegi kir. j\u00e1r\u00e1sb\u00edr\u00f3, feles\u00e9ge P\u00e1sztor Etelka; N. J\u00f3zsef, az Erd\u00e9lyi Kerskedelmi \u2013 \u00e9s Hitelbank hivatalnoka, feles\u00e9ge Reich Berta. Irod.: Gy\u00e1szjelent\u0151; P\u00e1lmay<\/p>\n","protected":false},"featured_media":0,"comment_status":"open","ping_status":"closed","template":"","meta":[],"product_brand":[],"product_cat":[137],"product_tag":[],"class_list":{"0":"post-16689","1":"product","2":"type-product","3":"status-publish","5":"product_cat-maros-megyei-eletrajzi-lexikon","7":"first","8":"instock","9":"shipping-taxable","10":"product-type-simple"},"_links":{"self":[{"href":"https:\/\/uj.adatbank.ro\/lexikon\/wp-json\/wp\/v2\/product\/16689","targetHints":{"allow":["GET"]}}],"collection":[{"href":"https:\/\/uj.adatbank.ro\/lexikon\/wp-json\/wp\/v2\/product"}],"about":[{"href":"https:\/\/uj.adatbank.ro\/lexikon\/wp-json\/wp\/v2\/types\/product"}],"replies":[{"embeddable":true,"href":"https:\/\/uj.adatbank.ro\/lexikon\/wp-json\/wp\/v2\/comments?post=16689"}],"wp:attachment":[{"href":"https:\/\/uj.adatbank.ro\/lexikon\/wp-json\/wp\/v2\/media?parent=16689"}],"wp:term":[{"taxonomy":"product_brand","embeddable":true,"href":"https:\/\/uj.adatbank.ro\/lexikon\/wp-json\/wp\/v2\/product_brand?post=16689"},{"taxonomy":"product_cat","embeddable":true,"href":"https:\/\/uj.adatbank.ro\/lexikon\/wp-json\/wp\/v2\/product_cat?post=16689"},{"taxonomy":"product_tag","embeddable":true,"href":"https:\/\/uj.adatbank.ro\/lexikon\/wp-json\/wp\/v2\/product_tag?post=16689"}],"curies":[{"name":"wp","href":"https:\/\/api.w.org\/{rel}","templated":true}]}}