{"id":16692,"date":"2025-07-15T23:26:52","date_gmt":"2025-07-15T21:26:52","guid":{"rendered":"https:\/\/uj.adatbank.ro\/lexikon\/termek\/nemes-klara-hidvegi-gr-gr-bethlen-samuelne\/"},"modified":"2025-07-15T23:26:52","modified_gmt":"2025-07-15T21:26:52","slug":"nemes-klara-hidvegi-gr-gr-bethlen-samuelne","status":"publish","type":"product","link":"https:\/\/uj.adatbank.ro\/lexikon\/termek\/nemes-klara-hidvegi-gr-gr-bethlen-samuelne\/","title":{"rendered":"NEMES Kl\u00e1ra, hidv\u00e9gi, gr., gr.Bethlen S\u00e1mueln\u00e9"},"content":{"rendered":"<p>1719., \u2020 1800. \u2013 N. M\u00e1ty\u00e1s \u00e9s Ugron Borb\u00e1la le\u00e1nya. Bethlen S\u00e1muel 4. feles\u00e9ge (1750. k.\u2013). Le\u00e1nyuk: B. Julianna. Apj\u00e1t\u00f3l \u00f6r\u00f6k\u00f6lte a fiatfalvi kast\u00e9lyt, ami le\u00e1nyuk: B. Julianna, br. Wessel\u00e9nyi Farkasn\u00e9ra sz\u00e1llt. <br \/><strong>Irod.:<\/strong> \u00c1rva Bethlen K.; P\u00e1lmay 2; S\u00e1ndor-Zsigmond Ibolya: A fiatfalvi kast\u00e9ly gazd\u00e1i: \u00c9p\u00edt\u00e9s \u2013 \u00e9s birtokl\u00e1st\u00f6rt\u00e9net (\u00d6r\u00f6ks\u00e9g\u00fcnk, 2. sz., 2009)<\/br><\/p>\n","protected":false},"excerpt":{"rendered":"<p>1719., \u2020 1800. \u2013 N. M\u00e1ty\u00e1s \u00e9s Ugron Borb\u00e1la le\u00e1nya. Bethlen S\u00e1muel 4. feles\u00e9ge (1750. k.\u2013). Le\u00e1nyuk: B. Julianna. Apj\u00e1t\u00f3l \u00f6r\u00f6k\u00f6lte a fiatfalvi kast\u00e9lyt, ami le\u00e1nyuk: B. Julianna, br. Wessel\u00e9nyi Farkasn\u00e9ra sz\u00e1llt. Irod.: \u00c1rva Bethlen K.; P\u00e1lmay 2; S\u00e1ndor-Zsigmond Ibolya: A fiatfalvi kast\u00e9ly gazd\u00e1i: \u00c9p\u00edt\u00e9s \u2013 \u00e9s birtokl\u00e1st\u00f6rt\u00e9net (\u00d6r\u00f6ks\u00e9g\u00fcnk, 2. sz., 2009)<\/p>\n","protected":false},"featured_media":0,"comment_status":"open","ping_status":"closed","template":"","meta":[],"product_brand":[],"product_cat":[137],"product_tag":[],"class_list":{"0":"post-16692","1":"product","2":"type-product","3":"status-publish","5":"product_cat-maros-megyei-eletrajzi-lexikon","7":"first","8":"instock","9":"shipping-taxable","10":"product-type-simple"},"_links":{"self":[{"href":"https:\/\/uj.adatbank.ro\/lexikon\/wp-json\/wp\/v2\/product\/16692","targetHints":{"allow":["GET"]}}],"collection":[{"href":"https:\/\/uj.adatbank.ro\/lexikon\/wp-json\/wp\/v2\/product"}],"about":[{"href":"https:\/\/uj.adatbank.ro\/lexikon\/wp-json\/wp\/v2\/types\/product"}],"replies":[{"embeddable":true,"href":"https:\/\/uj.adatbank.ro\/lexikon\/wp-json\/wp\/v2\/comments?post=16692"}],"wp:attachment":[{"href":"https:\/\/uj.adatbank.ro\/lexikon\/wp-json\/wp\/v2\/media?parent=16692"}],"wp:term":[{"taxonomy":"product_brand","embeddable":true,"href":"https:\/\/uj.adatbank.ro\/lexikon\/wp-json\/wp\/v2\/product_brand?post=16692"},{"taxonomy":"product_cat","embeddable":true,"href":"https:\/\/uj.adatbank.ro\/lexikon\/wp-json\/wp\/v2\/product_cat?post=16692"},{"taxonomy":"product_tag","embeddable":true,"href":"https:\/\/uj.adatbank.ro\/lexikon\/wp-json\/wp\/v2\/product_tag?post=16692"}],"curies":[{"name":"wp","href":"https:\/\/api.w.org\/{rel}","templated":true}]}}