{"id":16697,"date":"2025-07-15T23:27:02","date_gmt":"2025-07-15T21:27:02","guid":{"rendered":"https:\/\/uj.adatbank.ro\/lexikon\/termek\/nemes-margit\/"},"modified":"2025-07-15T23:27:02","modified_gmt":"2025-07-15T21:27:02","slug":"nemes-margit","status":"publish","type":"product","link":"https:\/\/uj.adatbank.ro\/lexikon\/termek\/nemes-margit\/","title":{"rendered":"NEMES Margit"},"content":{"rendered":"<p>1913., \u2020 Mv., 1998. jan.1.: tan\u00e1rn\u0151. <br \/><strong>Irod.:<\/strong> <br \/><strong>Irod.:<\/strong> [Nekrol\u00f3g] (N\u00fa., 1998. jan. 3.)<\/br><\/p>\n","protected":false},"excerpt":{"rendered":"<p>1913., \u2020 Mv., 1998. jan.1.: tan\u00e1rn\u0151. Irod.: Irod.: [Nekrol\u00f3g] (N\u00fa., 1998. jan. 3.)<\/p>\n","protected":false},"featured_media":0,"comment_status":"open","ping_status":"closed","template":"","meta":[],"product_brand":[],"product_cat":[137],"product_tag":[],"class_list":{"0":"post-16697","1":"product","2":"type-product","3":"status-publish","5":"product_cat-maros-megyei-eletrajzi-lexikon","7":"first","8":"instock","9":"shipping-taxable","10":"product-type-simple"},"_links":{"self":[{"href":"https:\/\/uj.adatbank.ro\/lexikon\/wp-json\/wp\/v2\/product\/16697","targetHints":{"allow":["GET"]}}],"collection":[{"href":"https:\/\/uj.adatbank.ro\/lexikon\/wp-json\/wp\/v2\/product"}],"about":[{"href":"https:\/\/uj.adatbank.ro\/lexikon\/wp-json\/wp\/v2\/types\/product"}],"replies":[{"embeddable":true,"href":"https:\/\/uj.adatbank.ro\/lexikon\/wp-json\/wp\/v2\/comments?post=16697"}],"wp:attachment":[{"href":"https:\/\/uj.adatbank.ro\/lexikon\/wp-json\/wp\/v2\/media?parent=16697"}],"wp:term":[{"taxonomy":"product_brand","embeddable":true,"href":"https:\/\/uj.adatbank.ro\/lexikon\/wp-json\/wp\/v2\/product_brand?post=16697"},{"taxonomy":"product_cat","embeddable":true,"href":"https:\/\/uj.adatbank.ro\/lexikon\/wp-json\/wp\/v2\/product_cat?post=16697"},{"taxonomy":"product_tag","embeddable":true,"href":"https:\/\/uj.adatbank.ro\/lexikon\/wp-json\/wp\/v2\/product_tag?post=16697"}],"curies":[{"name":"wp","href":"https:\/\/api.w.org\/{rel}","templated":true}]}}