{"id":16699,"date":"2025-07-15T23:27:09","date_gmt":"2025-07-15T21:27:09","guid":{"rendered":"https:\/\/uj.adatbank.ro\/lexikon\/termek\/nemes-maria-hidvegi\/"},"modified":"2025-07-15T23:27:09","modified_gmt":"2025-07-15T21:27:09","slug":"nemes-maria-hidvegi","status":"publish","type":"product","link":"https:\/\/uj.adatbank.ro\/lexikon\/termek\/nemes-maria-hidvegi\/","title":{"rendered":"NEMES M\u00e1ria, hidv\u00e9gi"},"content":{"rendered":"<p>1683, \u2020 Kv., 1713.: f\u00f6ldbirtokos. \u2013 J\u00e1nos(1630\u20131688) l\u00e1nya. F\u00e9rje czegei gr. Wass Gy\u00f6rgy (1658\u20131705) a napl\u00f3\u00edr\u00f3. H\u00e1za volt a Mv.-i v\u00e1rban (1695). Templomot \u00e9p\u00edtettek Mez\u0151m\u00e9hesen. <br \/><strong>Irod.:<\/strong> Id\u0151t\u00e1r 1; Orb\u00e1n-Bicsok<\/br><\/p>\n","protected":false},"excerpt":{"rendered":"<p>1683, \u2020 Kv., 1713.: f\u00f6ldbirtokos. \u2013 J\u00e1nos(1630\u20131688) l\u00e1nya. F\u00e9rje czegei gr. Wass Gy\u00f6rgy (1658\u20131705) a napl\u00f3\u00edr\u00f3. H\u00e1za volt a Mv.-i v\u00e1rban (1695). Templomot \u00e9p\u00edtettek Mez\u0151m\u00e9hesen. Irod.: Id\u0151t\u00e1r 1; Orb\u00e1n-Bicsok<\/p>\n","protected":false},"featured_media":0,"comment_status":"open","ping_status":"closed","template":"","meta":[],"product_brand":[],"product_cat":[137],"product_tag":[],"class_list":{"0":"post-16699","1":"product","2":"type-product","3":"status-publish","5":"product_cat-maros-megyei-eletrajzi-lexikon","7":"first","8":"instock","9":"shipping-taxable","10":"product-type-simple"},"_links":{"self":[{"href":"https:\/\/uj.adatbank.ro\/lexikon\/wp-json\/wp\/v2\/product\/16699","targetHints":{"allow":["GET"]}}],"collection":[{"href":"https:\/\/uj.adatbank.ro\/lexikon\/wp-json\/wp\/v2\/product"}],"about":[{"href":"https:\/\/uj.adatbank.ro\/lexikon\/wp-json\/wp\/v2\/types\/product"}],"replies":[{"embeddable":true,"href":"https:\/\/uj.adatbank.ro\/lexikon\/wp-json\/wp\/v2\/comments?post=16699"}],"wp:attachment":[{"href":"https:\/\/uj.adatbank.ro\/lexikon\/wp-json\/wp\/v2\/media?parent=16699"}],"wp:term":[{"taxonomy":"product_brand","embeddable":true,"href":"https:\/\/uj.adatbank.ro\/lexikon\/wp-json\/wp\/v2\/product_brand?post=16699"},{"taxonomy":"product_cat","embeddable":true,"href":"https:\/\/uj.adatbank.ro\/lexikon\/wp-json\/wp\/v2\/product_cat?post=16699"},{"taxonomy":"product_tag","embeddable":true,"href":"https:\/\/uj.adatbank.ro\/lexikon\/wp-json\/wp\/v2\/product_tag?post=16699"}],"curies":[{"name":"wp","href":"https:\/\/api.w.org\/{rel}","templated":true}]}}