{"id":1670,"date":"2025-06-28T11:49:28","date_gmt":"2025-06-28T09:49:28","guid":{"rendered":"https:\/\/uj.adatbank.ro\/lexikon\/termek\/ajtai-andras-ajtai-szabo-andras-szabo-andras\/"},"modified":"2025-06-28T11:49:28","modified_gmt":"2025-06-28T09:49:28","slug":"ajtai-andras-ajtai-szabo-andras-szabo-andras","status":"publish","type":"product","link":"https:\/\/uj.adatbank.ro\/lexikon\/termek\/ajtai-andras-ajtai-szabo-andras-szabo-andras\/","title":{"rendered":"AJTAI Andr\u00e1s; Ajtai Szab\u00f3 Andr\u00e1s, Szab\u00f3 Andr\u00e1s"},"content":{"rendered":"<p>K\u00f6z\u00e9pajta, 1672., \u2020 Sz\u00e1szn\u00e1das, 1733.: orvos. \u2013 Apja: Szab\u00f3 Andr\u00e1s. Feles\u00e9ge: czegei Wass Zsuzsanna, Wass Gy\u00f6rgy le\u00e1nya. \u2013 Tanulm\u00e1nyait Teleki J\u00f3zsef \u00e9s Teleki S\u00e1ndor seg\u00edts\u00e9g\u00e9vel v\u00e9gezte Sz\u00e9kelyudvarhelyen, Nagyenyeden \u00e9s Halle-ban, ahol orvosi oklevelet szerzett (1714). P\u00e1pai P\u00e1riz Ferenc pellegrinus t\u00e1rsa. R\u00e9szt vett a Bethlen Koll. r\u00e9sz\u00e9re kieszk\u00f6z\u00f6lt angliai orsz\u00e1gos gy\u0171jt\u00e9s el\u0151k\u00e9sz\u00edt\u00e9s\u00e9ben. Tanulm\u00e1nyutat tett Franciao., N\u00e9meto. \u00e9s Angli\u00e1ban. Erd\u00e9lybe hazat\u00e9rve gyakorl\u00f3 orvos volt Sz\u00e1szn\u00e1dason, ahol feles\u00e9ge birtok\u00e1n laktak. Teleki J\u00f3zsef gr. h\u00e1zi orvosa. Fennmaradt h\u00e9t m. \u00e9s h\u00e1rom francia nyelven \u00edrt levele gr. Teleki P\u00e1lhoz. \u2013 <strong>F. m.:<\/strong> Dissertatio medica theoretica de medicinae et doctrinae moralis nexus, quam praeside Michaele Alberti (Halae Magdeburgicae, 1714). Ifjabb P\u00e1pai P\u00e1riz Ferenc \u00fcdv\u00f6zl\u0151 vers\u00e9vel. <br \/><strong>Irod.:<\/strong> Guly\u00e1s; Gy\u0151ry; P\u00e1pai P\u00e1riz; Pataki; RMK III\/18.sz.; Szinnyei; Szinnyei J-Sz. J.; Weszpr\u00e9mi<\/br><\/p>\n","protected":false},"excerpt":{"rendered":"<p>K\u00f6z\u00e9pajta, 1672., \u2020 Sz\u00e1szn\u00e1das, 1733.: orvos. \u2013 Apja: Szab\u00f3 Andr\u00e1s. Feles\u00e9ge: czegei Wass Zsuzsanna, Wass Gy\u00f6rgy le\u00e1nya. \u2013 Tanulm\u00e1nyait Teleki J\u00f3zsef \u00e9s Teleki S\u00e1ndor seg\u00edts\u00e9g\u00e9vel v\u00e9gezte Sz\u00e9kelyudvarhelyen, Nagyenyeden \u00e9s Halle-ban, ahol orvosi oklevelet szerzett (1714). P\u00e1pai P\u00e1riz Ferenc pellegrinus t\u00e1rsa. R\u00e9szt vett a Bethlen Koll. r\u00e9sz\u00e9re kieszk\u00f6z\u00f6lt angliai orsz\u00e1gos gy\u0171jt\u00e9s el\u0151k\u00e9sz\u00edt\u00e9s\u00e9ben. Tanulm\u00e1nyutat tett Franciao., N\u00e9meto. [&hellip;]<\/p>\n","protected":false},"featured_media":0,"comment_status":"open","ping_status":"closed","template":"","meta":[],"product_brand":[],"product_cat":[137],"product_tag":[],"class_list":{"0":"post-1670","1":"product","2":"type-product","3":"status-publish","5":"product_cat-maros-megyei-eletrajzi-lexikon","7":"first","8":"instock","9":"shipping-taxable","10":"product-type-simple"},"_links":{"self":[{"href":"https:\/\/uj.adatbank.ro\/lexikon\/wp-json\/wp\/v2\/product\/1670","targetHints":{"allow":["GET"]}}],"collection":[{"href":"https:\/\/uj.adatbank.ro\/lexikon\/wp-json\/wp\/v2\/product"}],"about":[{"href":"https:\/\/uj.adatbank.ro\/lexikon\/wp-json\/wp\/v2\/types\/product"}],"replies":[{"embeddable":true,"href":"https:\/\/uj.adatbank.ro\/lexikon\/wp-json\/wp\/v2\/comments?post=1670"}],"wp:attachment":[{"href":"https:\/\/uj.adatbank.ro\/lexikon\/wp-json\/wp\/v2\/media?parent=1670"}],"wp:term":[{"taxonomy":"product_brand","embeddable":true,"href":"https:\/\/uj.adatbank.ro\/lexikon\/wp-json\/wp\/v2\/product_brand?post=1670"},{"taxonomy":"product_cat","embeddable":true,"href":"https:\/\/uj.adatbank.ro\/lexikon\/wp-json\/wp\/v2\/product_cat?post=1670"},{"taxonomy":"product_tag","embeddable":true,"href":"https:\/\/uj.adatbank.ro\/lexikon\/wp-json\/wp\/v2\/product_tag?post=1670"}],"curies":[{"name":"wp","href":"https:\/\/api.w.org\/{rel}","templated":true}]}}