{"id":16700,"date":"2025-07-15T23:27:12","date_gmt":"2025-07-15T21:27:12","guid":{"rendered":"https:\/\/uj.adatbank.ro\/lexikon\/termek\/nemes-maria-hidvegi-es-oltszemi-gr-huszar-karolyne-brenhidai-br\/"},"modified":"2025-07-15T23:27:12","modified_gmt":"2025-07-15T21:27:12","slug":"nemes-maria-hidvegi-es-oltszemi-gr-huszar-karolyne-brenhidai-br","status":"publish","type":"product","link":"https:\/\/uj.adatbank.ro\/lexikon\/termek\/nemes-maria-hidvegi-es-oltszemi-gr-huszar-karolyne-brenhidai-br\/","title":{"rendered":"NEMES M\u00e1ria, h\u00eddv\u00e9gi \u00e9s oltszemi gr., Husz\u00e1r K\u00e1rolyn\u00e9, brenhidai br"},"content":{"rendered":"<p>Baden bei Wien, 1865. j\u00fan. 25., \u2020 Abaf\u00e1ja, 1921. aug. 15.: f\u00f6ldbirtokos. Vince \u00e9s Wodianer Gabriella l\u00e1nya. F\u00e9rjhez ment Husz\u00e1r K\u00e1rolyhoz (1859\u20131912) (esk\u00fcv\u0151: B\u00e9cs, 1887). Gyermekei: M\u00e1ria Ter\u00e9zia (1889\u20131968) Husz\u00e1r L\u00e1szl\u00f3n\u00e9; Margit (1894\u20131938) Bethlen \u00d6d\u00f6nn\u00e9. \u2013 Kazul\u00e1t \u00e9s st\u00f3l\u00e1t aj\u00e1nd\u00e9kozott az abaf\u00e1ji r. k. egyh\u00e1zk\u00f6zs\u00e9gnek (1902). A sz\u00e1szr\u00e9geni r. k. templomot miseruh\u00e1val aj\u00e1nd\u00e9kozta meg (1918). \u00cdr\u00e1sai az Erd\u00e9lyi Olt\u00e1regyes\u00fclet Lapja-ban jelentek meg. (1904). <br \/><strong>Irod.:<\/strong> Abaf\u00e1ja; B\u00edr\u00f3 D\u00f3n\u00e1t; Gudenus; Guly\u00e1s; Kornis; Millenniumi ki\u00e1ll.<\/br><\/p>\n","protected":false},"excerpt":{"rendered":"<p>Baden bei Wien, 1865. j\u00fan. 25., \u2020 Abaf\u00e1ja, 1921. aug. 15.: f\u00f6ldbirtokos. Vince \u00e9s Wodianer Gabriella l\u00e1nya. F\u00e9rjhez ment Husz\u00e1r K\u00e1rolyhoz (1859\u20131912) (esk\u00fcv\u0151: B\u00e9cs, 1887). Gyermekei: M\u00e1ria Ter\u00e9zia (1889\u20131968) Husz\u00e1r L\u00e1szl\u00f3n\u00e9; Margit (1894\u20131938) Bethlen \u00d6d\u00f6nn\u00e9. \u2013 Kazul\u00e1t \u00e9s st\u00f3l\u00e1t aj\u00e1nd\u00e9kozott az abaf\u00e1ji r. k. egyh\u00e1zk\u00f6zs\u00e9gnek (1902). A sz\u00e1szr\u00e9geni r. k. templomot miseruh\u00e1val aj\u00e1nd\u00e9kozta meg (1918). [&hellip;]<\/p>\n","protected":false},"featured_media":0,"comment_status":"open","ping_status":"closed","template":"","meta":[],"product_brand":[],"product_cat":[137],"product_tag":[],"class_list":{"0":"post-16700","1":"product","2":"type-product","3":"status-publish","5":"product_cat-maros-megyei-eletrajzi-lexikon","7":"first","8":"instock","9":"shipping-taxable","10":"product-type-simple"},"_links":{"self":[{"href":"https:\/\/uj.adatbank.ro\/lexikon\/wp-json\/wp\/v2\/product\/16700","targetHints":{"allow":["GET"]}}],"collection":[{"href":"https:\/\/uj.adatbank.ro\/lexikon\/wp-json\/wp\/v2\/product"}],"about":[{"href":"https:\/\/uj.adatbank.ro\/lexikon\/wp-json\/wp\/v2\/types\/product"}],"replies":[{"embeddable":true,"href":"https:\/\/uj.adatbank.ro\/lexikon\/wp-json\/wp\/v2\/comments?post=16700"}],"wp:attachment":[{"href":"https:\/\/uj.adatbank.ro\/lexikon\/wp-json\/wp\/v2\/media?parent=16700"}],"wp:term":[{"taxonomy":"product_brand","embeddable":true,"href":"https:\/\/uj.adatbank.ro\/lexikon\/wp-json\/wp\/v2\/product_brand?post=16700"},{"taxonomy":"product_cat","embeddable":true,"href":"https:\/\/uj.adatbank.ro\/lexikon\/wp-json\/wp\/v2\/product_cat?post=16700"},{"taxonomy":"product_tag","embeddable":true,"href":"https:\/\/uj.adatbank.ro\/lexikon\/wp-json\/wp\/v2\/product_tag?post=16700"}],"curies":[{"name":"wp","href":"https:\/\/api.w.org\/{rel}","templated":true}]}}