{"id":16702,"date":"2025-07-15T23:27:17","date_gmt":"2025-07-15T21:27:17","guid":{"rendered":"https:\/\/uj.adatbank.ro\/lexikon\/termek\/nemes-mihaly\/"},"modified":"2025-07-15T23:27:17","modified_gmt":"2025-07-15T21:27:17","slug":"nemes-mihaly","status":"publish","type":"product","link":"https:\/\/uj.adatbank.ro\/lexikon\/termek\/nemes-mihaly\/","title":{"rendered":"NEMES Mih\u00e1ly"},"content":{"rendered":"<p>? \u2020 ?: b\u00e9rl\u0151, esk\u00fcdt polg\u00e1r. \u2013 Mv. polg\u00e1ra, korcsma b\u00e9rl\u0151 (1759), sz\u00e1ll\u00e1smester (1759) a mv.-i esk\u00fcdt k\u00f6z\u00f6ns\u00e9g tagja (1760), erd\u0151fel\u00fcgyel\u0151 (1764). <br \/><strong>Irod.:<\/strong> P\u00e1l-Antal 2006<\/br><\/p>\n","protected":false},"excerpt":{"rendered":"<p>? \u2020 ?: b\u00e9rl\u0151, esk\u00fcdt polg\u00e1r. \u2013 Mv. polg\u00e1ra, korcsma b\u00e9rl\u0151 (1759), sz\u00e1ll\u00e1smester (1759) a mv.-i esk\u00fcdt k\u00f6z\u00f6ns\u00e9g tagja (1760), erd\u0151fel\u00fcgyel\u0151 (1764). Irod.: P\u00e1l-Antal 2006<\/p>\n","protected":false},"featured_media":0,"comment_status":"open","ping_status":"closed","template":"","meta":[],"product_brand":[],"product_cat":[137],"product_tag":[],"class_list":{"0":"post-16702","1":"product","2":"type-product","3":"status-publish","5":"product_cat-maros-megyei-eletrajzi-lexikon","7":"first","8":"instock","9":"shipping-taxable","10":"product-type-simple"},"_links":{"self":[{"href":"https:\/\/uj.adatbank.ro\/lexikon\/wp-json\/wp\/v2\/product\/16702","targetHints":{"allow":["GET"]}}],"collection":[{"href":"https:\/\/uj.adatbank.ro\/lexikon\/wp-json\/wp\/v2\/product"}],"about":[{"href":"https:\/\/uj.adatbank.ro\/lexikon\/wp-json\/wp\/v2\/types\/product"}],"replies":[{"embeddable":true,"href":"https:\/\/uj.adatbank.ro\/lexikon\/wp-json\/wp\/v2\/comments?post=16702"}],"wp:attachment":[{"href":"https:\/\/uj.adatbank.ro\/lexikon\/wp-json\/wp\/v2\/media?parent=16702"}],"wp:term":[{"taxonomy":"product_brand","embeddable":true,"href":"https:\/\/uj.adatbank.ro\/lexikon\/wp-json\/wp\/v2\/product_brand?post=16702"},{"taxonomy":"product_cat","embeddable":true,"href":"https:\/\/uj.adatbank.ro\/lexikon\/wp-json\/wp\/v2\/product_cat?post=16702"},{"taxonomy":"product_tag","embeddable":true,"href":"https:\/\/uj.adatbank.ro\/lexikon\/wp-json\/wp\/v2\/product_tag?post=16702"}],"curies":[{"name":"wp","href":"https:\/\/api.w.org\/{rel}","templated":true}]}}