{"id":16705,"date":"2025-07-15T23:27:22","date_gmt":"2025-07-15T21:27:22","guid":{"rendered":"https:\/\/uj.adatbank.ro\/lexikon\/termek\/nemes-niman-laszlo\/"},"modified":"2025-07-15T23:27:22","modified_gmt":"2025-07-15T21:27:22","slug":"nemes-niman-laszlo","status":"publish","type":"product","link":"https:\/\/uj.adatbank.ro\/lexikon\/termek\/nemes-niman-laszlo\/","title":{"rendered":"NEMES NIMAN L\u00e1szl\u00f3"},"content":{"rendered":"<p>Kv., 1928., \u2020 Kv., 1973 : sz\u00edn\u00e9sz. \u2013 A mv.-i \u00c1llami Sz\u00e9kely Sz\u00ednh\u00e1z tagja volt. <br \/><strong>Irod.:<\/strong> A H\u00e9t \u00e9vk\u00f6nyve (1982)<\/br><\/p>\n","protected":false},"excerpt":{"rendered":"<p>Kv., 1928., \u2020 Kv., 1973 : sz\u00edn\u00e9sz. \u2013 A mv.-i \u00c1llami Sz\u00e9kely Sz\u00ednh\u00e1z tagja volt. Irod.: A H\u00e9t \u00e9vk\u00f6nyve (1982)<\/p>\n","protected":false},"featured_media":0,"comment_status":"open","ping_status":"closed","template":"","meta":[],"product_brand":[],"product_cat":[137],"product_tag":[],"class_list":{"0":"post-16705","1":"product","2":"type-product","3":"status-publish","5":"product_cat-maros-megyei-eletrajzi-lexikon","7":"first","8":"instock","9":"shipping-taxable","10":"product-type-simple"},"_links":{"self":[{"href":"https:\/\/uj.adatbank.ro\/lexikon\/wp-json\/wp\/v2\/product\/16705","targetHints":{"allow":["GET"]}}],"collection":[{"href":"https:\/\/uj.adatbank.ro\/lexikon\/wp-json\/wp\/v2\/product"}],"about":[{"href":"https:\/\/uj.adatbank.ro\/lexikon\/wp-json\/wp\/v2\/types\/product"}],"replies":[{"embeddable":true,"href":"https:\/\/uj.adatbank.ro\/lexikon\/wp-json\/wp\/v2\/comments?post=16705"}],"wp:attachment":[{"href":"https:\/\/uj.adatbank.ro\/lexikon\/wp-json\/wp\/v2\/media?parent=16705"}],"wp:term":[{"taxonomy":"product_brand","embeddable":true,"href":"https:\/\/uj.adatbank.ro\/lexikon\/wp-json\/wp\/v2\/product_brand?post=16705"},{"taxonomy":"product_cat","embeddable":true,"href":"https:\/\/uj.adatbank.ro\/lexikon\/wp-json\/wp\/v2\/product_cat?post=16705"},{"taxonomy":"product_tag","embeddable":true,"href":"https:\/\/uj.adatbank.ro\/lexikon\/wp-json\/wp\/v2\/product_tag?post=16705"}],"curies":[{"name":"wp","href":"https:\/\/api.w.org\/{rel}","templated":true}]}}