{"id":16706,"date":"2025-07-15T23:27:24","date_gmt":"2025-07-15T21:27:24","guid":{"rendered":"https:\/\/uj.adatbank.ro\/lexikon\/termek\/nemes-odon-ribiczei-alnevei-justus-feher-hollo-homo\/"},"modified":"2025-07-15T23:27:24","modified_gmt":"2025-07-15T21:27:24","slug":"nemes-odon-ribiczei-alnevei-justus-feher-hollo-homo","status":"publish","type":"product","link":"https:\/\/uj.adatbank.ro\/lexikon\/termek\/nemes-odon-ribiczei-alnevei-justus-feher-hollo-homo\/","title":{"rendered":"NEMES \u00d6d\u00f6n, ribiczei, \u00e1lnevei: Justus, Feh\u00e9r Hol\u00adl\u00f3, Homo"},"content":{"rendered":"<p>Ribice, 1847. j\u00fan. 30., \u2020 Mv., 1902. febr. 23.:rajztan\u00e1r, polg. iskolaigazgat\u00f3, \u00edr\u00f3, \u00fajs\u00e1g\u00edr\u00f3, szerkeszt\u0151, fest\u0151, illusztr\u00e1tor. \u2013 Feles\u00e9ge: csekefalvi Kiss Vilma (1851.? \u2013 Mv., 1881. j\u00fal. 3.), br. Kem\u00e9ny Zsigmond a nagy \u00edr\u00f3 unokah\u00faga. Gyermekeik: Viktor, Kata, \u00d6d\u00f6n. \u2013 Nagyenyeden, majd Bp.-en v\u00e9gezte tanulm\u00e1nyait. Mv.-en pol\u00adg\u00e1ri isk. tan\u00e1ra (1874\u2013), igazgat\u00f3ja (1894).Tan\u00edtott sz\u00e9p\u00edr\u00e1st az \u00f6n\u00e1ll\u00f3 kereskedelmi tanionciskol\u00e1ban (1895). M\u0171velt tehets\u00e9ges ember volt. M\u0171v\u00e9sz a rajzol\u00e1sban, a fest\u00e9szetben, tud\u00f3s a t\u00f6rt\u00e9nelemben, m\u0171v\u00e9szett\u00f6rt\u00e9netben, az irodalomban, a nyelv\u00e9szetben. K\u00e9t \u2013h\u00e1rom idegen nyelvet besz\u00e9lt.Gazdag k\u00f6nyvt\u00e1ra, numizmatikai gy\u0171jtem\u00e9nye volt. Rudolf tr\u00f3n\u00f6r\u00f6k\u00f6s r\u00e9sz\u00e9re d\u00edszalbumot nyomtatott egy p\u00e9ld\u00e1nyban, saj\u00e1t akvarelljeivel illusztr\u00e1lta: G\u00f6rg\u00e9ny \u00e9s vid\u00e9ke c. (1881). Felh\u00edvta a szakemberek figyelm\u00e9t a marosfelfalui k\u00f6z\u00e9pkori templom k\u00f6z\u00e9pkori falk\u00e9peire. A marosszentkir\u00e1lyi templom k\u00f6zel\u00e9ben tal\u00e1lt S v\u00e9g\u0171 \u00c1rp\u00e1d-kori (11\u201313. sz.) hajkarik\u00e1kat megvette (1894), azokat \u00e9vekig \u0151r\u00edzte, hal\u00e1la ut\u00e1n azonban elkall\u00f3dtak, a templom m\u00e9szr\u00e9tegei al\u00f3l kibontott \u0151si fresk\u00f3kat lem\u00e1solta. Felt\u00e1rta a rom\u00e1n st\u00edlusban \u00e9p\u00fclt maroszentannai rom. kat., ma ref. templom (13. sz. m\u00e1sodik fele.) nyugati falk\u00e9peit (1895). A ny\u00e1r\u00e1dszentl\u00e1szl\u00f3i unit. templom (1330 k.) falk\u00e9peit Kelemen (1896). A MT megyei \u00c1ltal\u00e1nos Tan\u00edt\u00f3test\u00fclet eln\u00f6ke (1896\u201399). Eln\u00f6klete alatt alakult meg a mv.-i Erd\u00e9lyi K\u00e1rp\u00e1t Egyes\u00fclet (1891). Sz\u00e1mos n\u00e9pszer\u0171s\u00edt\u0151 cikket \u00edrt, rajzai a korabeli k\u00e9peslapokban jelentek meg: Orsz\u00e1g T\u00fckre, N\u0151vil\u00e1g, Haz\u00e1nk \u00e9s a K\u00fclf\u00f6ld, Csal\u00e1di K\u00f6r, Emich Nagy K\u00e9pes Napt\u00e1ra, Mo. \u00e9s a Nagyvi\u00adl\u00e1g, Vas\u00e1rnapi \u00dajs\u00e1g, Ed\u00e9lyi \u00c9rtes\u00edt\u0151, Orsz\u00e1g-Vil\u00e1g, M. H\u00edrlap, Mo., Sz\u00e9kely N\u00e9plap, Sz\u00e9kelyf\u00f6ld, Sz\u00e9kely H\u00edrlap, Heti P\u00f3sta, Erd\u00e9lyi H\u00edrad\u00f3, H\u00f6lgyek Lapja, \u00dcst\u00f6k\u00f6s, Orsz\u00e1g Vil\u00e1g, M. Polg\u00e1r, M. Szalon, \u00dcber Land und Meer c. lapokban. Mv.-en az Erd\u00e9lyi Hirad\u00f3 felel\u0151s szerkeszt\u0151je \u00e9s laptulajdonosa (1877. jan. 2.\u20131879. j\u00fan. 28.).Az Erd\u00e9lyi \u00c9rtes\u00edt\u0151-ben cikkeivel pr\u00f3b\u00e1lta lej\u00e1ratni Tolnait, sajt\u00f3t\u00e1mad\u00e1st int\u00e9zett ellene. Tolnai utcai vereked\u00e9sben v\u00e1laszolt, ennek k\u00f6vetkezm\u00e9nyek\u00e9nt kellett elhagynia Mv.-et.Felel\u0151s szerkeszt\u0151je \u00e9s tulajdonosa az Erd\u00e9lyi Hirad\u00f3 c. hetenk\u00e9nt h\u00e1romszor megjelen\u0151 politikai szabadelv\u0171 lapnak (1877. jan. 2.\u20131879. j\u00fan. 28.), szerkesztette a Marosv\u00e1s\u00e1rhelyt (1898\u20131900) \u00e9s a Marostord\u00e1t (1885\u201386). Bolyai Farkasr\u00f3l \u00edrt, a matematikus s\u00edreml\u00e9k\u00e9nek leleplez\u00e9se alkalm\u00e1val (1884). A Sz\u00e9kely H\u00edrlap-ban (1896) N\u00e9h\u00e1ny sz\u00e9kelyf\u00f6ldi fresk\u00f3r\u00f3l c.cikk\u00e9ben ismertette a marosszentannai, a marosszentkir\u00e1lyi, i \u00e9s ny\u00e1r\u00e1dszentl\u00e1szl\u00f3i k\u00f6z\u00e9pkori templomok belsej\u00e9ben felt\u00e1rt falk\u00e9p-maradv\u00e1nyokat, a KZST-n elhangzott sz\u00e9kfoglal\u00f3 el\u0151ad\u00e1sa is err\u0151l sz\u00f3lt. \u2013 <strong>F. m.:<\/strong> G\u00f6rg\u00e9ny \u00e9s vid\u00e9ke (Mv., 1881); Kuny\u00adh\u00f3t\u00f3l palot\u00e1ig (elb.; Mv., 1886); Az \u00edr\u00e1sfejt\u00e9s, \u00edr\u00e1sszak\u00e9rt\u0151k, b\u00edr\u00f3s\u00e1gok, k\u00f6zjegyz\u0151k, \u00fcgyv\u00e9dek sat. sz\u00e1m\u00e1ra, I-XXV. f\u00fczet (Mv., 1895); A Marosv\u00e1\u00ads\u00e1rhelyi K\u00f6zs\u00e9gi Polg\u00e1ri Fi\u00faiskola t\u00f6rt\u00e9nete (Mv., 1896). <br \/><strong>Irod.:<\/strong> Eml\u00e9kk\u00f6nyv; Er\u0151ss; F\u00fcl\u00f6p\u2013Ferencz; Gy\u00e1szjelent\u0151; Id\u0151t\u00e1r 2; J\u00e9kely-Kiss; Kelemen Lajos; Kelemen Lajos 2009; Keresztes Gyula: A k\u00f6z\u00e9pkori templomaink falk\u00e9peit felt\u00e1r\u00f3 N. \u00d6. \u2013 tev\u00e9kenys\u00e9g\u00e9nek jelent\u0151s\u00e9ge (N\u00fa., 1998. m\u00e1j. 23.); Keresztes Gyula: A marosszentannai ref. templom (N\u00fa., 1998. jan. 17.); Kl\u00f3sz\u2013Tolok\u00e1n; Kusz\u00e1lik\u2013Zal\u00e1nyi; L\u00e9sty\u00e1n \u2013 templomok 1\u20132.; Marosi-KZST; M\u00c9L; Moln\u00e1r; N\u00fa. (1998. m\u00e1j. 23); \u00d6kr\u00f6s; P\u00e1l-Antal 2009; Schack B\u00e9la: Kereskedelmi iskol\u00e1ink \u00e9s tan\u00e1rai a Millenium esztendej\u00e9ben (Bp., 1896); S Szab\u00f3 \u2013 K\u00e1llai; Szinnyei; Szinnyei J\u00f3zsef; T\u00f6r\u00f6k Zsuzsa: \u201eA mv.-i zsurnalisztika\u201d: Egy vid\u00e9ki k\u00f6z\u00f6ss\u00e9g olvas\u00e1si strat\u00e9gi\u00e1ja 1884-ben (Kr\u00f3nika, 3. sz., 2010); \u00daM\u00c9L; V\u00e1s\u00e1rhelyi H\u00edrlap (5.sz., 2007. szept. 7.)<\/br><\/p>\n","protected":false},"excerpt":{"rendered":"<p>Ribice, 1847. j\u00fan. 30., \u2020 Mv., 1902. febr. 23.:rajztan\u00e1r, polg. iskolaigazgat\u00f3, \u00edr\u00f3, \u00fajs\u00e1g\u00edr\u00f3, szerkeszt\u0151, fest\u0151, illusztr\u00e1tor. \u2013 Feles\u00e9ge: csekefalvi Kiss Vilma (1851.? \u2013 Mv., 1881. j\u00fal. 3.), br. Kem\u00e9ny Zsigmond a nagy \u00edr\u00f3 unokah\u00faga. Gyermekeik: Viktor, Kata, \u00d6d\u00f6n. \u2013 Nagyenyeden, majd Bp.-en v\u00e9gezte tanulm\u00e1nyait. Mv.-en pol\u00adg\u00e1ri isk. tan\u00e1ra (1874\u2013), igazgat\u00f3ja (1894).Tan\u00edtott sz\u00e9p\u00edr\u00e1st az \u00f6n\u00e1ll\u00f3 kereskedelmi [&hellip;]<\/p>\n","protected":false},"featured_media":0,"comment_status":"open","ping_status":"closed","template":"","meta":[],"product_brand":[],"product_cat":[137],"product_tag":[],"class_list":{"0":"post-16706","1":"product","2":"type-product","3":"status-publish","5":"product_cat-maros-megyei-eletrajzi-lexikon","7":"first","8":"instock","9":"shipping-taxable","10":"product-type-simple"},"_links":{"self":[{"href":"https:\/\/uj.adatbank.ro\/lexikon\/wp-json\/wp\/v2\/product\/16706","targetHints":{"allow":["GET"]}}],"collection":[{"href":"https:\/\/uj.adatbank.ro\/lexikon\/wp-json\/wp\/v2\/product"}],"about":[{"href":"https:\/\/uj.adatbank.ro\/lexikon\/wp-json\/wp\/v2\/types\/product"}],"replies":[{"embeddable":true,"href":"https:\/\/uj.adatbank.ro\/lexikon\/wp-json\/wp\/v2\/comments?post=16706"}],"wp:attachment":[{"href":"https:\/\/uj.adatbank.ro\/lexikon\/wp-json\/wp\/v2\/media?parent=16706"}],"wp:term":[{"taxonomy":"product_brand","embeddable":true,"href":"https:\/\/uj.adatbank.ro\/lexikon\/wp-json\/wp\/v2\/product_brand?post=16706"},{"taxonomy":"product_cat","embeddable":true,"href":"https:\/\/uj.adatbank.ro\/lexikon\/wp-json\/wp\/v2\/product_cat?post=16706"},{"taxonomy":"product_tag","embeddable":true,"href":"https:\/\/uj.adatbank.ro\/lexikon\/wp-json\/wp\/v2\/product_tag?post=16706"}],"curies":[{"name":"wp","href":"https:\/\/api.w.org\/{rel}","templated":true}]}}