{"id":1671,"date":"2025-06-28T11:49:29","date_gmt":"2025-06-28T09:49:29","guid":{"rendered":"https:\/\/uj.adatbank.ro\/lexikon\/termek\/ajtai-daniel\/"},"modified":"2025-06-28T11:49:29","modified_gmt":"2025-06-28T09:49:29","slug":"ajtai-daniel","status":"publish","type":"product","link":"https:\/\/uj.adatbank.ro\/lexikon\/termek\/ajtai-daniel\/","title":{"rendered":"AJTAI D\u00e1niel"},"content":{"rendered":"<p>? \u2020\u00a0? : tan\u00edt\u00f3. \u2013 Mv.-en subscrib\u00e1lt a Ref. Koll.-ba (1740), K\u00fck\u00fcll\u0151p\u00f3csfalv\u00e1n (1745) \u00e9s Bern\u00e1don (1755) volt tan\u00edt\u00f3. <br \/><strong>Irod.:<\/strong> K\u00fck\u00fcll\u0151i Ref. Egyh\u00e1zm.1., 3.; Tonk 1994<\/br><\/p>\n","protected":false},"excerpt":{"rendered":"<p>? \u2020\u00a0? : tan\u00edt\u00f3. \u2013 Mv.-en subscrib\u00e1lt a Ref. Koll.-ba (1740), K\u00fck\u00fcll\u0151p\u00f3csfalv\u00e1n (1745) \u00e9s Bern\u00e1don (1755) volt tan\u00edt\u00f3. Irod.: K\u00fck\u00fcll\u0151i Ref. Egyh\u00e1zm.1., 3.; Tonk 1994<\/p>\n","protected":false},"featured_media":0,"comment_status":"open","ping_status":"closed","template":"","meta":[],"product_brand":[],"product_cat":[137],"product_tag":[],"class_list":{"0":"post-1671","1":"product","2":"type-product","3":"status-publish","5":"product_cat-maros-megyei-eletrajzi-lexikon","7":"first","8":"instock","9":"shipping-taxable","10":"product-type-simple"},"_links":{"self":[{"href":"https:\/\/uj.adatbank.ro\/lexikon\/wp-json\/wp\/v2\/product\/1671","targetHints":{"allow":["GET"]}}],"collection":[{"href":"https:\/\/uj.adatbank.ro\/lexikon\/wp-json\/wp\/v2\/product"}],"about":[{"href":"https:\/\/uj.adatbank.ro\/lexikon\/wp-json\/wp\/v2\/types\/product"}],"replies":[{"embeddable":true,"href":"https:\/\/uj.adatbank.ro\/lexikon\/wp-json\/wp\/v2\/comments?post=1671"}],"wp:attachment":[{"href":"https:\/\/uj.adatbank.ro\/lexikon\/wp-json\/wp\/v2\/media?parent=1671"}],"wp:term":[{"taxonomy":"product_brand","embeddable":true,"href":"https:\/\/uj.adatbank.ro\/lexikon\/wp-json\/wp\/v2\/product_brand?post=1671"},{"taxonomy":"product_cat","embeddable":true,"href":"https:\/\/uj.adatbank.ro\/lexikon\/wp-json\/wp\/v2\/product_cat?post=1671"},{"taxonomy":"product_tag","embeddable":true,"href":"https:\/\/uj.adatbank.ro\/lexikon\/wp-json\/wp\/v2\/product_tag?post=1671"}],"curies":[{"name":"wp","href":"https:\/\/api.w.org\/{rel}","templated":true}]}}