{"id":16711,"date":"2025-07-15T23:27:35","date_gmt":"2025-07-15T21:27:35","guid":{"rendered":"https:\/\/uj.adatbank.ro\/lexikon\/termek\/nemes-peter\/"},"modified":"2025-07-15T23:27:35","modified_gmt":"2025-07-15T21:27:35","slug":"nemes-peter","status":"publish","type":"product","link":"https:\/\/uj.adatbank.ro\/lexikon\/termek\/nemes-peter\/","title":{"rendered":"NEMES P\u00e9ter"},"content":{"rendered":"<p>Mez\u0151madaras, 1888. j\u00fal. 12., \u2020 ?: gazd\u00e1lkod\u00f3. \u2013 Letart\u00f3ztatt\u00e1k (1959. j\u00fan. 11.) \u00e9s egy jehovista csoport tagjak\u00e9nt \u00e1ll\u00edtott\u00e1k b\u00edr\u00f3s\u00e1g el\u00e9. \u2013 Irod: 1956 Erd\u00e9lyben<\/br><\/p>\n","protected":false},"excerpt":{"rendered":"<p>Mez\u0151madaras, 1888. j\u00fal. 12., \u2020 ?: gazd\u00e1lkod\u00f3. \u2013 Letart\u00f3ztatt\u00e1k (1959. j\u00fan. 11.) \u00e9s egy jehovista csoport tagjak\u00e9nt \u00e1ll\u00edtott\u00e1k b\u00edr\u00f3s\u00e1g el\u00e9. \u2013 Irod: 1956 Erd\u00e9lyben<\/p>\n","protected":false},"featured_media":0,"comment_status":"open","ping_status":"closed","template":"","meta":[],"product_brand":[],"product_cat":[137],"product_tag":[],"class_list":{"0":"post-16711","1":"product","2":"type-product","3":"status-publish","5":"product_cat-maros-megyei-eletrajzi-lexikon","7":"first","8":"instock","9":"shipping-taxable","10":"product-type-simple"},"_links":{"self":[{"href":"https:\/\/uj.adatbank.ro\/lexikon\/wp-json\/wp\/v2\/product\/16711","targetHints":{"allow":["GET"]}}],"collection":[{"href":"https:\/\/uj.adatbank.ro\/lexikon\/wp-json\/wp\/v2\/product"}],"about":[{"href":"https:\/\/uj.adatbank.ro\/lexikon\/wp-json\/wp\/v2\/types\/product"}],"replies":[{"embeddable":true,"href":"https:\/\/uj.adatbank.ro\/lexikon\/wp-json\/wp\/v2\/comments?post=16711"}],"wp:attachment":[{"href":"https:\/\/uj.adatbank.ro\/lexikon\/wp-json\/wp\/v2\/media?parent=16711"}],"wp:term":[{"taxonomy":"product_brand","embeddable":true,"href":"https:\/\/uj.adatbank.ro\/lexikon\/wp-json\/wp\/v2\/product_brand?post=16711"},{"taxonomy":"product_cat","embeddable":true,"href":"https:\/\/uj.adatbank.ro\/lexikon\/wp-json\/wp\/v2\/product_cat?post=16711"},{"taxonomy":"product_tag","embeddable":true,"href":"https:\/\/uj.adatbank.ro\/lexikon\/wp-json\/wp\/v2\/product_tag?post=16711"}],"curies":[{"name":"wp","href":"https:\/\/api.w.org\/{rel}","templated":true}]}}