{"id":16712,"date":"2025-07-15T23:27:37","date_gmt":"2025-07-15T21:27:37","guid":{"rendered":"https:\/\/uj.adatbank.ro\/lexikon\/termek\/nemes-rozalia-hidvegi-es-oltszemi-gr-beldi-gergelyne\/"},"modified":"2025-07-15T23:27:37","modified_gmt":"2025-07-15T21:27:37","slug":"nemes-rozalia-hidvegi-es-oltszemi-gr-beldi-gergelyne","status":"publish","type":"product","link":"https:\/\/uj.adatbank.ro\/lexikon\/termek\/nemes-rozalia-hidvegi-es-oltszemi-gr-beldi-gergelyne\/","title":{"rendered":"NEMES Roz\u00e1lia, hidv\u00e9gi \u00e9s oltszemi gr., B\u00e9ldi Gergelyn\u00e9"},"content":{"rendered":"<p>1824. j\u00fan. 21., \u2020 1900: f\u0151\u00fari asszony, f\u00f6ldbirtokos, csillagkeresztes h\u00f6lgy. \u2013 F\u00e9rje uzoni B\u00e9ldi Gergely (1819\u20131889). A V\u00f6r\u00f6s Kereszt Egylet mv.-i fi\u00f3kja n\u0151i szakoszt\u00e1ly\u00e1nak eln\u00f6ke (1874). \u2013 Irod. Bi\u00e1s Istv\u00e1n<\/br><\/p>\n","protected":false},"excerpt":{"rendered":"<p>1824. j\u00fan. 21., \u2020 1900: f\u0151\u00fari asszony, f\u00f6ldbirtokos, csillagkeresztes h\u00f6lgy. \u2013 F\u00e9rje uzoni B\u00e9ldi Gergely (1819\u20131889). A V\u00f6r\u00f6s Kereszt Egylet mv.-i fi\u00f3kja n\u0151i szakoszt\u00e1ly\u00e1nak eln\u00f6ke (1874). \u2013 Irod. Bi\u00e1s Istv\u00e1n<\/p>\n","protected":false},"featured_media":0,"comment_status":"open","ping_status":"closed","template":"","meta":[],"product_brand":[],"product_cat":[137],"product_tag":[],"class_list":{"0":"post-16712","1":"product","2":"type-product","3":"status-publish","5":"product_cat-maros-megyei-eletrajzi-lexikon","7":"first","8":"instock","9":"shipping-taxable","10":"product-type-simple"},"_links":{"self":[{"href":"https:\/\/uj.adatbank.ro\/lexikon\/wp-json\/wp\/v2\/product\/16712","targetHints":{"allow":["GET"]}}],"collection":[{"href":"https:\/\/uj.adatbank.ro\/lexikon\/wp-json\/wp\/v2\/product"}],"about":[{"href":"https:\/\/uj.adatbank.ro\/lexikon\/wp-json\/wp\/v2\/types\/product"}],"replies":[{"embeddable":true,"href":"https:\/\/uj.adatbank.ro\/lexikon\/wp-json\/wp\/v2\/comments?post=16712"}],"wp:attachment":[{"href":"https:\/\/uj.adatbank.ro\/lexikon\/wp-json\/wp\/v2\/media?parent=16712"}],"wp:term":[{"taxonomy":"product_brand","embeddable":true,"href":"https:\/\/uj.adatbank.ro\/lexikon\/wp-json\/wp\/v2\/product_brand?post=16712"},{"taxonomy":"product_cat","embeddable":true,"href":"https:\/\/uj.adatbank.ro\/lexikon\/wp-json\/wp\/v2\/product_cat?post=16712"},{"taxonomy":"product_tag","embeddable":true,"href":"https:\/\/uj.adatbank.ro\/lexikon\/wp-json\/wp\/v2\/product_tag?post=16712"}],"curies":[{"name":"wp","href":"https:\/\/api.w.org\/{rel}","templated":true}]}}