{"id":16714,"date":"2025-07-15T23:27:40","date_gmt":"2025-07-15T21:27:40","guid":{"rendered":"https:\/\/uj.adatbank.ro\/lexikon\/termek\/nemes-samuel-szentistvani-id\/"},"modified":"2025-07-15T23:27:40","modified_gmt":"2025-07-15T21:27:40","slug":"nemes-samuel-szentistvani-id","status":"publish","type":"product","link":"https:\/\/uj.adatbank.ro\/lexikon\/termek\/nemes-samuel-szentistvani-id\/","title":{"rendered":"NEMES S\u00e1muel, szentistv\u00e1ni, id."},"content":{"rendered":"<p>? \u2020 ?: jog\u00fcgyi, alb\u00edr\u00f3. \u2013 V\u00e1rosi fisk\u00e1lis (1800), procurator, szenator, \u00e1llam\u00fcgy\u00e9sz (1805), N. Gy\u00f6rgy f\u0151b\u00edr\u00f3 fia, S\u00e1muel r\u00e9g\u00e9sz apja. Nevezetes \u00e9let\u00e9t\u0151l \u00edrott napl\u00f3ja. <br \/><strong>Irod.:<\/strong> P\u00e1l-Antal 2009; Kr\u00f3n. F\u00fcz. (1939. 4\/6)<\/br><\/p>\n","protected":false},"excerpt":{"rendered":"<p>? \u2020 ?: jog\u00fcgyi, alb\u00edr\u00f3. \u2013 V\u00e1rosi fisk\u00e1lis (1800), procurator, szenator, \u00e1llam\u00fcgy\u00e9sz (1805), N. Gy\u00f6rgy f\u0151b\u00edr\u00f3 fia, S\u00e1muel r\u00e9g\u00e9sz apja. Nevezetes \u00e9let\u00e9t\u0151l \u00edrott napl\u00f3ja. Irod.: P\u00e1l-Antal 2009; Kr\u00f3n. F\u00fcz. (1939. 4\/6)<\/p>\n","protected":false},"featured_media":0,"comment_status":"open","ping_status":"closed","template":"","meta":[],"product_brand":[],"product_cat":[137],"product_tag":[],"class_list":{"0":"post-16714","1":"product","2":"type-product","3":"status-publish","5":"product_cat-maros-megyei-eletrajzi-lexikon","7":"first","8":"instock","9":"shipping-taxable","10":"product-type-simple"},"_links":{"self":[{"href":"https:\/\/uj.adatbank.ro\/lexikon\/wp-json\/wp\/v2\/product\/16714","targetHints":{"allow":["GET"]}}],"collection":[{"href":"https:\/\/uj.adatbank.ro\/lexikon\/wp-json\/wp\/v2\/product"}],"about":[{"href":"https:\/\/uj.adatbank.ro\/lexikon\/wp-json\/wp\/v2\/types\/product"}],"replies":[{"embeddable":true,"href":"https:\/\/uj.adatbank.ro\/lexikon\/wp-json\/wp\/v2\/comments?post=16714"}],"wp:attachment":[{"href":"https:\/\/uj.adatbank.ro\/lexikon\/wp-json\/wp\/v2\/media?parent=16714"}],"wp:term":[{"taxonomy":"product_brand","embeddable":true,"href":"https:\/\/uj.adatbank.ro\/lexikon\/wp-json\/wp\/v2\/product_brand?post=16714"},{"taxonomy":"product_cat","embeddable":true,"href":"https:\/\/uj.adatbank.ro\/lexikon\/wp-json\/wp\/v2\/product_cat?post=16714"},{"taxonomy":"product_tag","embeddable":true,"href":"https:\/\/uj.adatbank.ro\/lexikon\/wp-json\/wp\/v2\/product_tag?post=16714"}],"curies":[{"name":"wp","href":"https:\/\/api.w.org\/{rel}","templated":true}]}}