{"id":16716,"date":"2025-07-15T23:27:44","date_gmt":"2025-07-15T21:27:44","guid":{"rendered":"https:\/\/uj.adatbank.ro\/lexikon\/termek\/nemes-sandor-2\/"},"modified":"2025-07-15T23:27:44","modified_gmt":"2025-07-15T21:27:44","slug":"nemes-sandor-2","status":"publish","type":"product","link":"https:\/\/uj.adatbank.ro\/lexikon\/termek\/nemes-sandor-2\/","title":{"rendered":"NEMES S\u00e1ndor"},"content":{"rendered":"<p>? \u2020 ?: sz\u00edn\u00e9sz. \u2013 A mv.-i \u00c1llami Sz\u00e9kely Sz\u00ednh\u00e1z tagja (1951\u2013). Sz\u00edn\u00e9sz a B\u00e1bsz\u00ednh\u00e1zban. \u2013 <strong>F. sz.:<\/strong> Bolha Pista kocsis (M\u00f3ricz: Uri muri); A rend\u0151rfel\u00fcgyel\u0151 (Gogol: A revizor); Pintea J\u00f3ska, fav\u00e1g\u00f3 (Kiss-Kov\u00e1ts: Vihar a havason); Ocskar (B. Gorbatov: Ap\u00e1k ifj\u00fas\u00e1ga); Ion juh\u00e1sz (L. Demetrius: Mai emberek); J\u00f3 mulat\u00e1st (1953), Andor\u00e1s (Illy\u00e9s Gyula: F\u00e1klyal\u00e1ng); Kozma (Horv\u00e1th \u00c1goston: Varga Katalin); Riporter (H. Kipphardt: Shakespeare kerestetik); Briota, ikl\u00f3di paraszt (T. Vornic-I. Postelnicu: Felsz\u00e1ll a k\u00f6d); Tam\u00e1si Henrik, sz\u00e9kely isp\u00e1n (K\u00f3s K\u00e1roly: Budai Nagy Antal), B\u00e1tori (Sarkadi Imre: Szeptember); Philip, Petruchio szolg\u00e1ja (Shakespeare: A makrancos h\u00f6lgy), Manole nyomoz\u00f3 (A. Baranga: Diadal\u00edv); Test\u0151r (Rostand: Cyrano de Bergerac); Enache (V. Stoenescu: Szerelmes levelek). <br \/><strong>Irod.:<\/strong> Ariel; Horv\u00e1th Bea; Kov\u00e1cs Levente<\/br><\/p>\n","protected":false},"excerpt":{"rendered":"<p>? \u2020 ?: sz\u00edn\u00e9sz. \u2013 A mv.-i \u00c1llami Sz\u00e9kely Sz\u00ednh\u00e1z tagja (1951\u2013). Sz\u00edn\u00e9sz a B\u00e1bsz\u00ednh\u00e1zban. \u2013 F. sz.: Bolha Pista kocsis (M\u00f3ricz: Uri muri); A rend\u0151rfel\u00fcgyel\u0151 (Gogol: A revizor); Pintea J\u00f3ska, fav\u00e1g\u00f3 (Kiss-Kov\u00e1ts: Vihar a havason); Ocskar (B. Gorbatov: Ap\u00e1k ifj\u00fas\u00e1ga); Ion juh\u00e1sz (L. Demetrius: Mai emberek); J\u00f3 mulat\u00e1st (1953), Andor\u00e1s (Illy\u00e9s Gyula: F\u00e1klyal\u00e1ng); Kozma [&hellip;]<\/p>\n","protected":false},"featured_media":0,"comment_status":"open","ping_status":"closed","template":"","meta":[],"product_brand":[],"product_cat":[137],"product_tag":[],"class_list":{"0":"post-16716","1":"product","2":"type-product","3":"status-publish","5":"product_cat-maros-megyei-eletrajzi-lexikon","7":"first","8":"instock","9":"shipping-taxable","10":"product-type-simple"},"_links":{"self":[{"href":"https:\/\/uj.adatbank.ro\/lexikon\/wp-json\/wp\/v2\/product\/16716","targetHints":{"allow":["GET"]}}],"collection":[{"href":"https:\/\/uj.adatbank.ro\/lexikon\/wp-json\/wp\/v2\/product"}],"about":[{"href":"https:\/\/uj.adatbank.ro\/lexikon\/wp-json\/wp\/v2\/types\/product"}],"replies":[{"embeddable":true,"href":"https:\/\/uj.adatbank.ro\/lexikon\/wp-json\/wp\/v2\/comments?post=16716"}],"wp:attachment":[{"href":"https:\/\/uj.adatbank.ro\/lexikon\/wp-json\/wp\/v2\/media?parent=16716"}],"wp:term":[{"taxonomy":"product_brand","embeddable":true,"href":"https:\/\/uj.adatbank.ro\/lexikon\/wp-json\/wp\/v2\/product_brand?post=16716"},{"taxonomy":"product_cat","embeddable":true,"href":"https:\/\/uj.adatbank.ro\/lexikon\/wp-json\/wp\/v2\/product_cat?post=16716"},{"taxonomy":"product_tag","embeddable":true,"href":"https:\/\/uj.adatbank.ro\/lexikon\/wp-json\/wp\/v2\/product_tag?post=16716"}],"curies":[{"name":"wp","href":"https:\/\/api.w.org\/{rel}","templated":true}]}}