{"id":1672,"date":"2025-06-28T11:49:32","date_gmt":"2025-06-28T09:49:32","guid":{"rendered":"https:\/\/uj.adatbank.ro\/lexikon\/termek\/ajtai-gecse-marton\/"},"modified":"2025-06-28T11:49:32","modified_gmt":"2025-06-28T09:49:32","slug":"ajtai-gecse-marton","status":"publish","type":"product","link":"https:\/\/uj.adatbank.ro\/lexikon\/termek\/ajtai-gecse-marton\/","title":{"rendered":"AJTAI GECSE M\u00e1rton"},"content":{"rendered":"<p>? \u2020 ? : ref. lelk\u00e9sz. \u2013 Subscrib\u00e1lt Enyeden (1723). A G\u00f6rg\u00e9nyi egyh\u00e1zmegy\u00e9be l\u00e9pett (1728). Lelk\u00e9sz volt Vajdaszentiv\u00e1nyon (1730\u201335), P\u00f3k\u00e1ban (1736\u201340), Als\u0151b\u00f6lk\u00e9nyben (1742\u201343), K\u00f6rtv\u00e9lyf\u00e1j\u00e1n (1766\u201347), Tancson (1747\u201358). <br \/><strong>Irod.:<\/strong> \u0150sz<\/br><\/p>\n","protected":false},"excerpt":{"rendered":"<p>? \u2020 ? : ref. lelk\u00e9sz. \u2013 Subscrib\u00e1lt Enyeden (1723). A G\u00f6rg\u00e9nyi egyh\u00e1zmegy\u00e9be l\u00e9pett (1728). Lelk\u00e9sz volt Vajdaszentiv\u00e1nyon (1730\u201335), P\u00f3k\u00e1ban (1736\u201340), Als\u0151b\u00f6lk\u00e9nyben (1742\u201343), K\u00f6rtv\u00e9lyf\u00e1j\u00e1n (1766\u201347), Tancson (1747\u201358). Irod.: \u0150sz<\/p>\n","protected":false},"featured_media":0,"comment_status":"open","ping_status":"closed","template":"","meta":[],"product_brand":[],"product_cat":[137],"product_tag":[],"class_list":{"0":"post-1672","1":"product","2":"type-product","3":"status-publish","5":"product_cat-maros-megyei-eletrajzi-lexikon","7":"first","8":"instock","9":"shipping-taxable","10":"product-type-simple"},"_links":{"self":[{"href":"https:\/\/uj.adatbank.ro\/lexikon\/wp-json\/wp\/v2\/product\/1672","targetHints":{"allow":["GET"]}}],"collection":[{"href":"https:\/\/uj.adatbank.ro\/lexikon\/wp-json\/wp\/v2\/product"}],"about":[{"href":"https:\/\/uj.adatbank.ro\/lexikon\/wp-json\/wp\/v2\/types\/product"}],"replies":[{"embeddable":true,"href":"https:\/\/uj.adatbank.ro\/lexikon\/wp-json\/wp\/v2\/comments?post=1672"}],"wp:attachment":[{"href":"https:\/\/uj.adatbank.ro\/lexikon\/wp-json\/wp\/v2\/media?parent=1672"}],"wp:term":[{"taxonomy":"product_brand","embeddable":true,"href":"https:\/\/uj.adatbank.ro\/lexikon\/wp-json\/wp\/v2\/product_brand?post=1672"},{"taxonomy":"product_cat","embeddable":true,"href":"https:\/\/uj.adatbank.ro\/lexikon\/wp-json\/wp\/v2\/product_cat?post=1672"},{"taxonomy":"product_tag","embeddable":true,"href":"https:\/\/uj.adatbank.ro\/lexikon\/wp-json\/wp\/v2\/product_tag?post=1672"}],"curies":[{"name":"wp","href":"https:\/\/api.w.org\/{rel}","templated":true}]}}