{"id":16727,"date":"2025-07-15T23:28:06","date_gmt":"2025-07-15T21:28:06","guid":{"rendered":"https:\/\/uj.adatbank.ro\/lexikon\/termek\/nemeth-andras-martonfalvi\/"},"modified":"2025-07-15T23:28:06","modified_gmt":"2025-07-15T21:28:06","slug":"nemeth-andras-martonfalvi","status":"publish","type":"product","link":"https:\/\/uj.adatbank.ro\/lexikon\/termek\/nemeth-andras-martonfalvi\/","title":{"rendered":"N\u00c9METH Andr\u00e1s, m\u00e1rtonfalvi"},"content":{"rendered":"<p>D\u00e1lnok, 1874., \u2020 ?: gazd\u00e1lkod\u00f3. \u2013 Sz\u00e9kely nemesi csal\u00e1db\u00f3l sz\u00e1rmazott, 300 hold csal\u00e1di birtok\u00e1t a rom\u00e1n \u00e1llam kisaj\u00e1t\u00edtotta, azut\u00e1n 40 holdon gazd\u00e1lkodott Mez\u0151r\u00fccs-\u00f6n. A Gazdasz\u00f6vetkezet eln\u00f6ke, az egyh\u00e1znak f\u0151gondnoka a MP tagja, minden kultur\u00e1lis \u00e9s hazafias \u00fcgy t\u00e1mogat\u00f3ja. <br \/><strong>Irod.:<\/strong> Sz\u00e9kelyf\u00f6ld \u00ed.k.<\/br><\/p>\n","protected":false},"excerpt":{"rendered":"<p>D\u00e1lnok, 1874., \u2020 ?: gazd\u00e1lkod\u00f3. \u2013 Sz\u00e9kely nemesi csal\u00e1db\u00f3l sz\u00e1rmazott, 300 hold csal\u00e1di birtok\u00e1t a rom\u00e1n \u00e1llam kisaj\u00e1t\u00edtotta, azut\u00e1n 40 holdon gazd\u00e1lkodott Mez\u0151r\u00fccs-\u00f6n. A Gazdasz\u00f6vetkezet eln\u00f6ke, az egyh\u00e1znak f\u0151gondnoka a MP tagja, minden kultur\u00e1lis \u00e9s hazafias \u00fcgy t\u00e1mogat\u00f3ja. Irod.: Sz\u00e9kelyf\u00f6ld \u00ed.k.<\/p>\n","protected":false},"featured_media":0,"comment_status":"open","ping_status":"closed","template":"","meta":[],"product_brand":[],"product_cat":[137],"product_tag":[],"class_list":{"0":"post-16727","1":"product","2":"type-product","3":"status-publish","5":"product_cat-maros-megyei-eletrajzi-lexikon","7":"first","8":"instock","9":"shipping-taxable","10":"product-type-simple"},"_links":{"self":[{"href":"https:\/\/uj.adatbank.ro\/lexikon\/wp-json\/wp\/v2\/product\/16727","targetHints":{"allow":["GET"]}}],"collection":[{"href":"https:\/\/uj.adatbank.ro\/lexikon\/wp-json\/wp\/v2\/product"}],"about":[{"href":"https:\/\/uj.adatbank.ro\/lexikon\/wp-json\/wp\/v2\/types\/product"}],"replies":[{"embeddable":true,"href":"https:\/\/uj.adatbank.ro\/lexikon\/wp-json\/wp\/v2\/comments?post=16727"}],"wp:attachment":[{"href":"https:\/\/uj.adatbank.ro\/lexikon\/wp-json\/wp\/v2\/media?parent=16727"}],"wp:term":[{"taxonomy":"product_brand","embeddable":true,"href":"https:\/\/uj.adatbank.ro\/lexikon\/wp-json\/wp\/v2\/product_brand?post=16727"},{"taxonomy":"product_cat","embeddable":true,"href":"https:\/\/uj.adatbank.ro\/lexikon\/wp-json\/wp\/v2\/product_cat?post=16727"},{"taxonomy":"product_tag","embeddable":true,"href":"https:\/\/uj.adatbank.ro\/lexikon\/wp-json\/wp\/v2\/product_tag?post=16727"}],"curies":[{"name":"wp","href":"https:\/\/api.w.org\/{rel}","templated":true}]}}