{"id":16729,"date":"2025-07-15T23:28:12","date_gmt":"2025-07-15T21:28:12","guid":{"rendered":"https:\/\/uj.adatbank.ro\/lexikon\/termek\/nemeth-erno\/"},"modified":"2025-07-15T23:28:12","modified_gmt":"2025-07-15T21:28:12","slug":"nemeth-erno","status":"publish","type":"product","link":"https:\/\/uj.adatbank.ro\/lexikon\/termek\/nemeth-erno\/","title":{"rendered":"N\u00c9METH Ern\u0151"},"content":{"rendered":"<p>Mv., 1931. j\u00fan. 6. \u2020 ? : orvos Mikh\u00e1z\u00e1n. Letartoztatt\u00e1k (1958. jan. 10.) \u00ab ellenforradalmi tartalm\u00fa c\u00e9dul\u00e1k \u00edr\u00f3g\u00e9pes sokszoros\u00edt\u00e1sa, terjeszt\u00e9se, a szocialista rend al\u00e1akn\u00e1z\u00e1sa\u00ab v\u00e1dj\u00e1val. <br \/><strong>Irod.:<\/strong> \u00c1ldozatok.; 1956 Erd\u00e9lyben<\/br><\/p>\n","protected":false},"excerpt":{"rendered":"<p>Mv., 1931. j\u00fan. 6. \u2020 ? : orvos Mikh\u00e1z\u00e1n. Letartoztatt\u00e1k (1958. jan. 10.) \u00ab ellenforradalmi tartalm\u00fa c\u00e9dul\u00e1k \u00edr\u00f3g\u00e9pes sokszoros\u00edt\u00e1sa, terjeszt\u00e9se, a szocialista rend al\u00e1akn\u00e1z\u00e1sa\u00ab v\u00e1dj\u00e1val. Irod.: \u00c1ldozatok.; 1956 Erd\u00e9lyben<\/p>\n","protected":false},"featured_media":0,"comment_status":"open","ping_status":"closed","template":"","meta":[],"product_brand":[],"product_cat":[137],"product_tag":[],"class_list":{"0":"post-16729","1":"product","2":"type-product","3":"status-publish","5":"product_cat-maros-megyei-eletrajzi-lexikon","7":"first","8":"instock","9":"shipping-taxable","10":"product-type-simple"},"_links":{"self":[{"href":"https:\/\/uj.adatbank.ro\/lexikon\/wp-json\/wp\/v2\/product\/16729","targetHints":{"allow":["GET"]}}],"collection":[{"href":"https:\/\/uj.adatbank.ro\/lexikon\/wp-json\/wp\/v2\/product"}],"about":[{"href":"https:\/\/uj.adatbank.ro\/lexikon\/wp-json\/wp\/v2\/types\/product"}],"replies":[{"embeddable":true,"href":"https:\/\/uj.adatbank.ro\/lexikon\/wp-json\/wp\/v2\/comments?post=16729"}],"wp:attachment":[{"href":"https:\/\/uj.adatbank.ro\/lexikon\/wp-json\/wp\/v2\/media?parent=16729"}],"wp:term":[{"taxonomy":"product_brand","embeddable":true,"href":"https:\/\/uj.adatbank.ro\/lexikon\/wp-json\/wp\/v2\/product_brand?post=16729"},{"taxonomy":"product_cat","embeddable":true,"href":"https:\/\/uj.adatbank.ro\/lexikon\/wp-json\/wp\/v2\/product_cat?post=16729"},{"taxonomy":"product_tag","embeddable":true,"href":"https:\/\/uj.adatbank.ro\/lexikon\/wp-json\/wp\/v2\/product_tag?post=16729"}],"curies":[{"name":"wp","href":"https:\/\/api.w.org\/{rel}","templated":true}]}}