{"id":1673,"date":"2025-06-28T11:49:34","date_gmt":"2025-06-28T09:49:34","guid":{"rendered":"https:\/\/uj.adatbank.ro\/lexikon\/termek\/ajtai-geza-vajasdi\/"},"modified":"2025-06-28T11:49:34","modified_gmt":"2025-06-28T09:49:34","slug":"ajtai-geza-vajasdi","status":"publish","type":"product","link":"https:\/\/uj.adatbank.ro\/lexikon\/termek\/ajtai-geza-vajasdi\/","title":{"rendered":"AJTAI G\u00e9za, vajasdi"},"content":{"rendered":"<p>? \u2020\u00a0?: f\u00f6ldbirtokos. \u2013 Feles\u00e9ge: \u00e9rsek\u00fajv\u00e1ri Gyarmati Anna. \u2013 Mez\u0151szengyeli f\u00f6ldbirtokos. Mint az EMKE alap\u00edt\u00f3 \u00e9s v\u00e1lasztott v\u00e1lasztm\u00e1nyi tagja r\u00e9szt vett az \u00fcl\u00e9sein (1886\u20131900). A feles\u00e9ge ez\u00fcst fedeles serleget adom\u00e1nyozott a mez\u0151bodoni ref. egyh\u00e1zk\u00f6zs\u00e9gnek (1891. dec. 25). <br \/><strong>Irod.:<\/strong> K\u00fck\u00fcll\u0151i Ref. Egyh\u00e1zm. 4.; S\u00e1ndor<\/br><\/p>\n","protected":false},"excerpt":{"rendered":"<p>? \u2020\u00a0?: f\u00f6ldbirtokos. \u2013 Feles\u00e9ge: \u00e9rsek\u00fajv\u00e1ri Gyarmati Anna. \u2013 Mez\u0151szengyeli f\u00f6ldbirtokos. Mint az EMKE alap\u00edt\u00f3 \u00e9s v\u00e1lasztott v\u00e1lasztm\u00e1nyi tagja r\u00e9szt vett az \u00fcl\u00e9sein (1886\u20131900). A feles\u00e9ge ez\u00fcst fedeles serleget adom\u00e1nyozott a mez\u0151bodoni ref. egyh\u00e1zk\u00f6zs\u00e9gnek (1891. dec. 25). Irod.: K\u00fck\u00fcll\u0151i Ref. Egyh\u00e1zm. 4.; S\u00e1ndor<\/p>\n","protected":false},"featured_media":0,"comment_status":"open","ping_status":"closed","template":"","meta":[],"product_brand":[],"product_cat":[137],"product_tag":[],"class_list":{"0":"post-1673","1":"product","2":"type-product","3":"status-publish","5":"product_cat-maros-megyei-eletrajzi-lexikon","7":"first","8":"instock","9":"shipping-taxable","10":"product-type-simple"},"_links":{"self":[{"href":"https:\/\/uj.adatbank.ro\/lexikon\/wp-json\/wp\/v2\/product\/1673","targetHints":{"allow":["GET"]}}],"collection":[{"href":"https:\/\/uj.adatbank.ro\/lexikon\/wp-json\/wp\/v2\/product"}],"about":[{"href":"https:\/\/uj.adatbank.ro\/lexikon\/wp-json\/wp\/v2\/types\/product"}],"replies":[{"embeddable":true,"href":"https:\/\/uj.adatbank.ro\/lexikon\/wp-json\/wp\/v2\/comments?post=1673"}],"wp:attachment":[{"href":"https:\/\/uj.adatbank.ro\/lexikon\/wp-json\/wp\/v2\/media?parent=1673"}],"wp:term":[{"taxonomy":"product_brand","embeddable":true,"href":"https:\/\/uj.adatbank.ro\/lexikon\/wp-json\/wp\/v2\/product_brand?post=1673"},{"taxonomy":"product_cat","embeddable":true,"href":"https:\/\/uj.adatbank.ro\/lexikon\/wp-json\/wp\/v2\/product_cat?post=1673"},{"taxonomy":"product_tag","embeddable":true,"href":"https:\/\/uj.adatbank.ro\/lexikon\/wp-json\/wp\/v2\/product_tag?post=1673"}],"curies":[{"name":"wp","href":"https:\/\/api.w.org\/{rel}","templated":true}]}}