{"id":16735,"date":"2025-07-15T23:28:24","date_gmt":"2025-07-15T21:28:24","guid":{"rendered":"https:\/\/uj.adatbank.ro\/lexikon\/termek\/nemeth-laszlo\/"},"modified":"2025-07-15T23:28:24","modified_gmt":"2025-07-15T21:28:24","slug":"nemeth-laszlo","status":"publish","type":"product","link":"https:\/\/uj.adatbank.ro\/lexikon\/termek\/nemeth-laszlo\/","title":{"rendered":"N\u00c9METH L\u00e1szl\u00f3"},"content":{"rendered":"<p>Kutyfalva, 1929., \u2020 Koronka, 2008 dec.19.: tan\u00e1r. \u2013 A koronkai \u00c1lt. Isk. igazgat\u00f3ja. <br \/><strong>Irod.:<\/strong> [Nekrol\u00f3g] (N\u00fa., 2008. dec. 20.)<\/br><\/p>\n","protected":false},"excerpt":{"rendered":"<p>Kutyfalva, 1929., \u2020 Koronka, 2008 dec.19.: tan\u00e1r. \u2013 A koronkai \u00c1lt. Isk. igazgat\u00f3ja. Irod.: [Nekrol\u00f3g] (N\u00fa., 2008. dec. 20.)<\/p>\n","protected":false},"featured_media":0,"comment_status":"open","ping_status":"closed","template":"","meta":[],"product_brand":[],"product_cat":[137],"product_tag":[],"class_list":{"0":"post-16735","1":"product","2":"type-product","3":"status-publish","5":"product_cat-maros-megyei-eletrajzi-lexikon","7":"first","8":"instock","9":"shipping-taxable","10":"product-type-simple"},"_links":{"self":[{"href":"https:\/\/uj.adatbank.ro\/lexikon\/wp-json\/wp\/v2\/product\/16735","targetHints":{"allow":["GET"]}}],"collection":[{"href":"https:\/\/uj.adatbank.ro\/lexikon\/wp-json\/wp\/v2\/product"}],"about":[{"href":"https:\/\/uj.adatbank.ro\/lexikon\/wp-json\/wp\/v2\/types\/product"}],"replies":[{"embeddable":true,"href":"https:\/\/uj.adatbank.ro\/lexikon\/wp-json\/wp\/v2\/comments?post=16735"}],"wp:attachment":[{"href":"https:\/\/uj.adatbank.ro\/lexikon\/wp-json\/wp\/v2\/media?parent=16735"}],"wp:term":[{"taxonomy":"product_brand","embeddable":true,"href":"https:\/\/uj.adatbank.ro\/lexikon\/wp-json\/wp\/v2\/product_brand?post=16735"},{"taxonomy":"product_cat","embeddable":true,"href":"https:\/\/uj.adatbank.ro\/lexikon\/wp-json\/wp\/v2\/product_cat?post=16735"},{"taxonomy":"product_tag","embeddable":true,"href":"https:\/\/uj.adatbank.ro\/lexikon\/wp-json\/wp\/v2\/product_tag?post=16735"}],"curies":[{"name":"wp","href":"https:\/\/api.w.org\/{rel}","templated":true}]}}