{"id":16739,"date":"2025-07-15T23:28:29","date_gmt":"2025-07-15T21:28:29","guid":{"rendered":"https:\/\/uj.adatbank.ro\/lexikon\/termek\/nemeth-sandor\/"},"modified":"2025-07-15T23:28:29","modified_gmt":"2025-07-15T21:28:29","slug":"nemeth-sandor","status":"publish","type":"product","link":"https:\/\/uj.adatbank.ro\/lexikon\/termek\/nemeth-sandor\/","title":{"rendered":"N\u00c9METH S\u00e1ndor"},"content":{"rendered":"<p>? \u2020 Mv., 1984. j\u00fan. 12.? : tan\u00e1r. \u2013 Az Al. Papiu Ilarian L\u00edc.-ban tan\u00edtott. <br \/><strong>Irod.:<\/strong>[Nekrol\u00f3g] (V. Z., 1984. j\u00fan. 13.)<\/br><\/p>\n","protected":false},"excerpt":{"rendered":"<p>? \u2020 Mv., 1984. j\u00fan. 12.? : tan\u00e1r. \u2013 Az Al. Papiu Ilarian L\u00edc.-ban tan\u00edtott. Irod.:[Nekrol\u00f3g] (V. Z., 1984. j\u00fan. 13.)<\/p>\n","protected":false},"featured_media":0,"comment_status":"open","ping_status":"closed","template":"","meta":[],"product_brand":[],"product_cat":[137],"product_tag":[],"class_list":{"0":"post-16739","1":"product","2":"type-product","3":"status-publish","5":"product_cat-maros-megyei-eletrajzi-lexikon","7":"first","8":"instock","9":"shipping-taxable","10":"product-type-simple"},"_links":{"self":[{"href":"https:\/\/uj.adatbank.ro\/lexikon\/wp-json\/wp\/v2\/product\/16739","targetHints":{"allow":["GET"]}}],"collection":[{"href":"https:\/\/uj.adatbank.ro\/lexikon\/wp-json\/wp\/v2\/product"}],"about":[{"href":"https:\/\/uj.adatbank.ro\/lexikon\/wp-json\/wp\/v2\/types\/product"}],"replies":[{"embeddable":true,"href":"https:\/\/uj.adatbank.ro\/lexikon\/wp-json\/wp\/v2\/comments?post=16739"}],"wp:attachment":[{"href":"https:\/\/uj.adatbank.ro\/lexikon\/wp-json\/wp\/v2\/media?parent=16739"}],"wp:term":[{"taxonomy":"product_brand","embeddable":true,"href":"https:\/\/uj.adatbank.ro\/lexikon\/wp-json\/wp\/v2\/product_brand?post=16739"},{"taxonomy":"product_cat","embeddable":true,"href":"https:\/\/uj.adatbank.ro\/lexikon\/wp-json\/wp\/v2\/product_cat?post=16739"},{"taxonomy":"product_tag","embeddable":true,"href":"https:\/\/uj.adatbank.ro\/lexikon\/wp-json\/wp\/v2\/product_tag?post=16739"}],"curies":[{"name":"wp","href":"https:\/\/api.w.org\/{rel}","templated":true}]}}