{"id":1674,"date":"2025-06-28T11:49:36","date_gmt":"2025-06-28T09:49:36","guid":{"rendered":"https:\/\/uj.adatbank.ro\/lexikon\/termek\/ajtai-gyorgy\/"},"modified":"2025-06-28T11:49:36","modified_gmt":"2025-06-28T09:49:36","slug":"ajtai-gyorgy","status":"publish","type":"product","link":"https:\/\/uj.adatbank.ro\/lexikon\/termek\/ajtai-gyorgy\/","title":{"rendered":"AJTAI Gy\u00f6rgy"},"content":{"rendered":"<p>? \u2020 Magyarf\u00fclp\u00f6s,1755. jan.: tan\u00edt\u00f3, ref. lelk\u00e9sz. \u2013 Nagyenyeden subscrib\u00e1lt (1671). Radn\u00f3ton tan\u00edtott (1681), k\u00e9s\u0151bb \u00dajtord\u00e1n volt rektor, majd a Kendefiek udvari papja. Abaf\u00e1j\u00e1n (1734), Maross\u00e1rpatakon (1737\u201343); Magyarr\u00e9genben (1744), Mez\u0151k\u00f6b\u00f6lk\u00faton (1745\u201348), Kisf\u00fclp\u00f6s\u00f6n szolg\u00e1lt (1748\u201351), majd hal\u00e1l\u00e1ig Magyarf\u00fclp\u00f6s\u00f6n (1752\u201355 jan.) <br \/><strong>Irod.:<\/strong> K\u00fck\u00fcll\u0151i Ref. Egyh\u00e1zm. 4.; \u0150sz<\/br><\/p>\n","protected":false},"excerpt":{"rendered":"<p>? \u2020 Magyarf\u00fclp\u00f6s,1755. jan.: tan\u00edt\u00f3, ref. lelk\u00e9sz. \u2013 Nagyenyeden subscrib\u00e1lt (1671). Radn\u00f3ton tan\u00edtott (1681), k\u00e9s\u0151bb \u00dajtord\u00e1n volt rektor, majd a Kendefiek udvari papja. Abaf\u00e1j\u00e1n (1734), Maross\u00e1rpatakon (1737\u201343); Magyarr\u00e9genben (1744), Mez\u0151k\u00f6b\u00f6lk\u00faton (1745\u201348), Kisf\u00fclp\u00f6s\u00f6n szolg\u00e1lt (1748\u201351), majd hal\u00e1l\u00e1ig Magyarf\u00fclp\u00f6s\u00f6n (1752\u201355 jan.) Irod.: K\u00fck\u00fcll\u0151i Ref. Egyh\u00e1zm. 4.; \u0150sz<\/p>\n","protected":false},"featured_media":0,"comment_status":"open","ping_status":"closed","template":"","meta":[],"product_brand":[],"product_cat":[137],"product_tag":[],"class_list":{"0":"post-1674","1":"product","2":"type-product","3":"status-publish","5":"product_cat-maros-megyei-eletrajzi-lexikon","7":"first","8":"instock","9":"shipping-taxable","10":"product-type-simple"},"_links":{"self":[{"href":"https:\/\/uj.adatbank.ro\/lexikon\/wp-json\/wp\/v2\/product\/1674","targetHints":{"allow":["GET"]}}],"collection":[{"href":"https:\/\/uj.adatbank.ro\/lexikon\/wp-json\/wp\/v2\/product"}],"about":[{"href":"https:\/\/uj.adatbank.ro\/lexikon\/wp-json\/wp\/v2\/types\/product"}],"replies":[{"embeddable":true,"href":"https:\/\/uj.adatbank.ro\/lexikon\/wp-json\/wp\/v2\/comments?post=1674"}],"wp:attachment":[{"href":"https:\/\/uj.adatbank.ro\/lexikon\/wp-json\/wp\/v2\/media?parent=1674"}],"wp:term":[{"taxonomy":"product_brand","embeddable":true,"href":"https:\/\/uj.adatbank.ro\/lexikon\/wp-json\/wp\/v2\/product_brand?post=1674"},{"taxonomy":"product_cat","embeddable":true,"href":"https:\/\/uj.adatbank.ro\/lexikon\/wp-json\/wp\/v2\/product_cat?post=1674"},{"taxonomy":"product_tag","embeddable":true,"href":"https:\/\/uj.adatbank.ro\/lexikon\/wp-json\/wp\/v2\/product_tag?post=1674"}],"curies":[{"name":"wp","href":"https:\/\/api.w.org\/{rel}","templated":true}]}}