{"id":16740,"date":"2025-07-15T23:28:31","date_gmt":"2025-07-15T21:28:31","guid":{"rendered":"https:\/\/uj.adatbank.ro\/lexikon\/termek\/nemeth-zoltan-nemet\/"},"modified":"2025-07-15T23:28:31","modified_gmt":"2025-07-15T21:28:31","slug":"nemeth-zoltan-nemet","status":"publish","type":"product","link":"https:\/\/uj.adatbank.ro\/lexikon\/termek\/nemeth-zoltan-nemet\/","title":{"rendered":"N\u00c9METH Zolt\u00e1n, N\u00e9met"},"content":{"rendered":"<p>D\u00e9va, 1914. szept. 14 \u2020 ?: jogtan\u00e1csos. \u2013 Gyulakut\u00e1n volt tisztvisel\u0151. \u2013 Letart\u00f3ztatt\u00e1k (1957. j\u00fan. 22) 20 \u00e9v b\u00f6rt\u00f6nre it\u00e1lt\u00e9k mint a Veress csoport tagj\u00e1t a t\u00e1rsadalmi rend elleni szervezked\u00e9s v\u00e1dj\u00e1val, valamint hogy egy titkos \u201eellenforradalmi szervezet\u201d tagja (1956\u2013) \u00e9s a r\u00f6pc\u00e9dul\u00e1kat leford\u00edtotta rom\u00e1nra \u00e9s terjesztette. <br \/><strong>Irod.:<\/strong> \u00c1ldozatok<\/br><\/p>\n","protected":false},"excerpt":{"rendered":"<p>D\u00e9va, 1914. szept. 14 \u2020 ?: jogtan\u00e1csos. \u2013 Gyulakut\u00e1n volt tisztvisel\u0151. \u2013 Letart\u00f3ztatt\u00e1k (1957. j\u00fan. 22) 20 \u00e9v b\u00f6rt\u00f6nre it\u00e1lt\u00e9k mint a Veress csoport tagj\u00e1t a t\u00e1rsadalmi rend elleni szervezked\u00e9s v\u00e1dj\u00e1val, valamint hogy egy titkos \u201eellenforradalmi szervezet\u201d tagja (1956\u2013) \u00e9s a r\u00f6pc\u00e9dul\u00e1kat leford\u00edtotta rom\u00e1nra \u00e9s terjesztette. Irod.: \u00c1ldozatok<\/p>\n","protected":false},"featured_media":0,"comment_status":"open","ping_status":"closed","template":"","meta":[],"product_brand":[],"product_cat":[137],"product_tag":[],"class_list":{"0":"post-16740","1":"product","2":"type-product","3":"status-publish","5":"product_cat-maros-megyei-eletrajzi-lexikon","7":"first","8":"instock","9":"shipping-taxable","10":"product-type-simple"},"_links":{"self":[{"href":"https:\/\/uj.adatbank.ro\/lexikon\/wp-json\/wp\/v2\/product\/16740","targetHints":{"allow":["GET"]}}],"collection":[{"href":"https:\/\/uj.adatbank.ro\/lexikon\/wp-json\/wp\/v2\/product"}],"about":[{"href":"https:\/\/uj.adatbank.ro\/lexikon\/wp-json\/wp\/v2\/types\/product"}],"replies":[{"embeddable":true,"href":"https:\/\/uj.adatbank.ro\/lexikon\/wp-json\/wp\/v2\/comments?post=16740"}],"wp:attachment":[{"href":"https:\/\/uj.adatbank.ro\/lexikon\/wp-json\/wp\/v2\/media?parent=16740"}],"wp:term":[{"taxonomy":"product_brand","embeddable":true,"href":"https:\/\/uj.adatbank.ro\/lexikon\/wp-json\/wp\/v2\/product_brand?post=16740"},{"taxonomy":"product_cat","embeddable":true,"href":"https:\/\/uj.adatbank.ro\/lexikon\/wp-json\/wp\/v2\/product_cat?post=16740"},{"taxonomy":"product_tag","embeddable":true,"href":"https:\/\/uj.adatbank.ro\/lexikon\/wp-json\/wp\/v2\/product_tag?post=16740"}],"curies":[{"name":"wp","href":"https:\/\/api.w.org\/{rel}","templated":true}]}}