{"id":16741,"date":"2025-07-15T23:28:36","date_gmt":"2025-07-15T21:28:36","guid":{"rendered":"https:\/\/uj.adatbank.ro\/lexikon\/termek\/nemeth-zsigmond\/"},"modified":"2025-07-15T23:28:36","modified_gmt":"2025-07-15T21:28:36","slug":"nemeth-zsigmond","status":"publish","type":"product","link":"https:\/\/uj.adatbank.ro\/lexikon\/termek\/nemeth-zsigmond\/","title":{"rendered":"N\u00c9METH Zsigmond"},"content":{"rendered":"<p>1859.?, \u2020 Mv., 1930. dec. 15.: keresked\u0151 Mv.-en. \u2013 Gyermekeik: N. Anuka Step\u00e1n Istv\u00e1nn\u00e9; N. \u00c1kos; N. J\u00falia Germann Gy\u00f6rgyn\u00e9; N. \u00c1gnes G\u00e1ll Istv\u00e1nn\u00e9. \u2013 Cikke a M. Keresk. Lapj\u00e1ban (1901). <br \/><strong>Irod.:<\/strong> Guly\u00e1s; Gy\u00e1szjelent.; Mv.-i zsid\u00f3 temet\u0151 dok.<\/br><\/p>\n","protected":false},"excerpt":{"rendered":"<p>1859.?, \u2020 Mv., 1930. dec. 15.: keresked\u0151 Mv.-en. \u2013 Gyermekeik: N. Anuka Step\u00e1n Istv\u00e1nn\u00e9; N. \u00c1kos; N. J\u00falia Germann Gy\u00f6rgyn\u00e9; N. \u00c1gnes G\u00e1ll Istv\u00e1nn\u00e9. \u2013 Cikke a M. Keresk. Lapj\u00e1ban (1901). Irod.: Guly\u00e1s; Gy\u00e1szjelent.; Mv.-i zsid\u00f3 temet\u0151 dok.<\/p>\n","protected":false},"featured_media":0,"comment_status":"open","ping_status":"closed","template":"","meta":[],"product_brand":[],"product_cat":[137],"product_tag":[],"class_list":{"0":"post-16741","1":"product","2":"type-product","3":"status-publish","5":"product_cat-maros-megyei-eletrajzi-lexikon","7":"first","8":"instock","9":"shipping-taxable","10":"product-type-simple"},"_links":{"self":[{"href":"https:\/\/uj.adatbank.ro\/lexikon\/wp-json\/wp\/v2\/product\/16741","targetHints":{"allow":["GET"]}}],"collection":[{"href":"https:\/\/uj.adatbank.ro\/lexikon\/wp-json\/wp\/v2\/product"}],"about":[{"href":"https:\/\/uj.adatbank.ro\/lexikon\/wp-json\/wp\/v2\/types\/product"}],"replies":[{"embeddable":true,"href":"https:\/\/uj.adatbank.ro\/lexikon\/wp-json\/wp\/v2\/comments?post=16741"}],"wp:attachment":[{"href":"https:\/\/uj.adatbank.ro\/lexikon\/wp-json\/wp\/v2\/media?parent=16741"}],"wp:term":[{"taxonomy":"product_brand","embeddable":true,"href":"https:\/\/uj.adatbank.ro\/lexikon\/wp-json\/wp\/v2\/product_brand?post=16741"},{"taxonomy":"product_cat","embeddable":true,"href":"https:\/\/uj.adatbank.ro\/lexikon\/wp-json\/wp\/v2\/product_cat?post=16741"},{"taxonomy":"product_tag","embeddable":true,"href":"https:\/\/uj.adatbank.ro\/lexikon\/wp-json\/wp\/v2\/product_tag?post=16741"}],"curies":[{"name":"wp","href":"https:\/\/api.w.org\/{rel}","templated":true}]}}