{"id":16742,"date":"2025-07-15T23:28:38","date_gmt":"2025-07-15T21:28:38","guid":{"rendered":"https:\/\/uj.adatbank.ro\/lexikon\/termek\/nemethi-gyorgy-sz\/"},"modified":"2025-07-15T23:28:38","modified_gmt":"2025-07-15T21:28:38","slug":"nemethi-gyorgy-sz","status":"publish","type":"product","link":"https:\/\/uj.adatbank.ro\/lexikon\/termek\/nemethi-gyorgy-sz\/","title":{"rendered":"N\u00c9METHI Gy\u00f6rgy, Sz."},"content":{"rendered":"<p>? \u2020 ?: ref. lelk\u00e9sz. \u2013 Ny\u00e1r\u00e1dszentbenedek ref. papja (1693).Ny\u00e1r\u00e1dszereda (1694) Somosdon lelk\u00e9sz (1703\u201312). Sz\u00e9kesre t\u00e1vozott (1721\u201323). Somosdi szolg\u00e1lata ideje alatt bontakozott ki a kuruc szabads\u00e1gharc (1703\u201311), amikor sz\u00fcneteltek a vizit\u00e1ci\u00f3k, mert a mesterek is katon\u00e1skodtak. Az 1710-es vizit\u00e1ci\u00f3 a marosi egyh\u00e1zmegy\u00e9ben 34 mesterb\u0151l 15-\u00f6t tal\u00e1lt a hely\u00e9n. <br \/><strong>Irod.:<\/strong> Imreh Barna; Somosd<\/br><\/p>\n","protected":false},"excerpt":{"rendered":"<p>? \u2020 ?: ref. lelk\u00e9sz. \u2013 Ny\u00e1r\u00e1dszentbenedek ref. papja (1693).Ny\u00e1r\u00e1dszereda (1694) Somosdon lelk\u00e9sz (1703\u201312). Sz\u00e9kesre t\u00e1vozott (1721\u201323). Somosdi szolg\u00e1lata ideje alatt bontakozott ki a kuruc szabads\u00e1gharc (1703\u201311), amikor sz\u00fcneteltek a vizit\u00e1ci\u00f3k, mert a mesterek is katon\u00e1skodtak. Az 1710-es vizit\u00e1ci\u00f3 a marosi egyh\u00e1zmegy\u00e9ben 34 mesterb\u0151l 15-\u00f6t tal\u00e1lt a hely\u00e9n. Irod.: Imreh Barna; Somosd<\/p>\n","protected":false},"featured_media":0,"comment_status":"open","ping_status":"closed","template":"","meta":[],"product_brand":[],"product_cat":[137],"product_tag":[],"class_list":{"0":"post-16742","1":"product","2":"type-product","3":"status-publish","5":"product_cat-maros-megyei-eletrajzi-lexikon","7":"first","8":"instock","9":"shipping-taxable","10":"product-type-simple"},"_links":{"self":[{"href":"https:\/\/uj.adatbank.ro\/lexikon\/wp-json\/wp\/v2\/product\/16742","targetHints":{"allow":["GET"]}}],"collection":[{"href":"https:\/\/uj.adatbank.ro\/lexikon\/wp-json\/wp\/v2\/product"}],"about":[{"href":"https:\/\/uj.adatbank.ro\/lexikon\/wp-json\/wp\/v2\/types\/product"}],"replies":[{"embeddable":true,"href":"https:\/\/uj.adatbank.ro\/lexikon\/wp-json\/wp\/v2\/comments?post=16742"}],"wp:attachment":[{"href":"https:\/\/uj.adatbank.ro\/lexikon\/wp-json\/wp\/v2\/media?parent=16742"}],"wp:term":[{"taxonomy":"product_brand","embeddable":true,"href":"https:\/\/uj.adatbank.ro\/lexikon\/wp-json\/wp\/v2\/product_brand?post=16742"},{"taxonomy":"product_cat","embeddable":true,"href":"https:\/\/uj.adatbank.ro\/lexikon\/wp-json\/wp\/v2\/product_cat?post=16742"},{"taxonomy":"product_tag","embeddable":true,"href":"https:\/\/uj.adatbank.ro\/lexikon\/wp-json\/wp\/v2\/product_tag?post=16742"}],"curies":[{"name":"wp","href":"https:\/\/api.w.org\/{rel}","templated":true}]}}