{"id":16745,"date":"2025-07-15T23:28:43","date_gmt":"2025-07-15T21:28:43","guid":{"rendered":"https:\/\/uj.adatbank.ro\/lexikon\/termek\/nemethy-gergely\/"},"modified":"2025-07-15T23:28:43","modified_gmt":"2025-07-15T21:28:43","slug":"nemethy-gergely","status":"publish","type":"product","link":"https:\/\/uj.adatbank.ro\/lexikon\/termek\/nemethy-gergely\/","title":{"rendered":"N\u00c9METHY Gergely"},"content":{"rendered":"<p>Vadasd, 1874., \u2020 ?: gazd\u00e1lkod\u00f3. \u2013 Iskol\u00e1i elv\u00e9gz\u00e9se ut\u00e1n apj\u00e1t\u00f3l tanult gazd\u00e1lkodni, majd \u00f6n\u00e1ll\u00f3 lett Vadasdon, 100 hold f\u00f6ld\u00f6n folytatott intenziv gazd\u00e1lkod\u00e1st \u00e9s haszon\u00e1llatt teny\u00e9szt\u00e9st. Az els\u0151 vh.-ban a 62. k. gy. ezredben harcolt. K\u00f6zs\u00e9gi b\u00edr\u00f3, a ref. egyh\u00e1z presbitere, gondnoka volt. <br \/><strong>Irod.:<\/strong> Sz\u00e9kelyf\u00f6ld \u00ed.k.<\/br><\/p>\n","protected":false},"excerpt":{"rendered":"<p>Vadasd, 1874., \u2020 ?: gazd\u00e1lkod\u00f3. \u2013 Iskol\u00e1i elv\u00e9gz\u00e9se ut\u00e1n apj\u00e1t\u00f3l tanult gazd\u00e1lkodni, majd \u00f6n\u00e1ll\u00f3 lett Vadasdon, 100 hold f\u00f6ld\u00f6n folytatott intenziv gazd\u00e1lkod\u00e1st \u00e9s haszon\u00e1llatt teny\u00e9szt\u00e9st. Az els\u0151 vh.-ban a 62. k. gy. ezredben harcolt. K\u00f6zs\u00e9gi b\u00edr\u00f3, a ref. egyh\u00e1z presbitere, gondnoka volt. Irod.: Sz\u00e9kelyf\u00f6ld \u00ed.k.<\/p>\n","protected":false},"featured_media":0,"comment_status":"open","ping_status":"closed","template":"","meta":[],"product_brand":[],"product_cat":[137],"product_tag":[],"class_list":{"0":"post-16745","1":"product","2":"type-product","3":"status-publish","5":"product_cat-maros-megyei-eletrajzi-lexikon","7":"first","8":"instock","9":"shipping-taxable","10":"product-type-simple"},"_links":{"self":[{"href":"https:\/\/uj.adatbank.ro\/lexikon\/wp-json\/wp\/v2\/product\/16745","targetHints":{"allow":["GET"]}}],"collection":[{"href":"https:\/\/uj.adatbank.ro\/lexikon\/wp-json\/wp\/v2\/product"}],"about":[{"href":"https:\/\/uj.adatbank.ro\/lexikon\/wp-json\/wp\/v2\/types\/product"}],"replies":[{"embeddable":true,"href":"https:\/\/uj.adatbank.ro\/lexikon\/wp-json\/wp\/v2\/comments?post=16745"}],"wp:attachment":[{"href":"https:\/\/uj.adatbank.ro\/lexikon\/wp-json\/wp\/v2\/media?parent=16745"}],"wp:term":[{"taxonomy":"product_brand","embeddable":true,"href":"https:\/\/uj.adatbank.ro\/lexikon\/wp-json\/wp\/v2\/product_brand?post=16745"},{"taxonomy":"product_cat","embeddable":true,"href":"https:\/\/uj.adatbank.ro\/lexikon\/wp-json\/wp\/v2\/product_cat?post=16745"},{"taxonomy":"product_tag","embeddable":true,"href":"https:\/\/uj.adatbank.ro\/lexikon\/wp-json\/wp\/v2\/product_tag?post=16745"}],"curies":[{"name":"wp","href":"https:\/\/api.w.org\/{rel}","templated":true}]}}