{"id":16747,"date":"2025-07-15T23:28:47","date_gmt":"2025-07-15T21:28:47","guid":{"rendered":"https:\/\/uj.adatbank.ro\/lexikon\/termek\/nemethy-jozsef\/"},"modified":"2025-07-15T23:28:47","modified_gmt":"2025-07-15T21:28:47","slug":"nemethy-jozsef","status":"publish","type":"product","link":"https:\/\/uj.adatbank.ro\/lexikon\/termek\/nemethy-jozsef\/","title":{"rendered":"N\u00c9METHY J\u00f3zsef"},"content":{"rendered":"<p>Mv., 1883, \u2020 ?: rend\u0151rs\u00e9gi kapit\u00e1ny. \u2013 Mv.-en m. kir. \u00e1ll. rend\u0151rs\u00e9gi kapit\u00e1ny. Katona lett (1906). A MSE kapit\u00e1nya (1905). R\u00e9szt vett az I. vh.-ban (1914\u201317), az orosz fronton harcolt, f\u0151hadnagyk\u00e9nt. Megszervezte az erd\u00e9lyi katonai rend\u0151rs\u00e9get (1917). Kit\u00fcntett\u00e9k. Minden hazafias megmozdul\u00e1snak lelkes vezet\u0151je volt. k\u00e9pz\u0151m\u0171v\u00e9szeti Erd\u00e9lyi ezredek; Illy\u00e9s<\/br><\/p>\n","protected":false},"excerpt":{"rendered":"<p>Mv., 1883, \u2020 ?: rend\u0151rs\u00e9gi kapit\u00e1ny. \u2013 Mv.-en m. kir. \u00e1ll. rend\u0151rs\u00e9gi kapit\u00e1ny. Katona lett (1906). A MSE kapit\u00e1nya (1905). R\u00e9szt vett az I. vh.-ban (1914\u201317), az orosz fronton harcolt, f\u0151hadnagyk\u00e9nt. Megszervezte az erd\u00e9lyi katonai rend\u0151rs\u00e9get (1917). Kit\u00fcntett\u00e9k. Minden hazafias megmozdul\u00e1snak lelkes vezet\u0151je volt. k\u00e9pz\u0151m\u0171v\u00e9szeti Erd\u00e9lyi ezredek; Illy\u00e9s<\/p>\n","protected":false},"featured_media":0,"comment_status":"open","ping_status":"closed","template":"","meta":[],"product_brand":[],"product_cat":[137],"product_tag":[],"class_list":{"0":"post-16747","1":"product","2":"type-product","3":"status-publish","5":"product_cat-maros-megyei-eletrajzi-lexikon","7":"first","8":"instock","9":"shipping-taxable","10":"product-type-simple"},"_links":{"self":[{"href":"https:\/\/uj.adatbank.ro\/lexikon\/wp-json\/wp\/v2\/product\/16747","targetHints":{"allow":["GET"]}}],"collection":[{"href":"https:\/\/uj.adatbank.ro\/lexikon\/wp-json\/wp\/v2\/product"}],"about":[{"href":"https:\/\/uj.adatbank.ro\/lexikon\/wp-json\/wp\/v2\/types\/product"}],"replies":[{"embeddable":true,"href":"https:\/\/uj.adatbank.ro\/lexikon\/wp-json\/wp\/v2\/comments?post=16747"}],"wp:attachment":[{"href":"https:\/\/uj.adatbank.ro\/lexikon\/wp-json\/wp\/v2\/media?parent=16747"}],"wp:term":[{"taxonomy":"product_brand","embeddable":true,"href":"https:\/\/uj.adatbank.ro\/lexikon\/wp-json\/wp\/v2\/product_brand?post=16747"},{"taxonomy":"product_cat","embeddable":true,"href":"https:\/\/uj.adatbank.ro\/lexikon\/wp-json\/wp\/v2\/product_cat?post=16747"},{"taxonomy":"product_tag","embeddable":true,"href":"https:\/\/uj.adatbank.ro\/lexikon\/wp-json\/wp\/v2\/product_tag?post=16747"}],"curies":[{"name":"wp","href":"https:\/\/api.w.org\/{rel}","templated":true}]}}