{"id":16749,"date":"2025-07-15T23:28:50","date_gmt":"2025-07-15T21:28:50","guid":{"rendered":"https:\/\/uj.adatbank.ro\/lexikon\/termek\/nemeti-denes\/"},"modified":"2025-07-15T23:28:50","modified_gmt":"2025-07-15T21:28:50","slug":"nemeti-denes","status":"publish","type":"product","link":"https:\/\/uj.adatbank.ro\/lexikon\/termek\/nemeti-denes\/","title":{"rendered":"N\u00c9METI D\u00e9nes"},"content":{"rendered":"<p>Nagyadorj\u00e1n, 1891., \u2020 ?: gazd\u00e1lkod\u00f3. \u2013 Iskol\u00e1i elv\u00e9gz\u00e9se ut\u00e1n gazd\u00e1lkod\u00e1st tanult \u00e9s \u00f6n\u00e1ll\u00f3an kezdett gazd\u00e1lkodni Nagyadorj\u00e1nban (1917). Az els\u0151 vh.-ban a szerb, orosz, olasz fronton teljes\u00edtett szolg\u00e1latot, kit\u00fcntett\u00e9k a II. o. ez\u00fcst vit. \u00e9remmel. A MP \u00e9s a Gazdak\u00f6r tagja, a k\u00f6zs\u00e9g b\u00edr\u00f3ja volt. <br \/><strong>Irod.:<\/strong> Sz\u00e9kelyf\u00f6ld \u00ed.k.<\/br><\/p>\n","protected":false},"excerpt":{"rendered":"<p>Nagyadorj\u00e1n, 1891., \u2020 ?: gazd\u00e1lkod\u00f3. \u2013 Iskol\u00e1i elv\u00e9gz\u00e9se ut\u00e1n gazd\u00e1lkod\u00e1st tanult \u00e9s \u00f6n\u00e1ll\u00f3an kezdett gazd\u00e1lkodni Nagyadorj\u00e1nban (1917). Az els\u0151 vh.-ban a szerb, orosz, olasz fronton teljes\u00edtett szolg\u00e1latot, kit\u00fcntett\u00e9k a II. o. ez\u00fcst vit. \u00e9remmel. A MP \u00e9s a Gazdak\u00f6r tagja, a k\u00f6zs\u00e9g b\u00edr\u00f3ja volt. Irod.: Sz\u00e9kelyf\u00f6ld \u00ed.k.<\/p>\n","protected":false},"featured_media":0,"comment_status":"open","ping_status":"closed","template":"","meta":[],"product_brand":[],"product_cat":[137],"product_tag":[],"class_list":{"0":"post-16749","1":"product","2":"type-product","3":"status-publish","5":"product_cat-maros-megyei-eletrajzi-lexikon","7":"first","8":"instock","9":"shipping-taxable","10":"product-type-simple"},"_links":{"self":[{"href":"https:\/\/uj.adatbank.ro\/lexikon\/wp-json\/wp\/v2\/product\/16749","targetHints":{"allow":["GET"]}}],"collection":[{"href":"https:\/\/uj.adatbank.ro\/lexikon\/wp-json\/wp\/v2\/product"}],"about":[{"href":"https:\/\/uj.adatbank.ro\/lexikon\/wp-json\/wp\/v2\/types\/product"}],"replies":[{"embeddable":true,"href":"https:\/\/uj.adatbank.ro\/lexikon\/wp-json\/wp\/v2\/comments?post=16749"}],"wp:attachment":[{"href":"https:\/\/uj.adatbank.ro\/lexikon\/wp-json\/wp\/v2\/media?parent=16749"}],"wp:term":[{"taxonomy":"product_brand","embeddable":true,"href":"https:\/\/uj.adatbank.ro\/lexikon\/wp-json\/wp\/v2\/product_brand?post=16749"},{"taxonomy":"product_cat","embeddable":true,"href":"https:\/\/uj.adatbank.ro\/lexikon\/wp-json\/wp\/v2\/product_cat?post=16749"},{"taxonomy":"product_tag","embeddable":true,"href":"https:\/\/uj.adatbank.ro\/lexikon\/wp-json\/wp\/v2\/product_tag?post=16749"}],"curies":[{"name":"wp","href":"https:\/\/api.w.org\/{rel}","templated":true}]}}