{"id":16754,"date":"2025-07-15T23:29:02","date_gmt":"2025-07-15T21:29:02","guid":{"rendered":"https:\/\/uj.adatbank.ro\/lexikon\/termek\/nemeti-jozsef-3\/"},"modified":"2025-07-15T23:29:02","modified_gmt":"2025-07-15T21:29:02","slug":"nemeti-jozsef-3","status":"publish","type":"product","link":"https:\/\/uj.adatbank.ro\/lexikon\/termek\/nemeti-jozsef-3\/","title":{"rendered":"N\u00c9METI J\u00f3zsef"},"content":{"rendered":"<p>? \u2020 ?: k\u00e1ntor, n\u00e9pi k\u00f6lt\u0151. \u2013 K\u00e1ntor 43 \u00e9vig Nagyadorj\u00e1nban, \u00e9nekkart, zenekart is vezetett. Versei megjelentek: Igazgy\u00f6ngy\u00f6k : versek (Nagyadorj\u00e1n, 2001) <br \/><strong>Irod.:<\/strong> Sepsisz\u00e9ki<\/br><\/p>\n","protected":false},"excerpt":{"rendered":"<p>? \u2020 ?: k\u00e1ntor, n\u00e9pi k\u00f6lt\u0151. \u2013 K\u00e1ntor 43 \u00e9vig Nagyadorj\u00e1nban, \u00e9nekkart, zenekart is vezetett. Versei megjelentek: Igazgy\u00f6ngy\u00f6k : versek (Nagyadorj\u00e1n, 2001) Irod.: Sepsisz\u00e9ki<\/p>\n","protected":false},"featured_media":0,"comment_status":"open","ping_status":"closed","template":"","meta":[],"product_brand":[],"product_cat":[137],"product_tag":[],"class_list":{"0":"post-16754","1":"product","2":"type-product","3":"status-publish","5":"product_cat-maros-megyei-eletrajzi-lexikon","7":"first","8":"instock","9":"shipping-taxable","10":"product-type-simple"},"_links":{"self":[{"href":"https:\/\/uj.adatbank.ro\/lexikon\/wp-json\/wp\/v2\/product\/16754","targetHints":{"allow":["GET"]}}],"collection":[{"href":"https:\/\/uj.adatbank.ro\/lexikon\/wp-json\/wp\/v2\/product"}],"about":[{"href":"https:\/\/uj.adatbank.ro\/lexikon\/wp-json\/wp\/v2\/types\/product"}],"replies":[{"embeddable":true,"href":"https:\/\/uj.adatbank.ro\/lexikon\/wp-json\/wp\/v2\/comments?post=16754"}],"wp:attachment":[{"href":"https:\/\/uj.adatbank.ro\/lexikon\/wp-json\/wp\/v2\/media?parent=16754"}],"wp:term":[{"taxonomy":"product_brand","embeddable":true,"href":"https:\/\/uj.adatbank.ro\/lexikon\/wp-json\/wp\/v2\/product_brand?post=16754"},{"taxonomy":"product_cat","embeddable":true,"href":"https:\/\/uj.adatbank.ro\/lexikon\/wp-json\/wp\/v2\/product_cat?post=16754"},{"taxonomy":"product_tag","embeddable":true,"href":"https:\/\/uj.adatbank.ro\/lexikon\/wp-json\/wp\/v2\/product_tag?post=16754"}],"curies":[{"name":"wp","href":"https:\/\/api.w.org\/{rel}","templated":true}]}}