{"id":16756,"date":"2025-07-15T23:29:08","date_gmt":"2025-07-15T21:29:08","guid":{"rendered":"https:\/\/uj.adatbank.ro\/lexikon\/termek\/nemeti-mihaly\/"},"modified":"2025-07-15T23:29:08","modified_gmt":"2025-07-15T21:29:08","slug":"nemeti-mihaly","status":"publish","type":"product","link":"https:\/\/uj.adatbank.ro\/lexikon\/termek\/nemeti-mihaly\/","title":{"rendered":"N\u00c9METI Mih\u00e1ly"},"content":{"rendered":"<p>? \u2020 ?: tan\u00edt\u00f3. \u2013 Nagyenyeden subscrib\u00e1lt (1725) v. Kv.-on (1725 k.). Boroskrakk\u00f3ban, Harasztker\u00e9ken \u00e9s Harangl\u00e1bon (1734\u201337) volt rektor. L\u00e9vita L\u00fadv\u00e9gen (1740), lelk\u00e9sz Marosfelfaluban (1743\u20131748) \u00e9s Mez\u0151k\u00f6b\u00f6lk\u00faton (1749). <br \/><strong>Irod.:<\/strong> K\u00fck\u00fcll\u0151i Ref. Egyh\u00e1zm. 2.; \u0150sz<\/br><\/p>\n","protected":false},"excerpt":{"rendered":"<p>? \u2020 ?: tan\u00edt\u00f3. \u2013 Nagyenyeden subscrib\u00e1lt (1725) v. Kv.-on (1725 k.). Boroskrakk\u00f3ban, Harasztker\u00e9ken \u00e9s Harangl\u00e1bon (1734\u201337) volt rektor. L\u00e9vita L\u00fadv\u00e9gen (1740), lelk\u00e9sz Marosfelfaluban (1743\u20131748) \u00e9s Mez\u0151k\u00f6b\u00f6lk\u00faton (1749). Irod.: K\u00fck\u00fcll\u0151i Ref. Egyh\u00e1zm. 2.; \u0150sz<\/p>\n","protected":false},"featured_media":0,"comment_status":"open","ping_status":"closed","template":"","meta":[],"product_brand":[],"product_cat":[137],"product_tag":[],"class_list":{"0":"post-16756","1":"product","2":"type-product","3":"status-publish","5":"product_cat-maros-megyei-eletrajzi-lexikon","7":"first","8":"instock","9":"shipping-taxable","10":"product-type-simple"},"_links":{"self":[{"href":"https:\/\/uj.adatbank.ro\/lexikon\/wp-json\/wp\/v2\/product\/16756","targetHints":{"allow":["GET"]}}],"collection":[{"href":"https:\/\/uj.adatbank.ro\/lexikon\/wp-json\/wp\/v2\/product"}],"about":[{"href":"https:\/\/uj.adatbank.ro\/lexikon\/wp-json\/wp\/v2\/types\/product"}],"replies":[{"embeddable":true,"href":"https:\/\/uj.adatbank.ro\/lexikon\/wp-json\/wp\/v2\/comments?post=16756"}],"wp:attachment":[{"href":"https:\/\/uj.adatbank.ro\/lexikon\/wp-json\/wp\/v2\/media?parent=16756"}],"wp:term":[{"taxonomy":"product_brand","embeddable":true,"href":"https:\/\/uj.adatbank.ro\/lexikon\/wp-json\/wp\/v2\/product_brand?post=16756"},{"taxonomy":"product_cat","embeddable":true,"href":"https:\/\/uj.adatbank.ro\/lexikon\/wp-json\/wp\/v2\/product_cat?post=16756"},{"taxonomy":"product_tag","embeddable":true,"href":"https:\/\/uj.adatbank.ro\/lexikon\/wp-json\/wp\/v2\/product_tag?post=16756"}],"curies":[{"name":"wp","href":"https:\/\/api.w.org\/{rel}","templated":true}]}}