{"id":16757,"date":"2025-07-15T23:29:10","date_gmt":"2025-07-15T21:29:10","guid":{"rendered":"https:\/\/uj.adatbank.ro\/lexikon\/termek\/nestor-iulian\/"},"modified":"2025-07-15T23:29:10","modified_gmt":"2025-07-15T21:29:10","slug":"nestor-iulian","status":"publish","type":"product","link":"https:\/\/uj.adatbank.ro\/lexikon\/termek\/nestor-iulian\/","title":{"rendered":"NESTOR, Iulian"},"content":{"rendered":"<p>? \u2020 ? g. kat. esperes, p\u00fcsp\u00f6ki helyn\u00f6k. \u2013 Bal\u00e1zsfalv\u00e1n egyh\u00e1zi revizor \u00e9s k\u00e1pl\u00e1n, g. kat. esperes. Mv.-en m\u0171k\u00f6d\u00f6tt (1911\u201313). <br \/><strong>Irod.:<\/strong> Id\u0151t\u00e1r 2<\/br><\/p>\n","protected":false},"excerpt":{"rendered":"<p>? \u2020 ? g. kat. esperes, p\u00fcsp\u00f6ki helyn\u00f6k. \u2013 Bal\u00e1zsfalv\u00e1n egyh\u00e1zi revizor \u00e9s k\u00e1pl\u00e1n, g. kat. esperes. Mv.-en m\u0171k\u00f6d\u00f6tt (1911\u201313). Irod.: Id\u0151t\u00e1r 2<\/p>\n","protected":false},"featured_media":0,"comment_status":"open","ping_status":"closed","template":"","meta":[],"product_brand":[],"product_cat":[137],"product_tag":[],"class_list":{"0":"post-16757","1":"product","2":"type-product","3":"status-publish","5":"product_cat-maros-megyei-eletrajzi-lexikon","7":"first","8":"instock","9":"shipping-taxable","10":"product-type-simple"},"_links":{"self":[{"href":"https:\/\/uj.adatbank.ro\/lexikon\/wp-json\/wp\/v2\/product\/16757","targetHints":{"allow":["GET"]}}],"collection":[{"href":"https:\/\/uj.adatbank.ro\/lexikon\/wp-json\/wp\/v2\/product"}],"about":[{"href":"https:\/\/uj.adatbank.ro\/lexikon\/wp-json\/wp\/v2\/types\/product"}],"replies":[{"embeddable":true,"href":"https:\/\/uj.adatbank.ro\/lexikon\/wp-json\/wp\/v2\/comments?post=16757"}],"wp:attachment":[{"href":"https:\/\/uj.adatbank.ro\/lexikon\/wp-json\/wp\/v2\/media?parent=16757"}],"wp:term":[{"taxonomy":"product_brand","embeddable":true,"href":"https:\/\/uj.adatbank.ro\/lexikon\/wp-json\/wp\/v2\/product_brand?post=16757"},{"taxonomy":"product_cat","embeddable":true,"href":"https:\/\/uj.adatbank.ro\/lexikon\/wp-json\/wp\/v2\/product_cat?post=16757"},{"taxonomy":"product_tag","embeddable":true,"href":"https:\/\/uj.adatbank.ro\/lexikon\/wp-json\/wp\/v2\/product_tag?post=16757"}],"curies":[{"name":"wp","href":"https:\/\/api.w.org\/{rel}","templated":true}]}}