{"id":1676,"date":"2025-06-28T11:49:39","date_gmt":"2025-06-28T09:49:39","guid":{"rendered":"https:\/\/uj.adatbank.ro\/lexikon\/termek\/ajtai-istvan-marosvasarhelyi\/"},"modified":"2025-06-28T11:49:39","modified_gmt":"2025-06-28T09:49:39","slug":"ajtai-istvan-marosvasarhelyi","status":"publish","type":"product","link":"https:\/\/uj.adatbank.ro\/lexikon\/termek\/ajtai-istvan-marosvasarhelyi\/","title":{"rendered":"AJTAI Istv\u00e1n, marosv\u00e1s\u00e1rhelyi"},"content":{"rendered":"<p>? \u2020 ? : ref. lelk\u00e9sz. \u2013 Nagyenyeden subscrib\u00e1lt. Magyarigenben rektor volt. A g\u00f6rg\u00e9nyi egyh\u00e1zmegye not\u00e1riusa (1712\u201329). Lelk\u00e9sz Dedr\u00e1dsz\u00e9plakon (1712\u201322), Magyarszentbenedeken (1726 k.\u20131730), Mez\u0151s\u00e1msondon (1731\u201341). <br \/><strong>Irod.:<\/strong> K\u00fck\u00fcll\u0151i Ref. Egyh\u00e1zm. 3.; Mez\u0151s\u00e1msond; \u0150sz<\/br><\/p>\n","protected":false},"excerpt":{"rendered":"<p>? \u2020 ? : ref. lelk\u00e9sz. \u2013 Nagyenyeden subscrib\u00e1lt. Magyarigenben rektor volt. A g\u00f6rg\u00e9nyi egyh\u00e1zmegye not\u00e1riusa (1712\u201329). Lelk\u00e9sz Dedr\u00e1dsz\u00e9plakon (1712\u201322), Magyarszentbenedeken (1726 k.\u20131730), Mez\u0151s\u00e1msondon (1731\u201341). Irod.: K\u00fck\u00fcll\u0151i Ref. Egyh\u00e1zm. 3.; Mez\u0151s\u00e1msond; \u0150sz<\/p>\n","protected":false},"featured_media":0,"comment_status":"open","ping_status":"closed","template":"","meta":[],"product_brand":[],"product_cat":[137],"product_tag":[],"class_list":{"0":"post-1676","1":"product","2":"type-product","3":"status-publish","5":"product_cat-maros-megyei-eletrajzi-lexikon","7":"first","8":"instock","9":"shipping-taxable","10":"product-type-simple"},"_links":{"self":[{"href":"https:\/\/uj.adatbank.ro\/lexikon\/wp-json\/wp\/v2\/product\/1676","targetHints":{"allow":["GET"]}}],"collection":[{"href":"https:\/\/uj.adatbank.ro\/lexikon\/wp-json\/wp\/v2\/product"}],"about":[{"href":"https:\/\/uj.adatbank.ro\/lexikon\/wp-json\/wp\/v2\/types\/product"}],"replies":[{"embeddable":true,"href":"https:\/\/uj.adatbank.ro\/lexikon\/wp-json\/wp\/v2\/comments?post=1676"}],"wp:attachment":[{"href":"https:\/\/uj.adatbank.ro\/lexikon\/wp-json\/wp\/v2\/media?parent=1676"}],"wp:term":[{"taxonomy":"product_brand","embeddable":true,"href":"https:\/\/uj.adatbank.ro\/lexikon\/wp-json\/wp\/v2\/product_brand?post=1676"},{"taxonomy":"product_cat","embeddable":true,"href":"https:\/\/uj.adatbank.ro\/lexikon\/wp-json\/wp\/v2\/product_cat?post=1676"},{"taxonomy":"product_tag","embeddable":true,"href":"https:\/\/uj.adatbank.ro\/lexikon\/wp-json\/wp\/v2\/product_tag?post=1676"}],"curies":[{"name":"wp","href":"https:\/\/api.w.org\/{rel}","templated":true}]}}