{"id":16762,"date":"2025-07-15T23:29:22","date_gmt":"2025-07-15T21:29:22","guid":{"rendered":"https:\/\/uj.adatbank.ro\/lexikon\/termek\/neuhauser-ferenc-neuhauser-franz\/"},"modified":"2025-07-15T23:29:22","modified_gmt":"2025-07-15T21:29:22","slug":"neuhauser-ferenc-neuhauser-franz","status":"publish","type":"product","link":"https:\/\/uj.adatbank.ro\/lexikon\/termek\/neuhauser-ferenc-neuhauser-franz\/","title":{"rendered":"NEUHAUSER Ferenc, Neuhauser Franz"},"content":{"rendered":"<p>Nagyszeben (B\u00e9cs ?), 1763, \u2020 Nagyszeben, 1836. aug. 22.: fest\u0151, lito\u00adgr\u00e1fus, restaur\u00e1tor. \u2013 Tervbe vette egy erd\u00e9lyi l\u00e1t\u00adk\u00e9psorozat megind\u00edt\u00e1s\u00e1t (1814\u201323), amelyhez 74 litograf\u00e1lt t\u00e1jk\u00e9pet (pl. Mv. l\u00e1tk\u00e9pe 1832, MNM) k\u00e9sz\u00edtett. <br \/><strong>Irod.:<\/strong> Banner; \u00daM\u00c9L<\/br><\/p>\n","protected":false},"excerpt":{"rendered":"<p>Nagyszeben (B\u00e9cs ?), 1763, \u2020 Nagyszeben, 1836. aug. 22.: fest\u0151, lito\u00adgr\u00e1fus, restaur\u00e1tor. \u2013 Tervbe vette egy erd\u00e9lyi l\u00e1t\u00adk\u00e9psorozat megind\u00edt\u00e1s\u00e1t (1814\u201323), amelyhez 74 litograf\u00e1lt t\u00e1jk\u00e9pet (pl. Mv. l\u00e1tk\u00e9pe 1832, MNM) k\u00e9sz\u00edtett. Irod.: Banner; \u00daM\u00c9L<\/p>\n","protected":false},"featured_media":0,"comment_status":"open","ping_status":"closed","template":"","meta":[],"product_brand":[],"product_cat":[137],"product_tag":[],"class_list":{"0":"post-16762","1":"product","2":"type-product","3":"status-publish","5":"product_cat-maros-megyei-eletrajzi-lexikon","7":"first","8":"instock","9":"shipping-taxable","10":"product-type-simple"},"_links":{"self":[{"href":"https:\/\/uj.adatbank.ro\/lexikon\/wp-json\/wp\/v2\/product\/16762","targetHints":{"allow":["GET"]}}],"collection":[{"href":"https:\/\/uj.adatbank.ro\/lexikon\/wp-json\/wp\/v2\/product"}],"about":[{"href":"https:\/\/uj.adatbank.ro\/lexikon\/wp-json\/wp\/v2\/types\/product"}],"replies":[{"embeddable":true,"href":"https:\/\/uj.adatbank.ro\/lexikon\/wp-json\/wp\/v2\/comments?post=16762"}],"wp:attachment":[{"href":"https:\/\/uj.adatbank.ro\/lexikon\/wp-json\/wp\/v2\/media?parent=16762"}],"wp:term":[{"taxonomy":"product_brand","embeddable":true,"href":"https:\/\/uj.adatbank.ro\/lexikon\/wp-json\/wp\/v2\/product_brand?post=16762"},{"taxonomy":"product_cat","embeddable":true,"href":"https:\/\/uj.adatbank.ro\/lexikon\/wp-json\/wp\/v2\/product_cat?post=16762"},{"taxonomy":"product_tag","embeddable":true,"href":"https:\/\/uj.adatbank.ro\/lexikon\/wp-json\/wp\/v2\/product_tag?post=16762"}],"curies":[{"name":"wp","href":"https:\/\/api.w.org\/{rel}","templated":true}]}}