{"id":16765,"date":"2025-07-15T23:29:28","date_gmt":"2025-07-15T21:29:28","guid":{"rendered":"https:\/\/uj.adatbank.ro\/lexikon\/termek\/neumann-moric\/"},"modified":"2025-07-15T23:29:28","modified_gmt":"2025-07-15T21:29:28","slug":"neumann-moric","status":"publish","type":"product","link":"https:\/\/uj.adatbank.ro\/lexikon\/termek\/neumann-moric\/","title":{"rendered":"NEUMANN M\u00f3ric"},"content":{"rendered":"<p>Monosfalu v. Sz\u00e1szr\u00e9gen, 1872. aug. 14., \u2020 ?: gy\u00e1ros. \u2013 Apja \u00e9p\u00edt\u0151mester. \u2013 Tanult a b\u00e9csi m\u0171egyetem M\u00e9rn\u00f6ki Kar\u00e1n (1890\u201391), majd a m\u00fcncheni M\u0171egy. Mag\u00e1p\u00edt. Kar\u00e1n (1892\u201393; 1894\u201395). Mv.-en volt sz\u00f3dav\u00edzgy\u00e1ra k\u00f6z\u00f6sen V\u00e1radi Mendellel (1926. mv.-i gy\u00e1r nyilv\u00e1ntart\u00e1s) a k\u00e9t vh. k\u00f6z\u00f6tt. <br \/><strong>Irod.:<\/strong> Pan\u0103, Szab\u00f3-Simon; Sz\u00f6gi ha u.a.<\/br><\/p>\n","protected":false},"excerpt":{"rendered":"<p>Monosfalu v. Sz\u00e1szr\u00e9gen, 1872. aug. 14., \u2020 ?: gy\u00e1ros. \u2013 Apja \u00e9p\u00edt\u0151mester. \u2013 Tanult a b\u00e9csi m\u0171egyetem M\u00e9rn\u00f6ki Kar\u00e1n (1890\u201391), majd a m\u00fcncheni M\u0171egy. Mag\u00e1p\u00edt. Kar\u00e1n (1892\u201393; 1894\u201395). Mv.-en volt sz\u00f3dav\u00edzgy\u00e1ra k\u00f6z\u00f6sen V\u00e1radi Mendellel (1926. mv.-i gy\u00e1r nyilv\u00e1ntart\u00e1s) a k\u00e9t vh. k\u00f6z\u00f6tt. Irod.: Pan\u0103, Szab\u00f3-Simon; Sz\u00f6gi ha u.a.<\/p>\n","protected":false},"featured_media":0,"comment_status":"open","ping_status":"closed","template":"","meta":[],"product_brand":[],"product_cat":[137],"product_tag":[],"class_list":{"0":"post-16765","1":"product","2":"type-product","3":"status-publish","5":"product_cat-maros-megyei-eletrajzi-lexikon","7":"first","8":"instock","9":"shipping-taxable","10":"product-type-simple"},"_links":{"self":[{"href":"https:\/\/uj.adatbank.ro\/lexikon\/wp-json\/wp\/v2\/product\/16765","targetHints":{"allow":["GET"]}}],"collection":[{"href":"https:\/\/uj.adatbank.ro\/lexikon\/wp-json\/wp\/v2\/product"}],"about":[{"href":"https:\/\/uj.adatbank.ro\/lexikon\/wp-json\/wp\/v2\/types\/product"}],"replies":[{"embeddable":true,"href":"https:\/\/uj.adatbank.ro\/lexikon\/wp-json\/wp\/v2\/comments?post=16765"}],"wp:attachment":[{"href":"https:\/\/uj.adatbank.ro\/lexikon\/wp-json\/wp\/v2\/media?parent=16765"}],"wp:term":[{"taxonomy":"product_brand","embeddable":true,"href":"https:\/\/uj.adatbank.ro\/lexikon\/wp-json\/wp\/v2\/product_brand?post=16765"},{"taxonomy":"product_cat","embeddable":true,"href":"https:\/\/uj.adatbank.ro\/lexikon\/wp-json\/wp\/v2\/product_cat?post=16765"},{"taxonomy":"product_tag","embeddable":true,"href":"https:\/\/uj.adatbank.ro\/lexikon\/wp-json\/wp\/v2\/product_tag?post=16765"}],"curies":[{"name":"wp","href":"https:\/\/api.w.org\/{rel}","templated":true}]}}