{"id":16766,"date":"2025-07-15T23:29:30","date_gmt":"2025-07-15T21:29:30","guid":{"rendered":"https:\/\/uj.adatbank.ro\/lexikon\/termek\/neumann-stefania\/"},"modified":"2025-07-15T23:29:30","modified_gmt":"2025-07-15T21:29:30","slug":"neumann-stefania","status":"publish","type":"product","link":"https:\/\/uj.adatbank.ro\/lexikon\/termek\/neumann-stefania\/","title":{"rendered":"NEUMANN Stef\u00e1nia"},"content":{"rendered":"<p>? \u2020 ?: gy\u00f3gyszer\u00e9sz. \u2013 A MOGYI Gy\u00f3gyszer\u00e9szeti K\u00e9miai Tansz\u00e9k\u00e9nek munkat\u00e1rsa, laborat\u00f3riumi f\u0151n\u00f6k (1959. okt. 1.\u201366. m\u00e1rc. 11.). \u2013 Irod : Facultatea de Farmacie; Genersich<\/br><\/p>\n","protected":false},"excerpt":{"rendered":"<p>? \u2020 ?: gy\u00f3gyszer\u00e9sz. \u2013 A MOGYI Gy\u00f3gyszer\u00e9szeti K\u00e9miai Tansz\u00e9k\u00e9nek munkat\u00e1rsa, laborat\u00f3riumi f\u0151n\u00f6k (1959. okt. 1.\u201366. m\u00e1rc. 11.). \u2013 Irod : Facultatea de Farmacie; Genersich<\/p>\n","protected":false},"featured_media":0,"comment_status":"open","ping_status":"closed","template":"","meta":[],"product_brand":[],"product_cat":[137],"product_tag":[],"class_list":{"0":"post-16766","1":"product","2":"type-product","3":"status-publish","5":"product_cat-maros-megyei-eletrajzi-lexikon","7":"first","8":"instock","9":"shipping-taxable","10":"product-type-simple"},"_links":{"self":[{"href":"https:\/\/uj.adatbank.ro\/lexikon\/wp-json\/wp\/v2\/product\/16766","targetHints":{"allow":["GET"]}}],"collection":[{"href":"https:\/\/uj.adatbank.ro\/lexikon\/wp-json\/wp\/v2\/product"}],"about":[{"href":"https:\/\/uj.adatbank.ro\/lexikon\/wp-json\/wp\/v2\/types\/product"}],"replies":[{"embeddable":true,"href":"https:\/\/uj.adatbank.ro\/lexikon\/wp-json\/wp\/v2\/comments?post=16766"}],"wp:attachment":[{"href":"https:\/\/uj.adatbank.ro\/lexikon\/wp-json\/wp\/v2\/media?parent=16766"}],"wp:term":[{"taxonomy":"product_brand","embeddable":true,"href":"https:\/\/uj.adatbank.ro\/lexikon\/wp-json\/wp\/v2\/product_brand?post=16766"},{"taxonomy":"product_cat","embeddable":true,"href":"https:\/\/uj.adatbank.ro\/lexikon\/wp-json\/wp\/v2\/product_cat?post=16766"},{"taxonomy":"product_tag","embeddable":true,"href":"https:\/\/uj.adatbank.ro\/lexikon\/wp-json\/wp\/v2\/product_tag?post=16766"}],"curies":[{"name":"wp","href":"https:\/\/api.w.org\/{rel}","templated":true}]}}