{"id":16767,"date":"2025-07-15T23:29:32","date_gmt":"2025-07-15T21:29:32","guid":{"rendered":"https:\/\/uj.adatbank.ro\/lexikon\/termek\/neustadter-michael-gottlieb-neustaedter-michael\/"},"modified":"2025-07-15T23:29:32","modified_gmt":"2025-07-15T21:29:32","slug":"neustadter-michael-gottlieb-neustaedter-michael","status":"publish","type":"product","link":"https:\/\/uj.adatbank.ro\/lexikon\/termek\/neustadter-michael-gottlieb-neustaedter-michael\/","title":{"rendered":"NEUST\u00c4DTER, Michael Gottlieb, Neustaedter, Michael"},"content":{"rendered":"<p>Segesv\u00e1r, 1736. szept. 7., \u2020 Nagyszeben, 1806. j\u00fan. 5.: orvos. \u2013 Gimn\u00e1ziumot Segesv\u00e1ron \u00e9s Mv.-en, orvosi tanulm\u00e1nyokat B\u00e9csben (1756), Erlangenben (1761) \u00e9s Strassburgban (1761. aug. 5.\u2013) v\u00e9gzett. Doktori c\u00edmet Erlangenben kapott (1762), ahol r\u00f6vid ideig mag\u00e1ntan\u00e1r volt, majd Szebenben telepedett le. K\u00f6rorvosk\u00e9nt dolgozott Fogarason \u00e9s Sz\u00e1szsebesen (1770\u2013), Szebenben tiszti f\u0151orvos (1774\u2013), II. J\u00f3zsef kinevezte \u00e1llami f\u0151orvosnak (1784), elnyerve a cs\u00e1sz\u00e1r eg\u00e9szs\u00e9g\u00fcgyi tan\u00e1csosa c\u00edmet (1792\u2013). Cikkei a Siebenb. Quartalschriftben. \u2013 <strong>F. m.:<\/strong> Triga casuum medico-chirurgicorum quam praeside D. Henrico Friderico Delio \u2026 examini submittit autor et respondens (Erlangen, 1762); Die Pest im Burzenlande 1786 (Hermannstadt, 1793); Consignatio specifica omnium Plantarum, quae in Magno hocce Principatu transivaniae sponte sua crescunt (Klausenburg, 1795); Die Pest im Cronst\u00e4dter Distrikte in Siebenb\u00fcrgen im Jahr 1786: Nebst einigen vorangeschickten Bemerkungen. (Wien, 1797); Die Pest im Burzenlande 1786 : Nebst einigen vorangeschickten allgemeinen Bemerkungen. (Hermannstadt, 1798); Kuchpocken-Katechismus oder Anweisung \u00fcber die Art, die Kuhpocken einzuimpfen (Hermannstadt, 1801); \u00dcber die Kuhpocken-Impfung (Hermannstadt, 1803); Cuv\u00e2nt pe scurt despre ultuirea v\u0103rsatului de vac\u0103 spre \u00eent\u0103rirea inimii pentru to\u0163i P\u0103rin\u0163ii din Ardeal. (Sibii, 1804). <br \/><strong>Irod.:<\/strong> Bianu; D\u00f3czy; F\u00fcl\u00f6p\u2013Ferencz; Gy\u0151ry; LSS; Magyary-Kossa 4. k.; RMK III\/18. sz.; Szab\u00f3-Sz\u00f6gi; Szinnyei; Szinnyei J; Szinnyei J-Sz. J.; Tonk S. 2020; Veress; La vie scientifique en Roumanie (Buc., 1932)<\/br><\/p>\n","protected":false},"excerpt":{"rendered":"<p>Segesv\u00e1r, 1736. szept. 7., \u2020 Nagyszeben, 1806. j\u00fan. 5.: orvos. \u2013 Gimn\u00e1ziumot Segesv\u00e1ron \u00e9s Mv.-en, orvosi tanulm\u00e1nyokat B\u00e9csben (1756), Erlangenben (1761) \u00e9s Strassburgban (1761. aug. 5.\u2013) v\u00e9gzett. Doktori c\u00edmet Erlangenben kapott (1762), ahol r\u00f6vid ideig mag\u00e1ntan\u00e1r volt, majd Szebenben telepedett le. K\u00f6rorvosk\u00e9nt dolgozott Fogarason \u00e9s Sz\u00e1szsebesen (1770\u2013), Szebenben tiszti f\u0151orvos (1774\u2013), II. J\u00f3zsef kinevezte \u00e1llami [&hellip;]<\/p>\n","protected":false},"featured_media":0,"comment_status":"open","ping_status":"closed","template":"","meta":[],"product_brand":[],"product_cat":[137],"product_tag":[],"class_list":{"0":"post-16767","1":"product","2":"type-product","3":"status-publish","5":"product_cat-maros-megyei-eletrajzi-lexikon","7":"first","8":"instock","9":"shipping-taxable","10":"product-type-simple"},"_links":{"self":[{"href":"https:\/\/uj.adatbank.ro\/lexikon\/wp-json\/wp\/v2\/product\/16767","targetHints":{"allow":["GET"]}}],"collection":[{"href":"https:\/\/uj.adatbank.ro\/lexikon\/wp-json\/wp\/v2\/product"}],"about":[{"href":"https:\/\/uj.adatbank.ro\/lexikon\/wp-json\/wp\/v2\/types\/product"}],"replies":[{"embeddable":true,"href":"https:\/\/uj.adatbank.ro\/lexikon\/wp-json\/wp\/v2\/comments?post=16767"}],"wp:attachment":[{"href":"https:\/\/uj.adatbank.ro\/lexikon\/wp-json\/wp\/v2\/media?parent=16767"}],"wp:term":[{"taxonomy":"product_brand","embeddable":true,"href":"https:\/\/uj.adatbank.ro\/lexikon\/wp-json\/wp\/v2\/product_brand?post=16767"},{"taxonomy":"product_cat","embeddable":true,"href":"https:\/\/uj.adatbank.ro\/lexikon\/wp-json\/wp\/v2\/product_cat?post=16767"},{"taxonomy":"product_tag","embeddable":true,"href":"https:\/\/uj.adatbank.ro\/lexikon\/wp-json\/wp\/v2\/product_tag?post=16767"}],"curies":[{"name":"wp","href":"https:\/\/api.w.org\/{rel}","templated":true}]}}