{"id":16771,"date":"2025-07-15T23:29:41","date_gmt":"2025-07-15T21:29:41","guid":{"rendered":"https:\/\/uj.adatbank.ro\/lexikon\/termek\/nicoara-adrian\/"},"modified":"2025-07-15T23:29:41","modified_gmt":"2025-07-15T21:29:41","slug":"nicoara-adrian","status":"publish","type":"product","link":"https:\/\/uj.adatbank.ro\/lexikon\/termek\/nicoara-adrian\/","title":{"rendered":"NICOAR\u0102 Adrian"},"content":{"rendered":"<p>Ol\u00e1hkocs\u00e1rd, 1914. jan. 15., \u2020 ?: k\u00e9pvisel\u0151. \u2013 A Nemzeti Liber\u00e1lis P\u00e1rt k\u00e9pvisel\u0151je, Brass\u00f3 megye k\u00fcld\u00f6tte. <br \/><strong>Irod.:<\/strong> MMK<\/br><\/p>\n","protected":false},"excerpt":{"rendered":"<p>Ol\u00e1hkocs\u00e1rd, 1914. jan. 15., \u2020 ?: k\u00e9pvisel\u0151. \u2013 A Nemzeti Liber\u00e1lis P\u00e1rt k\u00e9pvisel\u0151je, Brass\u00f3 megye k\u00fcld\u00f6tte. Irod.: MMK<\/p>\n","protected":false},"featured_media":0,"comment_status":"open","ping_status":"closed","template":"","meta":[],"product_brand":[],"product_cat":[137],"product_tag":[],"class_list":{"0":"post-16771","1":"product","2":"type-product","3":"status-publish","5":"product_cat-maros-megyei-eletrajzi-lexikon","7":"first","8":"instock","9":"shipping-taxable","10":"product-type-simple"},"_links":{"self":[{"href":"https:\/\/uj.adatbank.ro\/lexikon\/wp-json\/wp\/v2\/product\/16771","targetHints":{"allow":["GET"]}}],"collection":[{"href":"https:\/\/uj.adatbank.ro\/lexikon\/wp-json\/wp\/v2\/product"}],"about":[{"href":"https:\/\/uj.adatbank.ro\/lexikon\/wp-json\/wp\/v2\/types\/product"}],"replies":[{"embeddable":true,"href":"https:\/\/uj.adatbank.ro\/lexikon\/wp-json\/wp\/v2\/comments?post=16771"}],"wp:attachment":[{"href":"https:\/\/uj.adatbank.ro\/lexikon\/wp-json\/wp\/v2\/media?parent=16771"}],"wp:term":[{"taxonomy":"product_brand","embeddable":true,"href":"https:\/\/uj.adatbank.ro\/lexikon\/wp-json\/wp\/v2\/product_brand?post=16771"},{"taxonomy":"product_cat","embeddable":true,"href":"https:\/\/uj.adatbank.ro\/lexikon\/wp-json\/wp\/v2\/product_cat?post=16771"},{"taxonomy":"product_tag","embeddable":true,"href":"https:\/\/uj.adatbank.ro\/lexikon\/wp-json\/wp\/v2\/product_tag?post=16771"}],"curies":[{"name":"wp","href":"https:\/\/api.w.org\/{rel}","templated":true}]}}