{"id":16772,"date":"2025-07-15T23:29:43","date_gmt":"2025-07-15T21:29:43","guid":{"rendered":"https:\/\/uj.adatbank.ro\/lexikon\/termek\/nicoara-daniel\/"},"modified":"2025-07-26T13:28:07","modified_gmt":"2025-07-26T11:28:07","slug":"nicoara-daniel","status":"publish","type":"product","link":"https:\/\/uj.adatbank.ro\/lexikon\/termek\/nicoara-daniel\/","title":{"rendered":"NICOAR\u0102, Daniel"},"content":{"rendered":"<p>B\u00faz\u00e1sbocs\u00e1rd, 1847. j\u00fal. 1. \u2020 ? : g. kat. pap. \u2013 Teol\u00f3gi\u00e1t v\u00e9gzett (1872). R\u00f6vid ideig Maross\u00e1lyiban szolg\u00e1lt, azut\u00e1n Sz\u00e9lk\u00fatba helyezt\u00e9k, ahol n\u00e9h\u00e1ny \u00e9vtizedig szolg\u00e1lt, \u00e9s igen nagyra becs\u00fclt\u00e9k (1873\u20131901). El\u00e9g j\u00f3 anyagi k\u00f6r\u00fclm\u00e9nyekkel rendelkezett. Erk\u00f6lcs\u00f6s magatart\u00e1sa r\u00e9v\u00e9n megkapta az \u00e1llami t\u00e1mogat\u00e1st is (62,40 ft.-t).<br \/>\n<strong>Irod.:<\/strong> S\u0103lcud<\/p>\n","protected":false},"excerpt":{"rendered":"<p>B\u00faz\u00e1sbocs\u00e1rd, 1847. j\u00fal. 1. \u2020 ? : g. kat. pap. \u2013 Teol\u00f3gi\u00e1t v\u00e9gzett (1872). R\u00f6vid ideig Maross\u00e1lyiban szolg\u00e1lt, azut\u00e1n Sz\u00e9lk\u00fatba helyezt\u00e9k, ahol n\u00e9h\u00e1ny \u00e9vtizedig szolg\u00e1lt, \u00e9s igen nagyra becs\u00fclt\u00e9k (1873\u20131901). El\u00e9g j\u00f3 anyagi k\u00f6r\u00fclm\u00e9nyekkel rendelkezett. Erk\u00f6lcs\u00f6s magatart\u00e1sa r\u00e9v\u00e9n megkapta az \u00e1llami t\u00e1mogat\u00e1st is (62,40 ft.-t). Irod.: S\u0103lcud<\/p>\n","protected":false},"featured_media":0,"comment_status":"open","ping_status":"closed","template":"","meta":[],"product_brand":[],"product_cat":[137],"product_tag":[],"class_list":{"0":"post-16772","1":"product","2":"type-product","3":"status-publish","5":"product_cat-maros-megyei-eletrajzi-lexikon","7":"first","8":"instock","9":"shipping-taxable","10":"product-type-simple"},"_links":{"self":[{"href":"https:\/\/uj.adatbank.ro\/lexikon\/wp-json\/wp\/v2\/product\/16772","targetHints":{"allow":["GET"]}}],"collection":[{"href":"https:\/\/uj.adatbank.ro\/lexikon\/wp-json\/wp\/v2\/product"}],"about":[{"href":"https:\/\/uj.adatbank.ro\/lexikon\/wp-json\/wp\/v2\/types\/product"}],"replies":[{"embeddable":true,"href":"https:\/\/uj.adatbank.ro\/lexikon\/wp-json\/wp\/v2\/comments?post=16772"}],"wp:attachment":[{"href":"https:\/\/uj.adatbank.ro\/lexikon\/wp-json\/wp\/v2\/media?parent=16772"}],"wp:term":[{"taxonomy":"product_brand","embeddable":true,"href":"https:\/\/uj.adatbank.ro\/lexikon\/wp-json\/wp\/v2\/product_brand?post=16772"},{"taxonomy":"product_cat","embeddable":true,"href":"https:\/\/uj.adatbank.ro\/lexikon\/wp-json\/wp\/v2\/product_cat?post=16772"},{"taxonomy":"product_tag","embeddable":true,"href":"https:\/\/uj.adatbank.ro\/lexikon\/wp-json\/wp\/v2\/product_tag?post=16772"}],"curies":[{"name":"wp","href":"https:\/\/api.w.org\/{rel}","templated":true}]}}