{"id":16776,"date":"2025-07-15T23:29:51","date_gmt":"2025-07-15T21:29:51","guid":{"rendered":"https:\/\/uj.adatbank.ro\/lexikon\/termek\/nicoara-maria-nicoara-eugenne-jenone-manglicio-maria\/"},"modified":"2025-07-15T23:29:51","modified_gmt":"2025-07-15T21:29:51","slug":"nicoara-maria-nicoara-eugenne-jenone-manglicio-maria","status":"publish","type":"product","link":"https:\/\/uj.adatbank.ro\/lexikon\/termek\/nicoara-maria-nicoara-eugenne-jenone-manglicio-maria\/","title":{"rendered":"NICOAR\u0102 Maria; Nicoar\u0103 Eugenn\u00e9, Jen\u0151n\u00e9; Manglicio M\u00e1ria"},"content":{"rendered":"<p>Bp., ? \u2020 ?: orvos. \u2013 Tanulm\u00e1nyait Bp.-en v\u00e9gezte \u00e9s orvosi diplom\u00e1t szerzett. F\u00e9rjhez ment dr. Nicora sz\u00e1szr\u00e9geni k\u00f3rh\u00e1zi \u2013 igazgat\u00f3 orvoshoz. Szov\u00e1t\u00e1n tev\u00e9kenykedett. Valamennyi szoci\u00e1lis \u00e9s kultur\u00e1lis egyes\u00fclet lelkes t\u00e1mogat\u00f3ja volt. <br \/><strong>Irod.:<\/strong> Netea V.: Sub stindardul Astrei (Reghin, 1939); Sz\u00e9kelyf\u00f6ld \u00ed.k.<\/br><\/p>\n","protected":false},"excerpt":{"rendered":"<p>Bp., ? \u2020 ?: orvos. \u2013 Tanulm\u00e1nyait Bp.-en v\u00e9gezte \u00e9s orvosi diplom\u00e1t szerzett. F\u00e9rjhez ment dr. Nicora sz\u00e1szr\u00e9geni k\u00f3rh\u00e1zi \u2013 igazgat\u00f3 orvoshoz. Szov\u00e1t\u00e1n tev\u00e9kenykedett. Valamennyi szoci\u00e1lis \u00e9s kultur\u00e1lis egyes\u00fclet lelkes t\u00e1mogat\u00f3ja volt. Irod.: Netea V.: Sub stindardul Astrei (Reghin, 1939); Sz\u00e9kelyf\u00f6ld \u00ed.k.<\/p>\n","protected":false},"featured_media":0,"comment_status":"open","ping_status":"closed","template":"","meta":[],"product_brand":[],"product_cat":[137],"product_tag":[],"class_list":{"0":"post-16776","1":"product","2":"type-product","3":"status-publish","5":"product_cat-maros-megyei-eletrajzi-lexikon","7":"first","8":"instock","9":"shipping-taxable","10":"product-type-simple"},"_links":{"self":[{"href":"https:\/\/uj.adatbank.ro\/lexikon\/wp-json\/wp\/v2\/product\/16776","targetHints":{"allow":["GET"]}}],"collection":[{"href":"https:\/\/uj.adatbank.ro\/lexikon\/wp-json\/wp\/v2\/product"}],"about":[{"href":"https:\/\/uj.adatbank.ro\/lexikon\/wp-json\/wp\/v2\/types\/product"}],"replies":[{"embeddable":true,"href":"https:\/\/uj.adatbank.ro\/lexikon\/wp-json\/wp\/v2\/comments?post=16776"}],"wp:attachment":[{"href":"https:\/\/uj.adatbank.ro\/lexikon\/wp-json\/wp\/v2\/media?parent=16776"}],"wp:term":[{"taxonomy":"product_brand","embeddable":true,"href":"https:\/\/uj.adatbank.ro\/lexikon\/wp-json\/wp\/v2\/product_brand?post=16776"},{"taxonomy":"product_cat","embeddable":true,"href":"https:\/\/uj.adatbank.ro\/lexikon\/wp-json\/wp\/v2\/product_cat?post=16776"},{"taxonomy":"product_tag","embeddable":true,"href":"https:\/\/uj.adatbank.ro\/lexikon\/wp-json\/wp\/v2\/product_tag?post=16776"}],"curies":[{"name":"wp","href":"https:\/\/api.w.org\/{rel}","templated":true}]}}