{"id":1678,"date":"2025-06-28T11:49:46","date_gmt":"2025-06-28T09:49:46","guid":{"rendered":"https:\/\/uj.adatbank.ro\/lexikon\/termek\/ajtai-janos-2\/"},"modified":"2025-06-28T11:49:46","modified_gmt":"2025-06-28T09:49:46","slug":"ajtai-janos-2","status":"publish","type":"product","link":"https:\/\/uj.adatbank.ro\/lexikon\/termek\/ajtai-janos-2\/","title":{"rendered":"AJTAI J\u00e1nos"},"content":{"rendered":"<p>? \u2020 Ol\u00e1hdell\u0151, 1875 : ref. lelk\u00e9sz. \u2013 Feles\u00e9ge: Erd\u0151s Eszter. \u2013 A csal\u00e1d utols\u00f3 tagjak\u00e9nt szolg\u00e1lt Ol\u00e1hdell\u0151ben hal\u00e1l\u00e1ig., a r\u00e9gi kis ref. templomban. <br \/><strong>Irod.:<\/strong> Ol\u00e1hdell\u0151<\/br><\/p>\n","protected":false},"excerpt":{"rendered":"<p>? \u2020 Ol\u00e1hdell\u0151, 1875 : ref. lelk\u00e9sz. \u2013 Feles\u00e9ge: Erd\u0151s Eszter. \u2013 A csal\u00e1d utols\u00f3 tagjak\u00e9nt szolg\u00e1lt Ol\u00e1hdell\u0151ben hal\u00e1l\u00e1ig., a r\u00e9gi kis ref. templomban. Irod.: Ol\u00e1hdell\u0151<\/p>\n","protected":false},"featured_media":0,"comment_status":"open","ping_status":"closed","template":"","meta":[],"product_brand":[],"product_cat":[137],"product_tag":[],"class_list":{"0":"post-1678","1":"product","2":"type-product","3":"status-publish","5":"product_cat-maros-megyei-eletrajzi-lexikon","7":"first","8":"instock","9":"shipping-taxable","10":"product-type-simple"},"_links":{"self":[{"href":"https:\/\/uj.adatbank.ro\/lexikon\/wp-json\/wp\/v2\/product\/1678","targetHints":{"allow":["GET"]}}],"collection":[{"href":"https:\/\/uj.adatbank.ro\/lexikon\/wp-json\/wp\/v2\/product"}],"about":[{"href":"https:\/\/uj.adatbank.ro\/lexikon\/wp-json\/wp\/v2\/types\/product"}],"replies":[{"embeddable":true,"href":"https:\/\/uj.adatbank.ro\/lexikon\/wp-json\/wp\/v2\/comments?post=1678"}],"wp:attachment":[{"href":"https:\/\/uj.adatbank.ro\/lexikon\/wp-json\/wp\/v2\/media?parent=1678"}],"wp:term":[{"taxonomy":"product_brand","embeddable":true,"href":"https:\/\/uj.adatbank.ro\/lexikon\/wp-json\/wp\/v2\/product_brand?post=1678"},{"taxonomy":"product_cat","embeddable":true,"href":"https:\/\/uj.adatbank.ro\/lexikon\/wp-json\/wp\/v2\/product_cat?post=1678"},{"taxonomy":"product_tag","embeddable":true,"href":"https:\/\/uj.adatbank.ro\/lexikon\/wp-json\/wp\/v2\/product_tag?post=1678"}],"curies":[{"name":"wp","href":"https:\/\/api.w.org\/{rel}","templated":true}]}}