{"id":1679,"date":"2025-06-28T11:49:47","date_gmt":"2025-06-28T09:49:47","guid":{"rendered":"https:\/\/uj.adatbank.ro\/lexikon\/termek\/ajtai-karoly-ajtay-karoly\/"},"modified":"2025-06-28T11:49:47","modified_gmt":"2025-06-28T09:49:47","slug":"ajtai-karoly-ajtay-karoly","status":"publish","type":"product","link":"https:\/\/uj.adatbank.ro\/lexikon\/termek\/ajtai-karoly-ajtay-karoly\/","title":{"rendered":"AJTAI K\u00e1roly, Ajtay K\u00e1roly"},"content":{"rendered":"<p>Mv., 1840, \u2020 Arad, 1884.: sz\u00edn\u00e9sz. \u2013 Feles\u00e9ge: Winkler Ter\u00e9z (Szabadka, 1854. szept. 21.\u2013Arad, 1925. j\u00fan. 8.) sz\u00edn\u00e9szn\u0151. \u2013 Iskol\u00e1it Mv.-en v\u00e9gezte. P. Nagy Mih\u00e1lyn\u00e1l lett sz\u00edn\u00e9sz (1859\u201370-es \u00e9vek). Hosszabb id\u0151t t\u00f6lt\u00f6tt Mosonyi K\u00e1roly t\u00e1rsulat\u00e1n\u00e1l. Bonviv\u00e1n \u00e9s komikus szerepk\u00f6rt t\u00f6lt\u00f6tt be (Szegeden, Gy\u00f6rben, Eperjesen). Az aradi sz\u00ednh\u00e1z gondnokak\u00e9nt fejezte be \u00e9let\u00e9t. <br \/><strong>Irod.:<\/strong> MSZL; Piroska; Sch\u00f6pflin<\/br><\/p>\n","protected":false},"excerpt":{"rendered":"<p>Mv., 1840, \u2020 Arad, 1884.: sz\u00edn\u00e9sz. \u2013 Feles\u00e9ge: Winkler Ter\u00e9z (Szabadka, 1854. szept. 21.\u2013Arad, 1925. j\u00fan. 8.) sz\u00edn\u00e9szn\u0151. \u2013 Iskol\u00e1it Mv.-en v\u00e9gezte. P. Nagy Mih\u00e1lyn\u00e1l lett sz\u00edn\u00e9sz (1859\u201370-es \u00e9vek). Hosszabb id\u0151t t\u00f6lt\u00f6tt Mosonyi K\u00e1roly t\u00e1rsulat\u00e1n\u00e1l. Bonviv\u00e1n \u00e9s komikus szerepk\u00f6rt t\u00f6lt\u00f6tt be (Szegeden, Gy\u00f6rben, Eperjesen). Az aradi sz\u00ednh\u00e1z gondnokak\u00e9nt fejezte be \u00e9let\u00e9t. Irod.: MSZL; Piroska; Sch\u00f6pflin<\/p>\n","protected":false},"featured_media":0,"comment_status":"open","ping_status":"closed","template":"","meta":[],"product_brand":[],"product_cat":[137],"product_tag":[],"class_list":{"0":"post-1679","1":"product","2":"type-product","3":"status-publish","5":"product_cat-maros-megyei-eletrajzi-lexikon","7":"first","8":"instock","9":"shipping-taxable","10":"product-type-simple"},"_links":{"self":[{"href":"https:\/\/uj.adatbank.ro\/lexikon\/wp-json\/wp\/v2\/product\/1679","targetHints":{"allow":["GET"]}}],"collection":[{"href":"https:\/\/uj.adatbank.ro\/lexikon\/wp-json\/wp\/v2\/product"}],"about":[{"href":"https:\/\/uj.adatbank.ro\/lexikon\/wp-json\/wp\/v2\/types\/product"}],"replies":[{"embeddable":true,"href":"https:\/\/uj.adatbank.ro\/lexikon\/wp-json\/wp\/v2\/comments?post=1679"}],"wp:attachment":[{"href":"https:\/\/uj.adatbank.ro\/lexikon\/wp-json\/wp\/v2\/media?parent=1679"}],"wp:term":[{"taxonomy":"product_brand","embeddable":true,"href":"https:\/\/uj.adatbank.ro\/lexikon\/wp-json\/wp\/v2\/product_brand?post=1679"},{"taxonomy":"product_cat","embeddable":true,"href":"https:\/\/uj.adatbank.ro\/lexikon\/wp-json\/wp\/v2\/product_cat?post=1679"},{"taxonomy":"product_tag","embeddable":true,"href":"https:\/\/uj.adatbank.ro\/lexikon\/wp-json\/wp\/v2\/product_tag?post=1679"}],"curies":[{"name":"wp","href":"https:\/\/api.w.org\/{rel}","templated":true}]}}